{"id":51007,"date":"2017-05-21T10:32:03","date_gmt":"2017-05-21T08:32:03","guid":{"rendered":"https:\/\/www.shavei.org\/?page_id=51007\/"},"modified":"2017-05-21T10:44:12","modified_gmt":"2017-05-21T08:44:12","slug":"ayude-a-los-bnei-menashe-a-establecer-su-casa-en-israel","status":"publish","type":"page","link":"https:\/\/www.shavei.org\/es\/ayude-a-los-bnei-menashe-a-establecer-su-casa-en-israel\/","title":{"rendered":"Ayude a los Bnei Menash\u00e9 a establecer su casa en Israel"},"content":{"rendered":"<p><iframe loading=\"lazy\" title=\"Bnei Menashe Operation 2017\" width=\"1060\" height=\"596\" src=\"https:\/\/www.youtube.com\/embed\/D42sHSxizM8?feature=oembed\" frameborder=\"0\" allow=\"accelerometer; autoplay; encrypted-media; gyroscope; picture-in-picture\" allowfullscreen><\/iframe><\/p>\n<p>&nbsp;<\/p>\n<p style=\"text-align: center;\"><strong>APOYE A ESTA CAUSA Y HAGA LA DIFERENCIA<\/strong><\/p>\n<p><a href=\"https:\/\/www.shavei.org\/es\/support-us\/\"><img decoding=\"async\" class=\"aligncenter wp-image-51008 size-full\" src=\"https:\/\/www.shavei.org\/wp-content\/uploads\/2017\/05\/\u05dc\u05db\u05d9\u05d3\u05d4.jpg\" alt=\"\" width=\"438\" height=\"97\" srcset=\"https:\/\/www.shavei.org\/wp-content\/uploads\/2017\/05\/\u05dc\u05db\u05d9\u05d3\u05d4.jpg 438w, https:\/\/www.shavei.org\/wp-content\/uploads\/2017\/05\/\u05dc\u05db\u05d9\u05d3\u05d4-300x66.jpg 300w\" sizes=\"(max-width: 438px) 100vw, 438px\" \/><\/a><\/p>\n<p>&nbsp;<\/p>\n<p><strong>En febrero de 2017, Shavei Israel trajo a 102 Bnei Menash\u00e9 en ali\u00e1, de la zona de Mizoram en la India. Dejaron casi todo lo que ten\u00edan y todo lo que sab\u00edan para llegar a casa.<\/strong><\/p>\n<p><strong> \u00a1Ayud\u00e9mosle a tener un buen comienzo!<\/strong><br \/>\n______________________<\/p>\n<p>Menos de un mes despu\u00e9s de su cumplea\u00f1os n\u00famero 50, Lyon Fanai, uno de los 102, cumpli\u00f3 un sue\u00f1o que hab\u00eda estado esperando desde que tiene memoria. Despu\u00e9s de un arduo viaje a trav\u00e9s de m\u00faltiples zonas horarias y abarcando m\u00e1s de dos milenios, Fanai, su hermosa familia y el resto de los olim cumplieron ese sue\u00f1o: llegaron seguros y felices a Israel.<\/p>\n<p>Menachem Menash\u00e9, que hizo ali\u00e1 en 2006, se reuni\u00f3 finalmente con su hermana, su marido y sus seis sobrinos y sobrinas, a quienes no hab\u00eda visto en m\u00e1s de una d\u00e9cada.<\/p>\n<p>Un joven llamado Ariel, estaba radiante de alegr\u00eda al ver a su prometida, qui\u00e9n lleg\u00f3 con su familia. No se hab\u00edan mirado a los ojos durante m\u00e1s de siete a\u00f1os. Finalmente son capaces de iniciar un hogar jud\u00edo juntos aqu\u00ed en el estado jud\u00edo.<\/p>\n<p><img decoding=\"async\" class=\"aligncenter size-full wp-image-51016\" src=\"https:\/\/www.shavei.org\/wp-content\/uploads\/2017\/05\/32753998633_6545c8393d_k-1-1.jpg\" alt=\"\" width=\"2048\" height=\"1228\" srcset=\"https:\/\/www.shavei.org\/wp-content\/uploads\/2017\/05\/32753998633_6545c8393d_k-1-1.jpg 2048w, https:\/\/www.shavei.org\/wp-content\/uploads\/2017\/05\/32753998633_6545c8393d_k-1-1-300x180.jpg 300w, https:\/\/www.shavei.org\/wp-content\/uploads\/2017\/05\/32753998633_6545c8393d_k-1-1-1024x614.jpg 1024w, https:\/\/www.shavei.org\/wp-content\/uploads\/2017\/05\/32753998633_6545c8393d_k-1-1-700x420.jpg 700w\" sizes=\"(max-width: 2048px) 100vw, 2048px\" \/><\/p>\n<h2><a href=\"https:\/\/www.shavei.org\/es\/support-us\/\"><span style=\"color: #0000ff;\">DONE AHORA<\/span><\/a><br \/>\n____________<\/h2>\n<p>Los Bnei Menash\u00e9 son descendientes de la tribu de Manas\u00e9s, una de las Diez Tribus Perdidas exiliadas de la Tierra de Israel hace m\u00e1s de 2.700 a\u00f1os por el Imperio Asirio. A pesar de haber sido quitados del pueblo jud\u00edo durante tanto tiempo, los Bnei Menash\u00e9 continuaron preservando los caminos de sus antepasados, observando shabat, manteniendo kashrut, adhiri\u00e9ndose a las leyes de pureza familiar e indudablemente discutiendo mucho entre s\u00ed. Pero nunca olvidaron de d\u00f3nde vinieron, ni renunciaron a su determinaci\u00f3n de volver.<\/p>\n<p>Lyon Fanai estudi\u00f3 Ciencias Pol\u00edticas y Dise\u00f1o Gr\u00e1fico en una universidad india, fue un exitoso empresario y abri\u00f3 una firma independiente de dise\u00f1o y dise\u00f1o asistido por computadoras en su ciudad natal de Aizawl, la exuberante capital de Mizoram. Lo hizo despu\u00e9s de que fuera demasiado dif\u00edcil observar el Shabat y las festividades jud\u00edas en su anterior empleo.<\/p>\n<p>Cuando un periodista le pregunt\u00f3 por qu\u00e9 estaba haciendo ali\u00e1, Fanai respondi\u00f3 con seriedad: \u00abEs una mitzv\u00e1. Es la obligaci\u00f3n de cada jud\u00edo vivir en Israel, as\u00ed que vengo a cumplir mi obligaci\u00f3n\u00bb.<\/p>\n<p>Los Bnei Menash\u00e9 son sionistas comprometidos y jud\u00edos observantes. Trabajan duro, apoy\u00e1ndose orgullosamente a s\u00ed mismos y a sus familias, los hombres m\u00e1s j\u00f3venes sirven en las FDI y las mujeres prestan servicio nacional. Nos fortalecen cuantitativa y cualitativamente, espiritual y demogr\u00e1ficamente. <strong>Ahora mismo, necesitamos fortalecerlos y apoyarlos.<\/strong><\/p>\n<p>Shavei Israel facilit\u00f3 sus vuelos, su alojamiento, comida y clases de hebreo una vez que llegaron a nuestro centro de absorci\u00f3n en Kfar Jasidim. Seguimos asegurando su educaci\u00f3n y estableceremos programas despu\u00e9s de la escuela para que sus hijos garanticen que su integraci\u00f3n en la vida israel\u00ed sea suave y exitosa. Llevamos a cabo programas de capacitaci\u00f3n laboral y hemos colocado a los hombres y mujeres de Bnei Menash\u00e9 en posiciones significativas y bien pagas.<\/p>\n<p>Ahora estamos a punto de ayudar a estos 102 Bnei Menash\u00e9 a establecerse en sus nuevos hogares en el Alta Nazaret en Galilea. Se han recaudado fondos para cubrir todos los costos hasta ahora. <strong>Necesitamos s\u00f3lo $ 36,000 para suministrar a las casas de Bnei Menash\u00e9 los electrodom\u00e9sticos b\u00e1sicos y el mobiliario para sus hogares.<\/strong><\/p>\n<p style=\"text-align: center;\"><strong>Por favor d\u00e9 generosamente. Los trajimos a casa; Ahora vamos a hacer su hogar.<\/strong><\/p>\n<p><img decoding=\"async\" class=\"aligncenter size-full wp-image-51024\" src=\"https:\/\/www.shavei.org\/wp-content\/uploads\/2017\/05\/IMG_3497-e1494797675804-1.jpg\" alt=\"\" width=\"600\" height=\"425\" srcset=\"https:\/\/www.shavei.org\/wp-content\/uploads\/2017\/05\/IMG_3497-e1494797675804-1.jpg 600w, https:\/\/www.shavei.org\/wp-content\/uploads\/2017\/05\/IMG_3497-e1494797675804-1-300x213.jpg 300w\" sizes=\"(max-width: 600px) 100vw, 600px\" \/><\/p>\n<p>&nbsp;<\/p>\n<h1 style=\"text-align: center;\">Apoye esta causa y haga la diferencia<\/h1>\n<p><a href=\"https:\/\/www.shavei.org\/es\/support-us\/\"><img decoding=\"async\" class=\"aligncenter wp-image-51008 size-full\" src=\"https:\/\/www.shavei.org\/wp-content\/uploads\/2017\/05\/\u05dc\u05db\u05d9\u05d3\u05d4.jpg\" alt=\"\" width=\"438\" height=\"97\" srcset=\"https:\/\/www.shavei.org\/wp-content\/uploads\/2017\/05\/\u05dc\u05db\u05d9\u05d3\u05d4.jpg 438w, https:\/\/www.shavei.org\/wp-content\/uploads\/2017\/05\/\u05dc\u05db\u05d9\u05d3\u05d4-300x66.jpg 300w\" sizes=\"(max-width: 438px) 100vw, 438px\" \/><\/a><\/p>\n","protected":false},"excerpt":{"rendered":"<p>&nbsp; APOYE A ESTA CAUSA Y HAGA LA DIFERENCIA &nbsp; En febrero de 2017, Shavei Israel trajo a 102 Bnei Menash\u00e9 en ali\u00e1, de la zona de Mizoram en la India. Dejaron casi todo lo que ten\u00edan y todo lo que sab\u00edan para llegar a&#8230;<\/p>\n","protected":false},"author":6,"featured_media":51016,"parent":0,"menu_order":0,"comment_status":"closed","ping_status":"closed","template":"","meta":{"give_campaign_id":0,"_exactmetrics_skip_tracking":false,"_exactmetrics_sitenote_active":false,"_exactmetrics_sitenote_note":"","_exactmetrics_sitenote_category":0,"ngg_post_thumbnail":0,"footnotes":""},"class_list":["post-51007","page","type-page","status-publish","has-post-thumbnail","hentry"],"yoast_head":"<!-- This site is optimized with the Yoast SEO plugin v27.1.1 - https:\/\/yoast.com\/product\/yoast-seo-wordpress\/ -->\n<title>Ayude a los Bnei Menash\u00e9 a establecer su casa en Israel - Shavei Israel<\/title>\n<meta name=\"robots\" content=\"index, follow, max-snippet:-1, max-image-preview:large, max-video-preview:-1\" \/>\n<link rel=\"canonical\" href=\"https:\/\/www.shavei.org\/es\/ayude-a-los-bnei-menashe-a-establecer-su-casa-en-israel\/\" \/>\n<meta property=\"og:locale\" content=\"es_ES\" \/>\n<meta property=\"og:type\" content=\"article\" \/>\n<meta property=\"og:title\" content=\"Ayude a los Bnei Menash\u00e9 a establecer su casa en Israel - Shavei Israel\" \/>\n<meta property=\"og:description\" content=\"&nbsp; APOYE A ESTA CAUSA Y HAGA LA DIFERENCIA &nbsp; En febrero de 2017, Shavei Israel trajo a 102 Bnei Menash\u00e9 en ali\u00e1, de la zona de Mizoram en la India. Dejaron casi todo lo que ten\u00edan y todo lo que sab\u00edan para llegar a...\" \/>\n<meta property=\"og:url\" content=\"https:\/\/www.shavei.org\/es\/ayude-a-los-bnei-menashe-a-establecer-su-casa-en-israel\/\" \/>\n<meta property=\"og:site_name\" content=\"Shavei Israel\" \/>\n<meta property=\"article:modified_time\" content=\"2017-05-21T08:44:12+00:00\" \/>\n<meta property=\"og:image\" content=\"https:\/\/www.shavei.org\/wp-content\/uploads\/2017\/05\/32753998633_6545c8393d_k-1-1.jpg\" \/>\n\t<meta property=\"og:image:width\" content=\"2048\" \/>\n\t<meta property=\"og:image:height\" content=\"1228\" \/>\n\t<meta property=\"og:image:type\" content=\"image\/jpeg\" \/>\n<meta name=\"twitter:card\" content=\"summary_large_image\" \/>\n<meta name=\"twitter:label1\" content=\"Tiempo de lectura\" \/>\n\t<meta name=\"twitter:data1\" content=\"3 minutos\" \/>\n<script type=\"application\/ld+json\" class=\"yoast-schema-graph\">{\"@context\":\"https:\/\/schema.org\",\"@graph\":[{\"@type\":\"WebPage\",\"@id\":\"https:\/\/www.shavei.org\/es\/ayude-a-los-bnei-menashe-a-establecer-su-casa-en-israel\/\",\"url\":\"https:\/\/www.shavei.org\/es\/ayude-a-los-bnei-menashe-a-establecer-su-casa-en-israel\/\",\"name\":\"Ayude a los Bnei Menash\u00e9 a establecer su casa en Israel - Shavei Israel\",\"isPartOf\":{\"@id\":\"https:\/\/www.shavei.org\/#website\"},\"primaryImageOfPage\":{\"@id\":\"https:\/\/www.shavei.org\/es\/ayude-a-los-bnei-menashe-a-establecer-su-casa-en-israel\/#primaryimage\"},\"image\":{\"@id\":\"https:\/\/www.shavei.org\/es\/ayude-a-los-bnei-menashe-a-establecer-su-casa-en-israel\/#primaryimage\"},\"thumbnailUrl\":\"https:\/\/www.shavei.org\/wp-content\/uploads\/2017\/05\/32753998633_6545c8393d_k-1-1.jpg\",\"datePublished\":\"2017-05-21T08:32:03+00:00\",\"dateModified\":\"2017-05-21T08:44:12+00:00\",\"breadcrumb\":{\"@id\":\"https:\/\/www.shavei.org\/es\/ayude-a-los-bnei-menashe-a-establecer-su-casa-en-israel\/#breadcrumb\"},\"inLanguage\":\"es\",\"potentialAction\":[{\"@type\":\"ReadAction\",\"target\":[\"https:\/\/www.shavei.org\/es\/ayude-a-los-bnei-menashe-a-establecer-su-casa-en-israel\/\"]}]},{\"@type\":\"ImageObject\",\"inLanguage\":\"es\",\"@id\":\"https:\/\/www.shavei.org\/es\/ayude-a-los-bnei-menashe-a-establecer-su-casa-en-israel\/#primaryimage\",\"url\":\"https:\/\/www.shavei.org\/wp-content\/uploads\/2017\/05\/32753998633_6545c8393d_k-1-1.jpg\",\"contentUrl\":\"https:\/\/www.shavei.org\/wp-content\/uploads\/2017\/05\/32753998633_6545c8393d_k-1-1.jpg\",\"width\":2048,\"height\":1228},{\"@type\":\"BreadcrumbList\",\"@id\":\"https:\/\/www.shavei.org\/es\/ayude-a-los-bnei-menashe-a-establecer-su-casa-en-israel\/#breadcrumb\",\"itemListElement\":[{\"@type\":\"ListItem\",\"position\":1,\"name\":\"Home\",\"item\":\"https:\/\/www.shavei.org\/es\/\"},{\"@type\":\"ListItem\",\"position\":2,\"name\":\"Ayude a los Bnei Menash\u00e9 a establecer su casa en Israel\"}]},{\"@type\":\"WebSite\",\"@id\":\"https:\/\/www.shavei.org\/#website\",\"url\":\"https:\/\/www.shavei.org\/\",\"name\":\"Shavei Israel\",\"description\":\"One nation, many faces. We help them all return.\",\"publisher\":{\"@id\":\"https:\/\/www.shavei.org\/#organization\"},\"potentialAction\":[{\"@type\":\"SearchAction\",\"target\":{\"@type\":\"EntryPoint\",\"urlTemplate\":\"https:\/\/www.shavei.org\/?s={search_term_string}\"},\"query-input\":{\"@type\":\"PropertyValueSpecification\",\"valueRequired\":true,\"valueName\":\"search_term_string\"}}],\"inLanguage\":\"es\"},{\"@type\":\"Organization\",\"@id\":\"https:\/\/www.shavei.org\/#organization\",\"name\":\"Shavei Israel\",\"url\":\"https:\/\/www.shavei.org\/\",\"logo\":{\"@type\":\"ImageObject\",\"inLanguage\":\"es\",\"@id\":\"https:\/\/www.shavei.org\/#\/schema\/logo\/image\/\",\"url\":\"https:\/\/www.shavei.org\/wp-content\/uploads\/2017\/10\/shavei-logo.jpg\",\"contentUrl\":\"https:\/\/www.shavei.org\/wp-content\/uploads\/2017\/10\/shavei-logo.jpg\",\"width\":300,\"height\":285,\"caption\":\"Shavei Israel\"},\"image\":{\"@id\":\"https:\/\/www.shavei.org\/#\/schema\/logo\/image\/\"}}]}<\/script>\n<!-- \/ Yoast SEO plugin. -->","yoast_head_json":{"title":"Ayude a los Bnei Menash\u00e9 a establecer su casa en Israel - Shavei Israel","robots":{"index":"index","follow":"follow","max-snippet":"max-snippet:-1","max-image-preview":"max-image-preview:large","max-video-preview":"max-video-preview:-1"},"canonical":"https:\/\/www.shavei.org\/es\/ayude-a-los-bnei-menashe-a-establecer-su-casa-en-israel\/","og_locale":"es_ES","og_type":"article","og_title":"Ayude a los Bnei Menash\u00e9 a establecer su casa en Israel - Shavei Israel","og_description":"&nbsp; APOYE A ESTA CAUSA Y HAGA LA DIFERENCIA &nbsp; En febrero de 2017, Shavei Israel trajo a 102 Bnei Menash\u00e9 en ali\u00e1, de la zona de Mizoram en la India. Dejaron casi todo lo que ten\u00edan y todo lo que sab\u00edan para llegar a...","og_url":"https:\/\/www.shavei.org\/es\/ayude-a-los-bnei-menashe-a-establecer-su-casa-en-israel\/","og_site_name":"Shavei Israel","article_modified_time":"2017-05-21T08:44:12+00:00","og_image":[{"width":2048,"height":1228,"url":"https:\/\/www.shavei.org\/wp-content\/uploads\/2017\/05\/32753998633_6545c8393d_k-1-1.jpg","type":"image\/jpeg"}],"twitter_card":"summary_large_image","twitter_misc":{"Tiempo de lectura":"3 minutos"},"schema":{"@context":"https:\/\/schema.org","@graph":[{"@type":"WebPage","@id":"https:\/\/www.shavei.org\/es\/ayude-a-los-bnei-menashe-a-establecer-su-casa-en-israel\/","url":"https:\/\/www.shavei.org\/es\/ayude-a-los-bnei-menashe-a-establecer-su-casa-en-israel\/","name":"Ayude a los Bnei Menash\u00e9 a establecer su casa en Israel - Shavei Israel","isPartOf":{"@id":"https:\/\/www.shavei.org\/#website"},"primaryImageOfPage":{"@id":"https:\/\/www.shavei.org\/es\/ayude-a-los-bnei-menashe-a-establecer-su-casa-en-israel\/#primaryimage"},"image":{"@id":"https:\/\/www.shavei.org\/es\/ayude-a-los-bnei-menashe-a-establecer-su-casa-en-israel\/#primaryimage"},"thumbnailUrl":"https:\/\/www.shavei.org\/wp-content\/uploads\/2017\/05\/32753998633_6545c8393d_k-1-1.jpg","datePublished":"2017-05-21T08:32:03+00:00","dateModified":"2017-05-21T08:44:12+00:00","breadcrumb":{"@id":"https:\/\/www.shavei.org\/es\/ayude-a-los-bnei-menashe-a-establecer-su-casa-en-israel\/#breadcrumb"},"inLanguage":"es","potentialAction":[{"@type":"ReadAction","target":["https:\/\/www.shavei.org\/es\/ayude-a-los-bnei-menashe-a-establecer-su-casa-en-israel\/"]}]},{"@type":"ImageObject","inLanguage":"es","@id":"https:\/\/www.shavei.org\/es\/ayude-a-los-bnei-menashe-a-establecer-su-casa-en-israel\/#primaryimage","url":"https:\/\/www.shavei.org\/wp-content\/uploads\/2017\/05\/32753998633_6545c8393d_k-1-1.jpg","contentUrl":"https:\/\/www.shavei.org\/wp-content\/uploads\/2017\/05\/32753998633_6545c8393d_k-1-1.jpg","width":2048,"height":1228},{"@type":"BreadcrumbList","@id":"https:\/\/www.shavei.org\/es\/ayude-a-los-bnei-menashe-a-establecer-su-casa-en-israel\/#breadcrumb","itemListElement":[{"@type":"ListItem","position":1,"name":"Home","item":"https:\/\/www.shavei.org\/es\/"},{"@type":"ListItem","position":2,"name":"Ayude a los Bnei Menash\u00e9 a establecer su casa en Israel"}]},{"@type":"WebSite","@id":"https:\/\/www.shavei.org\/#website","url":"https:\/\/www.shavei.org\/","name":"Shavei Israel","description":"One nation, many faces. We help them all return.","publisher":{"@id":"https:\/\/www.shavei.org\/#organization"},"potentialAction":[{"@type":"SearchAction","target":{"@type":"EntryPoint","urlTemplate":"https:\/\/www.shavei.org\/?s={search_term_string}"},"query-input":{"@type":"PropertyValueSpecification","valueRequired":true,"valueName":"search_term_string"}}],"inLanguage":"es"},{"@type":"Organization","@id":"https:\/\/www.shavei.org\/#organization","name":"Shavei Israel","url":"https:\/\/www.shavei.org\/","logo":{"@type":"ImageObject","inLanguage":"es","@id":"https:\/\/www.shavei.org\/#\/schema\/logo\/image\/","url":"https:\/\/www.shavei.org\/wp-content\/uploads\/2017\/10\/shavei-logo.jpg","contentUrl":"https:\/\/www.shavei.org\/wp-content\/uploads\/2017\/10\/shavei-logo.jpg","width":300,"height":285,"caption":"Shavei Israel"},"image":{"@id":"https:\/\/www.shavei.org\/#\/schema\/logo\/image\/"}}]}},"campaignId":"","_links":{"self":[{"href":"https:\/\/www.shavei.org\/es\/wp-json\/wp\/v2\/pages\/51007","targetHints":{"allow":["GET"]}}],"collection":[{"href":"https:\/\/www.shavei.org\/es\/wp-json\/wp\/v2\/pages"}],"about":[{"href":"https:\/\/www.shavei.org\/es\/wp-json\/wp\/v2\/types\/page"}],"author":[{"embeddable":true,"href":"https:\/\/www.shavei.org\/es\/wp-json\/wp\/v2\/users\/6"}],"replies":[{"embeddable":true,"href":"https:\/\/www.shavei.org\/es\/wp-json\/wp\/v2\/comments?post=51007"}],"version-history":[{"count":4,"href":"https:\/\/www.shavei.org\/es\/wp-json\/wp\/v2\/pages\/51007\/revisions"}],"predecessor-version":[{"id":51035,"href":"https:\/\/www.shavei.org\/es\/wp-json\/wp\/v2\/pages\/51007\/revisions\/51035"}],"wp:featuredmedia":[{"embeddable":true,"href":"https:\/\/www.shavei.org\/es\/wp-json\/wp\/v2\/media\/51016"}],"wp:attachment":[{"href":"https:\/\/www.shavei.org\/es\/wp-json\/wp\/v2\/media?parent=51007"}],"curies":[{"name":"wp","href":"https:\/\/api.w.org\/{rel}","templated":true}]}}