{"id":49769,"date":"2017-05-08T11:46:22","date_gmt":"2017-05-08T09:46:22","guid":{"rendered":"https:\/\/www.shavei.org\/?page_id=49769\/"},"modified":"2017-05-08T11:46:22","modified_gmt":"2017-05-08T09:46:22","slug":"curso-shabat","status":"publish","type":"page","link":"https:\/\/www.shavei.org\/es\/curso-shabat\/","title":{"rendered":"Curso shabat"},"content":{"rendered":"<div class=\"wpb-content-wrapper\"><p>[vc_row row_type=\u00bbrow\u00bb type=\u00bbgrid\u00bb text_align=\u00bbleft\u00bb padding_top=\u00bb0&#8243; padding_bottom=\u00bb0&#8243; background_color=\u00bb#ffffff\u00bb][vc_column width=\u00bb1\/1&#8243;][vc_column_text]<\/p>\n<h2 style=\"text-align: center;\">\u00a1Nuevo curso sobre shabat!<\/h2>\n<p>[\/vc_column_text][vc_separator type=\u00bbsmall\u00bb position=\u00bbcenter\u00bb down=\u00bb30&#8243; up=\u00bb7&#8243;][\/vc_column][\/vc_row]<\/p>\n<p>[vc_row row_type=\u00bbrow\u00bb use_row_as_full_screen_section=\u00bbno\u00bb type=\u00bbgrid\u00bb angled_section=\u00bbno\u00bb text_align=\u00bbleft\u00bb background_image_as_pattern=\u00bbwithout_pattern\u00bb background_color=\u00bb#ffffff\u00bb padding_top=\u00bb34&#8243; padding_bottom=\u00bb14&#8243; css_animation=\u00bb\u00bb][vc_column width=\u00bb1\/1&#8243;][vc_row_inner]<\/p>\n<p>[vc_column_inner width=\u00bb1\/2&#8243;][vc_column_text text_align=\u00bbleft\u00bb][vc_single_image image=\u00bb50373&#8243; img_link_target=\u00bb_self\u00bb img_size=\u00bbfull\u00bb][\/vc_column_text][vc_separator type=\u00bbtransparent\u00bb position=\u00bbcenter\u00bb up=\u00bb25&#8243; down=\u00bb0&#8243;]<br \/>\n[vc_column_text]Nos complace invitarlos al nuevo curso gratuito, sobre el significado y las leyes de shabat. En el curso abarcaremos todo lo que siempre quizo saber sobre este d\u00eda central para el pueblo jud\u00edo.<br \/>\n[vc_separator type=\u00bbtransparent\u00bb position=\u00bbcenter\u00bb up=\u00bb4&#8243; down=\u00bb0&#8243;]<br \/>\nLas clases tendr\u00e1n lugar todos los mi\u00e9rcoles a las 23:30 hs horario israel\u00ed.[\/vc_column_text][vc_separator type=\u00bbtransparent\u00bb position=\u00bbcenter\u00bb up=\u00bb25&#8243; down=\u00bb0&#8243;]<br \/>\n[\/vc_column_inner]<\/p>\n<p>[vc_column_inner width=\u00bb1\/2&#8243;][vc_column_text]<!-- Begin MailChimp Signup Form -->\n<link href=\"\/\/cdn-images.mailchimp.com\/embedcode\/classic-10_7.css\" rel=\"stylesheet\" type=\"text\/css\">\n<style type=\"text\/css\">\n\t#mc_embed_signup{background:#fff; clear:left; font:14px Helvetica,Arial,sans-serif; }\n\t\/* Add your own MailChimp form style overrides in your site stylesheet or in this style block.\n\t   We recommend moving this block and the preceding CSS link to the HEAD of your HTML file. *\/\n<\/style>\n<div id=\"mc_embed_signup\">\n<form action=\"\/\/shavei.us10.list-manage.com\/subscribe\/post?u=dc5c3f8bd5e975d3f7973c2d8&amp;id=83aa54e85d\" method=\"post\" id=\"mc-embedded-subscribe-form\" name=\"mc-embedded-subscribe-form\" class=\"validate\" target=\"_blank\" novalidate>\n<div id=\"mc_embed_signup_scroll\">\n<h2>Para suscribirse al curso ingrese sus datos aqu\u00ed<\/h2>\n<div class=\"indicates required\"><span class=\"asterisk\">*<\/span> campo requerido<\/div>\n<div class=\"mc-field-group\">\n\t<label for=\"mce-EMAIL\">Email  <span class=\"asterisk\">*<\/span><br \/>\n<\/label><br \/>\n\t<input type=\"email\" value=\"\" name=\"EMAIL\" class=\"required email\" id=\"mce-EMAIL\">\n<\/div>\n<div class=\"mc-field-group\">\n\t<label for=\"mce-FNAME\">Nombre <\/label><br \/>\n\t<input type=\"text\" value=\"\" name=\"FNAME\" class=\"\" id=\"mce-FNAME\">\n<\/div>\n<div class=\"mc-field-group\">\n\t<label for=\"mce-LNAME\">Apellido <\/label><br \/>\n\t<input type=\"text\" value=\"\" name=\"LNAME\" class=\"\" id=\"mce-LNAME\">\n<\/div>\n<div id=\"mce-responses\" class=\"clear\">\n<div class=\"response\" id=\"mce-error-response\" style=\"display:none\"><\/div>\n<div class=\"response\" id=\"mce-success-response\" style=\"display:none\"><\/div><\/div>\n<p>    <!-- real people should not fill this in and expect good things - do not remove this or risk form bot signups--><\/p>\n<div style=\"position: absolute; left: -5000px;\" aria-hidden=\"true\"><input type=\"text\" name=\"b_dc5c3f8bd5e975d3f7973c2d8_83aa54e85d\" tabindex=\"-1\" value=\"\"><\/div>\n<div class=\"clear\"><input type=\"submit\" value=\"Suscr\u00edbame\" name=\"subscribe\" id=\"mc-embedded-subscribe\" class=\"button\"><\/div><\/div>\n<\/form>\n<\/div>\n<p><script type='text\/javascript' src='\/\/s3.amazonaws.com\/downloads.mailchimp.com\/js\/mc-validate.js'><\/script><script type='text\/javascript'>(function($) {window.fnames = new Array(); window.ftypes = new Array();fnames[0]='EMAIL';ftypes[0]='email';fnames[1]='FNAME';ftypes[1]='text';fnames[2]='LNAME';ftypes[2]='text'; \/*\n * Translated default messages for the $ validation plugin.\n * Locale: ES\n *\/\n$.extend($.validator.messages, {\n  required: \"Este campo es obligatorio.\",\n  remote: \"Por favor, rellena este campo.\",\n  email: \"Por favor, escribe una direcci\u00f3n de correo v\u00e1lida\",\n  url: \"Por favor, escribe una URL v\u00e1lida.\",\n  date: \"Por favor, escribe una fecha v\u00e1lida.\",\n  dateISO: \"Por favor, escribe una fecha (ISO) v\u00e1lida.\",\n  number: \"Por favor, escribe un n\u00famero entero v\u00e1lido.\",\n  digits: \"Por favor, escribe s\u00f3lo d\u00edgitos.\",\n  creditcard: \"Por favor, escribe un n\u00famero de tarjeta v\u00e1lido.\",\n  equalTo: \"Por favor, escribe el mismo valor de nuevo.\",\n  accept: \"Por favor, escribe un valor con una extensi\u00f3n aceptada.\",\n  maxlength: $.validator.format(\"Por favor, no escribas m\u00e1s de {0} caracteres.\"),\n  minlength: $.validator.format(\"Por favor, no escribas menos de {0} caracteres.\"),\n  rangelength: $.validator.format(\"Por favor, escribe un valor entre {0} y {1} caracteres.\"),\n  range: $.validator.format(\"Por favor, escribe un valor entre {0} y {1}.\"),\n  max: $.validator.format(\"Por favor, escribe un valor menor o igual a {0}.\"),\n  min: $.validator.format(\"Por favor, escribe un valor mayor o igual a {0}.\")\n});}(jQuery));var $mcj = jQuery.noConflict(true);<\/script><br \/>\n<!--End mc_embed_signup--><br \/>\n[\/vc_column_text][\/vc_column_inner]<\/p>\n<p>[\/vc_row_inner][\/vc_column][\/vc_row]<br \/>\n[vc_separator type=\u00bbtransparent\u00bb position=\u00bbcenter\u00bb up=\u00bb5&#8243; down=\u00bb0&#8243;]<\/p>\n<\/div>","protected":false},"excerpt":{"rendered":"<p>[vc_row row_type=\u00bbrow\u00bb type=\u00bbgrid\u00bb text_align=\u00bbleft\u00bb padding_top=\u00bb0&#8243; padding_bottom=\u00bb0&#8243; background_color=\u00bb#ffffff\u00bb][vc_column width=\u00bb1\/1&#8243;][vc_column_text] \u00a1Nuevo curso sobre shabat! [\/vc_column_text][vc_separator type=\u00bbsmall\u00bb position=\u00bbcenter\u00bb down=\u00bb30&#8243; up=\u00bb7&#8243;][\/vc_column][\/vc_row] [vc_row row_type=\u00bbrow\u00bb use_row_as_full_screen_section=\u00bbno\u00bb type=\u00bbgrid\u00bb angled_section=\u00bbno\u00bb text_align=\u00bbleft\u00bb background_image_as_pattern=\u00bbwithout_pattern\u00bb background_color=\u00bb#ffffff\u00bb padding_top=\u00bb34&#8243; padding_bottom=\u00bb14&#8243; css_animation=\u00bb\u00bb][vc_column width=\u00bb1\/1&#8243;][vc_row_inner] [vc_column_inner width=\u00bb1\/2&#8243;][vc_column_text text_align=\u00bbleft\u00bb][vc_single_image image=\u00bb50373&#8243; img_link_target=\u00bb_self\u00bb img_size=\u00bbfull\u00bb][\/vc_column_text][vc_separator type=\u00bbtransparent\u00bb position=\u00bbcenter\u00bb up=\u00bb25&#8243; down=\u00bb0&#8243;] [vc_column_text]Nos complace invitarlos al nuevo curso&#8230;<\/p>\n","protected":false},"author":6,"featured_media":0,"parent":0,"menu_order":0,"comment_status":"closed","ping_status":"closed","template":"landing_page.php","meta":{"give_campaign_id":0,"_exactmetrics_skip_tracking":false,"_exactmetrics_sitenote_active":false,"_exactmetrics_sitenote_note":"","_exactmetrics_sitenote_category":0,"ngg_post_thumbnail":0,"footnotes":""},"class_list":["post-49769","page","type-page","status-publish","hentry"],"yoast_head":"<!-- This site is optimized with the Yoast SEO plugin v27.1.1 - https:\/\/yoast.com\/product\/yoast-seo-wordpress\/ -->\n<title>Curso shabat - Shavei Israel<\/title>\n<meta name=\"robots\" content=\"index, follow, max-snippet:-1, max-image-preview:large, max-video-preview:-1\" \/>\n<link rel=\"canonical\" href=\"https:\/\/www.shavei.org\/es\/curso-shabat\/\" \/>\n<meta property=\"og:locale\" content=\"es_ES\" \/>\n<meta property=\"og:type\" content=\"article\" \/>\n<meta property=\"og:title\" content=\"Curso shabat - Shavei Israel\" \/>\n<meta property=\"og:description\" content=\"[vc_row row_type=\u00bbrow\u00bb type=\u00bbgrid\u00bb text_align=\u00bbleft\u00bb padding_top=\u00bb0&#8243; padding_bottom=\u00bb0&#8243; background_color=\u00bb#ffffff\u00bb][vc_column width=\u00bb1\/1&#8243;][vc_column_text] \u00a1Nuevo curso sobre shabat! [\/vc_column_text][vc_separator type=\u00bbsmall\u00bb position=\u00bbcenter\u00bb down=\u00bb30&#8243; up=\u00bb7&#8243;][\/vc_column][\/vc_row] [vc_row row_type=\u00bbrow\u00bb use_row_as_full_screen_section=\u00bbno\u00bb type=\u00bbgrid\u00bb angled_section=\u00bbno\u00bb text_align=\u00bbleft\u00bb background_image_as_pattern=\u00bbwithout_pattern\u00bb background_color=\u00bb#ffffff\u00bb padding_top=\u00bb34&#8243; padding_bottom=\u00bb14&#8243; css_animation=\u00bb\u00bb][vc_column width=\u00bb1\/1&#8243;][vc_row_inner] [vc_column_inner width=\u00bb1\/2&#8243;][vc_column_text text_align=\u00bbleft\u00bb][vc_single_image image=\u00bb50373&#8243; img_link_target=\u00bb_self\u00bb img_size=\u00bbfull\u00bb][\/vc_column_text][vc_separator type=\u00bbtransparent\u00bb position=\u00bbcenter\u00bb up=\u00bb25&#8243; down=\u00bb0&#8243;] [vc_column_text]Nos complace invitarlos al nuevo curso...\" \/>\n<meta property=\"og:url\" content=\"https:\/\/www.shavei.org\/es\/curso-shabat\/\" \/>\n<meta property=\"og:site_name\" content=\"Shavei Israel\" \/>\n<meta name=\"twitter:card\" content=\"summary_large_image\" \/>\n<meta name=\"twitter:label1\" content=\"Tiempo de lectura\" \/>\n\t<meta name=\"twitter:data1\" content=\"1 minuto\" \/>\n<script type=\"application\/ld+json\" class=\"yoast-schema-graph\">{\"@context\":\"https:\/\/schema.org\",\"@graph\":[{\"@type\":\"WebPage\",\"@id\":\"https:\/\/www.shavei.org\/es\/curso-shabat\/\",\"url\":\"https:\/\/www.shavei.org\/es\/curso-shabat\/\",\"name\":\"Curso shabat - Shavei Israel\",\"isPartOf\":{\"@id\":\"https:\/\/www.shavei.org\/#website\"},\"datePublished\":\"2017-05-08T09:46:22+00:00\",\"breadcrumb\":{\"@id\":\"https:\/\/www.shavei.org\/es\/curso-shabat\/#breadcrumb\"},\"inLanguage\":\"es\",\"potentialAction\":[{\"@type\":\"ReadAction\",\"target\":[\"https:\/\/www.shavei.org\/es\/curso-shabat\/\"]}]},{\"@type\":\"BreadcrumbList\",\"@id\":\"https:\/\/www.shavei.org\/es\/curso-shabat\/#breadcrumb\",\"itemListElement\":[{\"@type\":\"ListItem\",\"position\":1,\"name\":\"Home\",\"item\":\"https:\/\/www.shavei.org\/es\/\"},{\"@type\":\"ListItem\",\"position\":2,\"name\":\"Curso shabat\"}]},{\"@type\":\"WebSite\",\"@id\":\"https:\/\/www.shavei.org\/#website\",\"url\":\"https:\/\/www.shavei.org\/\",\"name\":\"Shavei Israel\",\"description\":\"One nation, many faces. We help them all return.\",\"publisher\":{\"@id\":\"https:\/\/www.shavei.org\/#organization\"},\"potentialAction\":[{\"@type\":\"SearchAction\",\"target\":{\"@type\":\"EntryPoint\",\"urlTemplate\":\"https:\/\/www.shavei.org\/?s={search_term_string}\"},\"query-input\":{\"@type\":\"PropertyValueSpecification\",\"valueRequired\":true,\"valueName\":\"search_term_string\"}}],\"inLanguage\":\"es\"},{\"@type\":\"Organization\",\"@id\":\"https:\/\/www.shavei.org\/#organization\",\"name\":\"Shavei Israel\",\"url\":\"https:\/\/www.shavei.org\/\",\"logo\":{\"@type\":\"ImageObject\",\"inLanguage\":\"es\",\"@id\":\"https:\/\/www.shavei.org\/#\/schema\/logo\/image\/\",\"url\":\"https:\/\/www.shavei.org\/wp-content\/uploads\/2017\/10\/shavei-logo.jpg\",\"contentUrl\":\"https:\/\/www.shavei.org\/wp-content\/uploads\/2017\/10\/shavei-logo.jpg\",\"width\":300,\"height\":285,\"caption\":\"Shavei Israel\"},\"image\":{\"@id\":\"https:\/\/www.shavei.org\/#\/schema\/logo\/image\/\"}}]}<\/script>\n<!-- \/ Yoast SEO plugin. -->","yoast_head_json":{"title":"Curso shabat - Shavei Israel","robots":{"index":"index","follow":"follow","max-snippet":"max-snippet:-1","max-image-preview":"max-image-preview:large","max-video-preview":"max-video-preview:-1"},"canonical":"https:\/\/www.shavei.org\/es\/curso-shabat\/","og_locale":"es_ES","og_type":"article","og_title":"Curso shabat - Shavei Israel","og_description":"[vc_row row_type=\u00bbrow\u00bb type=\u00bbgrid\u00bb text_align=\u00bbleft\u00bb padding_top=\u00bb0&#8243; padding_bottom=\u00bb0&#8243; background_color=\u00bb#ffffff\u00bb][vc_column width=\u00bb1\/1&#8243;][vc_column_text] \u00a1Nuevo curso sobre shabat! [\/vc_column_text][vc_separator type=\u00bbsmall\u00bb position=\u00bbcenter\u00bb down=\u00bb30&#8243; up=\u00bb7&#8243;][\/vc_column][\/vc_row] [vc_row row_type=\u00bbrow\u00bb use_row_as_full_screen_section=\u00bbno\u00bb type=\u00bbgrid\u00bb angled_section=\u00bbno\u00bb text_align=\u00bbleft\u00bb background_image_as_pattern=\u00bbwithout_pattern\u00bb background_color=\u00bb#ffffff\u00bb padding_top=\u00bb34&#8243; padding_bottom=\u00bb14&#8243; css_animation=\u00bb\u00bb][vc_column width=\u00bb1\/1&#8243;][vc_row_inner] [vc_column_inner width=\u00bb1\/2&#8243;][vc_column_text text_align=\u00bbleft\u00bb][vc_single_image image=\u00bb50373&#8243; img_link_target=\u00bb_self\u00bb img_size=\u00bbfull\u00bb][\/vc_column_text][vc_separator type=\u00bbtransparent\u00bb position=\u00bbcenter\u00bb up=\u00bb25&#8243; down=\u00bb0&#8243;] [vc_column_text]Nos complace invitarlos al nuevo curso...","og_url":"https:\/\/www.shavei.org\/es\/curso-shabat\/","og_site_name":"Shavei Israel","twitter_card":"summary_large_image","twitter_misc":{"Tiempo de lectura":"1 minuto"},"schema":{"@context":"https:\/\/schema.org","@graph":[{"@type":"WebPage","@id":"https:\/\/www.shavei.org\/es\/curso-shabat\/","url":"https:\/\/www.shavei.org\/es\/curso-shabat\/","name":"Curso shabat - Shavei Israel","isPartOf":{"@id":"https:\/\/www.shavei.org\/#website"},"datePublished":"2017-05-08T09:46:22+00:00","breadcrumb":{"@id":"https:\/\/www.shavei.org\/es\/curso-shabat\/#breadcrumb"},"inLanguage":"es","potentialAction":[{"@type":"ReadAction","target":["https:\/\/www.shavei.org\/es\/curso-shabat\/"]}]},{"@type":"BreadcrumbList","@id":"https:\/\/www.shavei.org\/es\/curso-shabat\/#breadcrumb","itemListElement":[{"@type":"ListItem","position":1,"name":"Home","item":"https:\/\/www.shavei.org\/es\/"},{"@type":"ListItem","position":2,"name":"Curso shabat"}]},{"@type":"WebSite","@id":"https:\/\/www.shavei.org\/#website","url":"https:\/\/www.shavei.org\/","name":"Shavei Israel","description":"One nation, many faces. We help them all return.","publisher":{"@id":"https:\/\/www.shavei.org\/#organization"},"potentialAction":[{"@type":"SearchAction","target":{"@type":"EntryPoint","urlTemplate":"https:\/\/www.shavei.org\/?s={search_term_string}"},"query-input":{"@type":"PropertyValueSpecification","valueRequired":true,"valueName":"search_term_string"}}],"inLanguage":"es"},{"@type":"Organization","@id":"https:\/\/www.shavei.org\/#organization","name":"Shavei Israel","url":"https:\/\/www.shavei.org\/","logo":{"@type":"ImageObject","inLanguage":"es","@id":"https:\/\/www.shavei.org\/#\/schema\/logo\/image\/","url":"https:\/\/www.shavei.org\/wp-content\/uploads\/2017\/10\/shavei-logo.jpg","contentUrl":"https:\/\/www.shavei.org\/wp-content\/uploads\/2017\/10\/shavei-logo.jpg","width":300,"height":285,"caption":"Shavei Israel"},"image":{"@id":"https:\/\/www.shavei.org\/#\/schema\/logo\/image\/"}}]}},"campaignId":"","_links":{"self":[{"href":"https:\/\/www.shavei.org\/es\/wp-json\/wp\/v2\/pages\/49769","targetHints":{"allow":["GET"]}}],"collection":[{"href":"https:\/\/www.shavei.org\/es\/wp-json\/wp\/v2\/pages"}],"about":[{"href":"https:\/\/www.shavei.org\/es\/wp-json\/wp\/v2\/types\/page"}],"author":[{"embeddable":true,"href":"https:\/\/www.shavei.org\/es\/wp-json\/wp\/v2\/users\/6"}],"replies":[{"embeddable":true,"href":"https:\/\/www.shavei.org\/es\/wp-json\/wp\/v2\/comments?post=49769"}],"version-history":[{"count":6,"href":"https:\/\/www.shavei.org\/es\/wp-json\/wp\/v2\/pages\/49769\/revisions"}],"predecessor-version":[{"id":50386,"href":"https:\/\/www.shavei.org\/es\/wp-json\/wp\/v2\/pages\/49769\/revisions\/50386"}],"wp:attachment":[{"href":"https:\/\/www.shavei.org\/es\/wp-json\/wp\/v2\/media?parent=49769"}],"curies":[{"name":"wp","href":"https:\/\/api.w.org\/{rel}","templated":true}]}}