{"id":26433,"date":"2016-02-21T09:48:31","date_gmt":"2016-02-21T09:48:31","guid":{"rendered":"https:\/\/www.shavei.org\/es\/?page_id=26433"},"modified":"2017-02-27T12:30:24","modified_gmt":"2017-02-27T10:30:24","slug":"faq","status":"publish","type":"page","link":"https:\/\/www.shavei.org\/es\/faq\/","title":{"rendered":"Preguntas Frequentes"},"content":{"rendered":"<div class=\"wpb-content-wrapper\"><p>[vc_row row_type=\u00bbrow\u00bb use_row_as_full_screen_section=\u00bbno\u00bb type=\u00bbgrid\u00bb angled_section=\u00bbno\u00bb text_align=\u00bbleft\u00bb background_image_as_pattern=\u00bbwithout_pattern\u00bb padding_top=\u00bb0&#8243; css_animation=\u00bb\u00bb][vc_accordion active_tab=\u00bbfalse\u00bb collapsible=\u00bbyes\u00bb style=\u00bbaccordion\u00bb][vc_accordion_tab title=\u00bb\u00bfPor qu\u00e9 debemos ayudar a a nuestros hermanos perdidos a retornar al pueblo de Israel? \u00bfNo nos alcanza con los problemas que tenemos que asimismo debemos ocuparnos de gente que no son jud\u00edos de acuerdo a la halaj\u00e1?\u00bb][vc_column_text]Esta pregunta es una pregunta de concepci\u00f3n, halaj\u00e1, moral y actualidad. Varios \u201caccidentes hist\u00f3ricos\u201d en la historias del juda\u00edsmo, hicieron que la gente abandone a sus ra\u00edces jud\u00edas. Algunas veces, esto ha tenido lugar en forma voluntaria, sin embargo la mayor\u00eda a sucedido en forma forzada. Desde la inquisici\u00f3n, a trav\u00e9s del antisemitismo, llegando al comunismo y a la sho\u00e1, han intentado alejar a los jud\u00edos del juda\u00edsmo y de sus hermanos jud\u00edos. Pero a pesar de todo, Israel tiene quien la proteja y Dios vestido del angel de la historia devuelve a nuestros hermanos a sus casas y a sus familias.[vc_separator type=\u00bbtransparent\u00bb up=\u00bb14&#8243; down=\u00bb0&#8243;]Muy pocos piensan acerca del futuro de Israel. Muchos se ocupan del pasado y la historia, pero tan solo unos pocos reflexionan sobre el futuro. \u00bfQu\u00e9 es lo que hacemos para no perder al pueblo jud\u00edo en la di\u00e1spora y quiz\u00e1s tambi\u00e9n en la tierra de Israel?[vc_separator type=\u00bbtransparent\u00bb up=\u00bb14&#8243; down=\u00bb0&#8243;]No se puede hablar acerca del pueblo jud\u00edo tan solo en t\u00e9rminos num\u00e9ricos y estad\u00edsticos. Los signos que el pueblo de Israel muestra hoy en d\u00eda son debilitamiento espiritual y demogr\u00e1fica- la sho\u00e1, la asimilaci\u00f3n, la p\u00e9rdida de identidad, el alejamiento del juda\u00edsmo y el descenso del n\u00famero de jud\u00edos en el mundo. Sin embargo, al mismo tiempo existen signos de despertar espiritual, gente que vuelve a ser religiosa, b\u00fasquedas espirituales y b\u00fasqueda de ra\u00edces. Por lo tanto, pareciera que a pesar de todos los esfuerzos realizados en el \u00e1rea de la educaci\u00f3n y el acercamiento de personas a la religi\u00f3n, en el intento de fortalecer el pueblo jud\u00edo internamente, debemos asimismo volver y buscar a nuestros hermanos perdidos, nuestra propia carne, para as\u00ed fortalecer al pueblo jud\u00edo en forma completa.[vc_separator type=\u00bbtransparent\u00bb up=\u00bb14&#8243; down=\u00bb0&#8243;]El Rab Tzadok de Lubl\u00edn, nos ense\u00f1a que cuando hablamos de la reuni\u00f3n de las di\u00e1sporas y el retorno de los distanciados al pueblo jud\u00edo, no solo nos referimos a aquellos que son claramente jud\u00edos, sino tambi\u00e9n a aquellos que no son jud\u00edos de acuerdo a la halaj\u00e1 y quiz\u00e1s ni siquiera saben que son \u201czera israel\u201d (descendientes de israel) en lo material y espiritual.[\/vc_column_text][\/vc_accordion_tab][vc_accordion_tab title=\u00bb\u00bfC\u00f3mo sabemos que son realmente descendientes del pueblo jud\u00edo?\u00bb][vc_column_text]Existen ciertos casos, donde se puede comprobar el origen jud\u00edo de modo contundente gracias a la existencia de ciertos documentos u objetos que hayan pasado de generaci\u00f3n en generaci\u00f3n por la familia. Otro modo de investigar es averiguando el origen del apellido. El problema con este sistema, es que en realidad eso no se puede tomar como una prueba definitiva por varias razones: primero, el hecho que un apellido haya pertenecido en el pasado a personas jud\u00edas no comprueba que haya sido un apellido exclusivamente jud\u00edo. Adem\u00e1s, incluso si el apellido es de origen jud\u00edo es imposible de determinar, sin un \u00e1rbol geneal\u00f3gico de varias generaciones, la tradici\u00f3n jud\u00eda de la familia. Existe, sin embargo, un tercer modo. En muchos casos, tradiciones orales que han sido pasadas de generaci\u00f3n en generaci\u00f3n crean en el individuo una conciencia de pertenencia que es innegable e indiscutible. Varias veces, es justamente esta sensaci\u00f3n de identidad, la m\u00e1s fuerte de las motivaciones para retornar al Pueblo Jud\u00edo.[\/vc_column_text][\/vc_accordion_tab][vc_accordion_tab title=\u00bb\u00bfQu\u00e9 dice la halaj\u00e1 con respecto a este tema?\u00bb][vc_column_text]Los poskim de halach\u00e1 de nuestra \u00e9poca, en especial el Rab Tzvi Hirsch Kalisher y el Rab Ben Tzi\u00f3n Uziel, dieron su opini\u00f3n con respecto a este asunto tan relevante en nuestra generaci\u00f3n. La respuesta hal\u00e1jica es clara y simple: la religi\u00f3n del hijo se determina de acuerdo a la madre y si la madre no es jud\u00eda, pues tampoco el hijo lo es, no hay quien discuta esto. Sin embargo, \u00bfcu\u00e1l tiene que ser nuestra concepci\u00f3n con respecto a este ni\u00f1o? \u00bfacaso es como todo el resto de los pueblos? \u00bfacaso tiene alg\u00fan status particular? \u00bfes mitzv\u00e1 acercarlo o alejarlo del juda\u00edsmo?[vc_separator type=\u00bbtransparent\u00bb up=\u00bb14&#8243; down=\u00bb0&#8243;]El Rab Kalisher escribi\u00f3 importantes fundamentos con respecto a este tema: un ni\u00f1o que su padre es jud\u00edo y su madre no, debemos abrirle la puerta para que regrese, circuncidarlo en el momento adecuado y cuando crezca podr\u00e1 r\u00e1pidamente actuar de acuerdo al deseo de su padre y realizar la inmersi\u00f3n ritual. Si no es realizada la circunsici\u00f3n, lo estamos alejando con ambas manos del pueblo de Israel y no realizamos como est\u00e1 escrito \u201cno distancies de el a los distanciados\u201d. \u201cEl padre tiene esta responsabilidad debido a que el ni\u00f1o es llamado <em>Zera Kadosh<\/em> (simiente sagrada). Si es posible salvar a esta ra\u00edz de la impureza en que se inmergi\u00f3, quitarla de su prisi\u00f3n y devolverla a la santidad cuan buena es esta acci\u00f3n\u201d.[vc_separator type=\u00bbtransparent\u00bb up=\u00bb14&#8243; down=\u00bb0&#8243;]El Rab Uziel, en varias respuestas hal\u00e1jicas que brind\u00f3, renov\u00f3 el concepto de <em>Zera Israel<\/em> con respecto a un ni\u00f1o que es hijo de un padre jud\u00edo y una madre no jud\u00eda. De acuerdo a su opini\u00f3n, es mitzv\u00e1 el retornar a esta gente al pueblo jud\u00edo, a favor suyo, de su padre y de todo el pueblo de Israel. De acuerdo a sus palabras, es mitzv\u00e1 aceptar su pedido de convertirse para as\u00ed \u201cno distanciar a los distanciados\u201d.[\/vc_column_text][\/vc_accordion_tab][vc_accordion_tab title=\u00bb\u00bfC\u00f3mo puedo hacer para retornar al juda\u00edsmo?\u00bb][vc_column_text]En t\u00e9rminos generales, el proceso de retorno incluye algunos pasos de preparaci\u00f3n. Por un lado, se encuentra la preparaci\u00f3n intelectual la cual consiste principalmente en el estudio; para poder ser parte integral del Pueblo Jud\u00edo es muy importante recuperar la memoria perdida, conocer su historia, sus costumbres, su filosof\u00eda y\u00a0sus leyes. Igualmente, es muy importante que este conocimiento supere la barrera de la teor\u00eda y se convierta en un estilo de vida, aplicando las tradiciones y costumbres en la vida cotidiana de cada uno. Estos dos aspectos se pueden llevar a cabo bien sea de modo autodidacta, a trav\u00e9s de la lectura y el estudio individual o con la ayuda de un maestro, gu\u00eda o rabino. Por otro lado, otro requisito indispensable en este proceso es la integraci\u00f3n y la vivencia dentro de la vida comunitaria. El juda\u00edsmo desde siempre se ha caracterizado por la convivencia social y es por lo tanto un aspecto de primera importancia el encuentro con el marco jud\u00edo. En este sentido, la mejor decisi\u00f3n es acercarse a la comunidad local m\u00e1s cercana.[vc_separator type=\u00bbtransparent\u00bb up=\u00bb14&#8243; down=\u00bb0&#8243;]En resumen, el acercamiento al pueblo jud\u00edo exige una triple dimensi\u00f3n, conocimiento, sentimiento y vivencia jud\u00eda. Los tres fundamentos son el secreto de retorno o conversi\u00f3n al pueblo jud\u00edo.[\/vc_column_text][\/vc_accordion_tab][\/vc_accordion][vc_separator type=\u00bbtransparent\u00bb up=\u00bb92&#8243; down=\u00bb0&#8243;][\/vc_row]<\/p>\n<\/div>","protected":false},"excerpt":{"rendered":"<p>[vc_row row_type=\u00bbrow\u00bb use_row_as_full_screen_section=\u00bbno\u00bb type=\u00bbgrid\u00bb angled_section=\u00bbno\u00bb text_align=\u00bbleft\u00bb background_image_as_pattern=\u00bbwithout_pattern\u00bb padding_top=\u00bb0&#8243; css_animation=\u00bb\u00bb][vc_accordion active_tab=\u00bbfalse\u00bb collapsible=\u00bbyes\u00bb style=\u00bbaccordion\u00bb][vc_accordion_tab title=\u00bb\u00bfPor qu\u00e9 debemos ayudar a a nuestros hermanos perdidos a retornar al pueblo de Israel? \u00bfNo nos alcanza con los problemas que tenemos que asimismo debemos ocuparnos de gente que no son jud\u00edos&#8230;<\/p>\n","protected":false},"author":8,"featured_media":0,"parent":0,"menu_order":0,"comment_status":"closed","ping_status":"closed","template":"","meta":{"give_campaign_id":0,"_exactmetrics_skip_tracking":false,"_exactmetrics_sitenote_active":false,"_exactmetrics_sitenote_note":"","_exactmetrics_sitenote_category":0,"ngg_post_thumbnail":0,"footnotes":""},"class_list":["post-26433","page","type-page","status-publish","hentry"],"yoast_head":"<!-- This site is optimized with the Yoast SEO plugin v27.1.1 - https:\/\/yoast.com\/product\/yoast-seo-wordpress\/ -->\n<title>Preguntas Frequentes - Shavei Israel<\/title>\n<meta name=\"robots\" content=\"index, follow, max-snippet:-1, max-image-preview:large, max-video-preview:-1\" \/>\n<link rel=\"canonical\" href=\"https:\/\/www.shavei.org\/es\/faq\/\" \/>\n<meta property=\"og:locale\" content=\"es_ES\" \/>\n<meta property=\"og:type\" content=\"article\" \/>\n<meta property=\"og:title\" content=\"Preguntas Frequentes - Shavei Israel\" \/>\n<meta property=\"og:description\" content=\"[vc_row row_type=\u00bbrow\u00bb use_row_as_full_screen_section=\u00bbno\u00bb type=\u00bbgrid\u00bb angled_section=\u00bbno\u00bb text_align=\u00bbleft\u00bb background_image_as_pattern=\u00bbwithout_pattern\u00bb padding_top=\u00bb0&#8243; css_animation=\u00bb\u00bb][vc_accordion active_tab=\u00bbfalse\u00bb collapsible=\u00bbyes\u00bb style=\u00bbaccordion\u00bb][vc_accordion_tab title=\u00bb\u00bfPor qu\u00e9 debemos ayudar a a nuestros hermanos perdidos a retornar al pueblo de Israel? \u00bfNo nos alcanza con los problemas que tenemos que asimismo debemos ocuparnos de gente que no son jud\u00edos...\" \/>\n<meta property=\"og:url\" content=\"https:\/\/www.shavei.org\/es\/faq\/\" \/>\n<meta property=\"og:site_name\" content=\"Shavei Israel\" \/>\n<meta property=\"article:modified_time\" content=\"2017-02-27T10:30:24+00:00\" \/>\n<meta name=\"twitter:card\" content=\"summary_large_image\" \/>\n<meta name=\"twitter:label1\" content=\"Tiempo de lectura\" \/>\n\t<meta name=\"twitter:data1\" content=\"7 minutos\" \/>\n<script type=\"application\/ld+json\" class=\"yoast-schema-graph\">{\"@context\":\"https:\/\/schema.org\",\"@graph\":[{\"@type\":\"WebPage\",\"@id\":\"https:\/\/www.shavei.org\/es\/faq\/\",\"url\":\"https:\/\/www.shavei.org\/es\/faq\/\",\"name\":\"Preguntas Frequentes - Shavei Israel\",\"isPartOf\":{\"@id\":\"https:\/\/www.shavei.org\/#website\"},\"datePublished\":\"2016-02-21T09:48:31+00:00\",\"dateModified\":\"2017-02-27T10:30:24+00:00\",\"breadcrumb\":{\"@id\":\"https:\/\/www.shavei.org\/es\/faq\/#breadcrumb\"},\"inLanguage\":\"es\",\"potentialAction\":[{\"@type\":\"ReadAction\",\"target\":[\"https:\/\/www.shavei.org\/es\/faq\/\"]}]},{\"@type\":\"BreadcrumbList\",\"@id\":\"https:\/\/www.shavei.org\/es\/faq\/#breadcrumb\",\"itemListElement\":[{\"@type\":\"ListItem\",\"position\":1,\"name\":\"Home\",\"item\":\"https:\/\/www.shavei.org\/es\/\"},{\"@type\":\"ListItem\",\"position\":2,\"name\":\"Preguntas Frequentes\"}]},{\"@type\":\"WebSite\",\"@id\":\"https:\/\/www.shavei.org\/#website\",\"url\":\"https:\/\/www.shavei.org\/\",\"name\":\"Shavei Israel\",\"description\":\"One nation, many faces. We help them all return.\",\"publisher\":{\"@id\":\"https:\/\/www.shavei.org\/#organization\"},\"potentialAction\":[{\"@type\":\"SearchAction\",\"target\":{\"@type\":\"EntryPoint\",\"urlTemplate\":\"https:\/\/www.shavei.org\/?s={search_term_string}\"},\"query-input\":{\"@type\":\"PropertyValueSpecification\",\"valueRequired\":true,\"valueName\":\"search_term_string\"}}],\"inLanguage\":\"es\"},{\"@type\":\"Organization\",\"@id\":\"https:\/\/www.shavei.org\/#organization\",\"name\":\"Shavei Israel\",\"url\":\"https:\/\/www.shavei.org\/\",\"logo\":{\"@type\":\"ImageObject\",\"inLanguage\":\"es\",\"@id\":\"https:\/\/www.shavei.org\/#\/schema\/logo\/image\/\",\"url\":\"https:\/\/www.shavei.org\/wp-content\/uploads\/2017\/10\/shavei-logo.jpg\",\"contentUrl\":\"https:\/\/www.shavei.org\/wp-content\/uploads\/2017\/10\/shavei-logo.jpg\",\"width\":300,\"height\":285,\"caption\":\"Shavei Israel\"},\"image\":{\"@id\":\"https:\/\/www.shavei.org\/#\/schema\/logo\/image\/\"}}]}<\/script>\n<!-- \/ Yoast SEO plugin. -->","yoast_head_json":{"title":"Preguntas Frequentes - Shavei Israel","robots":{"index":"index","follow":"follow","max-snippet":"max-snippet:-1","max-image-preview":"max-image-preview:large","max-video-preview":"max-video-preview:-1"},"canonical":"https:\/\/www.shavei.org\/es\/faq\/","og_locale":"es_ES","og_type":"article","og_title":"Preguntas Frequentes - Shavei Israel","og_description":"[vc_row row_type=\u00bbrow\u00bb use_row_as_full_screen_section=\u00bbno\u00bb type=\u00bbgrid\u00bb angled_section=\u00bbno\u00bb text_align=\u00bbleft\u00bb background_image_as_pattern=\u00bbwithout_pattern\u00bb padding_top=\u00bb0&#8243; css_animation=\u00bb\u00bb][vc_accordion active_tab=\u00bbfalse\u00bb collapsible=\u00bbyes\u00bb style=\u00bbaccordion\u00bb][vc_accordion_tab title=\u00bb\u00bfPor qu\u00e9 debemos ayudar a a nuestros hermanos perdidos a retornar al pueblo de Israel? \u00bfNo nos alcanza con los problemas que tenemos que asimismo debemos ocuparnos de gente que no son jud\u00edos...","og_url":"https:\/\/www.shavei.org\/es\/faq\/","og_site_name":"Shavei Israel","article_modified_time":"2017-02-27T10:30:24+00:00","twitter_card":"summary_large_image","twitter_misc":{"Tiempo de lectura":"7 minutos"},"schema":{"@context":"https:\/\/schema.org","@graph":[{"@type":"WebPage","@id":"https:\/\/www.shavei.org\/es\/faq\/","url":"https:\/\/www.shavei.org\/es\/faq\/","name":"Preguntas Frequentes - Shavei Israel","isPartOf":{"@id":"https:\/\/www.shavei.org\/#website"},"datePublished":"2016-02-21T09:48:31+00:00","dateModified":"2017-02-27T10:30:24+00:00","breadcrumb":{"@id":"https:\/\/www.shavei.org\/es\/faq\/#breadcrumb"},"inLanguage":"es","potentialAction":[{"@type":"ReadAction","target":["https:\/\/www.shavei.org\/es\/faq\/"]}]},{"@type":"BreadcrumbList","@id":"https:\/\/www.shavei.org\/es\/faq\/#breadcrumb","itemListElement":[{"@type":"ListItem","position":1,"name":"Home","item":"https:\/\/www.shavei.org\/es\/"},{"@type":"ListItem","position":2,"name":"Preguntas Frequentes"}]},{"@type":"WebSite","@id":"https:\/\/www.shavei.org\/#website","url":"https:\/\/www.shavei.org\/","name":"Shavei Israel","description":"One nation, many faces. We help them all return.","publisher":{"@id":"https:\/\/www.shavei.org\/#organization"},"potentialAction":[{"@type":"SearchAction","target":{"@type":"EntryPoint","urlTemplate":"https:\/\/www.shavei.org\/?s={search_term_string}"},"query-input":{"@type":"PropertyValueSpecification","valueRequired":true,"valueName":"search_term_string"}}],"inLanguage":"es"},{"@type":"Organization","@id":"https:\/\/www.shavei.org\/#organization","name":"Shavei Israel","url":"https:\/\/www.shavei.org\/","logo":{"@type":"ImageObject","inLanguage":"es","@id":"https:\/\/www.shavei.org\/#\/schema\/logo\/image\/","url":"https:\/\/www.shavei.org\/wp-content\/uploads\/2017\/10\/shavei-logo.jpg","contentUrl":"https:\/\/www.shavei.org\/wp-content\/uploads\/2017\/10\/shavei-logo.jpg","width":300,"height":285,"caption":"Shavei Israel"},"image":{"@id":"https:\/\/www.shavei.org\/#\/schema\/logo\/image\/"}}]}},"campaignId":"","_links":{"self":[{"href":"https:\/\/www.shavei.org\/es\/wp-json\/wp\/v2\/pages\/26433","targetHints":{"allow":["GET"]}}],"collection":[{"href":"https:\/\/www.shavei.org\/es\/wp-json\/wp\/v2\/pages"}],"about":[{"href":"https:\/\/www.shavei.org\/es\/wp-json\/wp\/v2\/types\/page"}],"author":[{"embeddable":true,"href":"https:\/\/www.shavei.org\/es\/wp-json\/wp\/v2\/users\/8"}],"replies":[{"embeddable":true,"href":"https:\/\/www.shavei.org\/es\/wp-json\/wp\/v2\/comments?post=26433"}],"version-history":[{"count":3,"href":"https:\/\/www.shavei.org\/es\/wp-json\/wp\/v2\/pages\/26433\/revisions"}],"predecessor-version":[{"id":46457,"href":"https:\/\/www.shavei.org\/es\/wp-json\/wp\/v2\/pages\/26433\/revisions\/46457"}],"wp:attachment":[{"href":"https:\/\/www.shavei.org\/es\/wp-json\/wp\/v2\/media?parent=26433"}],"curies":[{"name":"wp","href":"https:\/\/api.w.org\/{rel}","templated":true}]}}