{"id":25117,"date":"2016-01-12T07:05:28","date_gmt":"2016-01-12T07:05:28","guid":{"rendered":"https:\/\/www.shavei.org\/es\/?page_id=25117"},"modified":"2023-01-22T10:23:32","modified_gmt":"2023-01-22T08:23:32","slug":"roots-ebook","status":"publish","type":"page","link":"https:\/\/www.shavei.org\/es\/roots-ebook\/","title":{"rendered":"\u00bfTiene usted ra\u00edces jud\u00edas?"},"content":{"rendered":"<div class=\"wpb-content-wrapper\"><p>[vc_row row_type=\u00bbrow\u00bb type=\u00bbgrid\u00bb text_align=\u00bbleft\u00bb padding_top=\u00bb0&#8243; padding_bottom=\u00bb0&#8243;][vc_column width=\u00bb1\/1&#8243;][vc_column_text]<\/p>\n<h2 style=\"text-align: center;\">\u00bfTiene usted ra\u00edces jud\u00edas?<\/h2>\n<p>[\/vc_column_text][vc_separator type=\u00bbsmall\u00bb position=\u00bbcenter\u00bb down=\u00bb0&#8243; up=\u00bb7&#8243;][\/vc_column][\/vc_row]<\/p>\n<p>[vc_row row_type=\u00bbrow\u00bb use_row_as_full_screen_section=\u00bbno\u00bb type=\u00bbgrid\u00bb angled_section=\u00bbno\u00bb text_align=\u00bbleft\u00bb background_image_as_pattern=\u00bbwithout_pattern\u00bb background_color=\u00bb#ffffff\u00bb padding_top=\u00bb0&#8243; padding_bottom=\u00bb0&#8243; css_animation=\u00bb\u00bb]<br \/>\n[vc_column width=\u00bb1\/2&#8243;]<\/p>\n<div class=\"videoWrapper\" style=\"position: relative; padding-bottom: 56.25%; height: 0;\"><!-- Copy & Pasted from YouTube --><br \/>\n<iframe loading=\"lazy\" style=\"position: absolute; top: 50; left: 0; width: 100%; height: 100%;\" src=\"https:\/\/www.youtube.com\/embed\/An-RsysSNwY\" width=\"560\" height=\"315\" frameborder=\"0\" allowfullscreen=\"allowfullscreen\"><\/iframe><\/div>\n<p>[vc_separator type=\u00bbtransparent\u00bb up=\u00bb60&#8243; down=\u00bb0&#8243;][vc_column_text]<\/p>\n<h4><img decoding=\"async\" class=\"alignright\" src=\"https:\/\/www.shavei.org\/siman\/ebook-roots\/img\/kniga.jpg\" alt=\"\" width=\"160\">Descargue gratuitamente este libro y descubra si tiene ra\u00edces jud\u00edas. En \u00e9l encontrar\u00e1 herramientas pr\u00e1cticas y concretas que le faciliten la b\u00fasqueda y le permitan vivir una experiencia personal y significativa en este proceso que emprenden. Visita nuestro blog:<br \/>\n<a href=\"https:\/\/casa-anusim.shavei.org\/\" target=\"_blank\" rel=\"noopener\">https:\/\/casa-anusim.shavei.org\/<\/a><\/h4>\n<p>[\/vc_column_text]<br \/>\n[vc_separator type=\u00bbtransparent\u00bb up=\u00bb55&#8243; down=\u00bb0&#8243;][\/vc_column]<\/p>\n<p>[vc_column width=\u00bb1\/2&#8243;][vc_separator type=\u00bbtransparent\u00bb up=\u00bb0&#8243; down=\u00bb0&#8243;]<br \/>\n<!-- Begin MailChimp Signup Form --><\/p>\n<style type=\"text\/css\">\n\t#mc_embed_signup{background:#fff; clear:left; font:14px Helvetica,Arial,sans-serif; }<br \/>\n\t\/* Add your own MailChimp form style overrides in your site stylesheet or in this style block.<br \/>\n\t   We recommend moving this block and the preceding CSS link to the HEAD of your HTML file. *\/<br \/>\n<\/style>\n<div id=\"mc_embed_signup\">\n<form id=\"mc-embedded-subscribe-form\" class=\"validate\" action=\"https:\/\/shavei.us10.list-manage.com\/subscribe\/post?u=dc5c3f8bd5e975d3f7973c2d8&amp;id=b005bc9fed\" method=\"post\" name=\"mc-embedded-subscribe-form\" novalidate=\"\" target=\"_blank\">\n<div id=\"mc_embed_signup_scroll\">\n<h2>PARA DESCARGAR EL LIBRO EN FORMA GRATUITA LLENE SUS DATOS<\/h2>\n<div class=\"indicates-required\"><span class=\"asterisk\">*<\/span> campo requerido<\/div>\n<div class=\"mc-field-group\"><label for=\"mce-EMAIL\">Email <span class=\"asterisk\">*<\/span><br \/>\n<\/label><br \/>\n<input id=\"mce-EMAIL\" class=\"required email\" name=\"EMAIL\" type=\"email\" value=\"\"><\/div>\n<div class=\"mc-field-group\"><label for=\"mce-FNAME\">Nombre <span class=\"asterisk\">*<\/span><br \/>\n<\/label><br \/>\n<input id=\"mce-FNAME\" class=\"required\" name=\"FNAME\" type=\"text\" value=\"\"><\/div>\n<div class=\"mc-field-group\"><label for=\"mce-LNAME\">Apellido <span class=\"asterisk\">*<\/span><br \/>\n<\/label><br \/>\n<input id=\"mce-LNAME\" class=\"required\" name=\"LNAME\" type=\"text\" value=\"\"><\/div>\n<div class=\"mc-field-group\"><label for=\"mce-MMERGE3\">Pa\u00eds <\/label><br \/>\n<input id=\"mce-MMERGE3\" class=\"\" name=\"MMERGE3\" type=\"text\" value=\"\"><\/div>\n<div id=\"mce-responses\" class=\"clear\">\n<div id=\"mce-error-response\" class=\"response\" style=\"display: none;\">&nbsp;<\/div>\n<div id=\"mce-success-response\" class=\"response\" style=\"display: none;\">&nbsp;<\/div>\n<\/div>\n<p><!-- real people should not fill this in and expect good things - do not remove this or risk form bot signups--><\/p>\n<div style=\"position: absolute; left: -5000px;\" aria-hidden=\"true\"><input tabindex=\"-1\" name=\"b_dc5c3f8bd5e975d3f7973c2d8_b005bc9fed\" type=\"text\" value=\"\"><\/div>\n<div class=\"clear\"><input id=\"mc-embedded-subscribe\" class=\"button\" name=\"subscribe\" type=\"submit\" value=\"\u00a1Si, quiero descargar el libro!\"><\/div>\n<\/div>\n<\/form>\n<\/div>\n<p><script type=\"text\/javascript\" src=\"\/\/s3.amazonaws.com\/downloads.mailchimp.com\/js\/mc-validate.js\"><\/script><script type=\"text\/javascript\">(function($) {window.fnames = new Array(); window.ftypes = new Array();fnames[0]='EMAIL';ftypes[0]='email';fnames[1]='FNAME';ftypes[1]='text';fnames[2]='LNAME';ftypes[2]='text';fnames[3]='MMERGE3';ftypes[3]='text';fnames[4]='MMERGE4';ftypes[4]='text';fnames[5]='SIGNUP';ftypes[5]='text'; \/*\n * Translated default messages for the $ validation plugin.\n * Locale: ES\n *\/\n$.extend($.validator.messages, {\n  required: \"Este campo es obligatorio.\",\n  remote: \"Por favor, rellena este campo.\",\n  email: \"Por favor, escribe una direcci\u00f3n de correo v\u00e1lida\",\n  url: \"Por favor, escribe una URL v\u00e1lida.\",\n  date: \"Por favor, escribe una fecha v\u00e1lida.\",\n  dateISO: \"Por favor, escribe una fecha (ISO) v\u00e1lida.\",\n  number: \"Por favor, escribe un n\u00famero entero v\u00e1lido.\",\n  digits: \"Por favor, escribe s\u00f3lo d\u00edgitos.\",\n  creditcard: \"Por favor, escribe un n\u00famero de tarjeta v\u00e1lido.\",\n  equalTo: \"Por favor, escribe el mismo valor de nuevo.\",\n  accept: \"Por favor, escribe un valor con una extensi\u00f3n aceptada.\",\n  maxlength: $.validator.format(\"Por favor, no escribas m\u00e1s de {0} caracteres.\"),\n  minlength: $.validator.format(\"Por favor, no escribas menos de {0} caracteres.\"),\n  rangelength: $.validator.format(\"Por favor, escribe un valor entre {0} y {1} caracteres.\"),\n  range: $.validator.format(\"Por favor, escribe un valor entre {0} y {1}.\"),\n  max: $.validator.format(\"Por favor, escribe un valor menor o igual a {0}.\"),\n  min: $.validator.format(\"Por favor, escribe un valor mayor o igual a {0}.\")\n});}(jQuery));var $mcj = jQuery.noConflict(true);<\/script><br \/>\n<!--End mc_embed_signup--><br \/>\n[vc_separator type=\u00bbtransparent\u00bb up=\u00bb0&#8243; down=\u00bb0&#8243;][\/vc_column]<br \/>\n[\/vc_row]<\/p>\n<p>[vc_row row_type=\u00bbrow\u00bb type=\u00bbgrid\u00bb text_align=\u00bbleft\u00bb padding_top=\u00bb10&#8243; padding_bottom=\u00bb86&#8243;][vc_column width=\u00bb1\/1&#8243;]<!--[vc_column_text]\n\n\n<h2 style=\"text-align: center;\">CON\u00c9CTESE CON NOSOTROS<\/h2>\n\n\n[\/vc_column_text][vc_separator type=\"small\" position=\"center\" down=\"37\" up=\"7\"][vc_column_text]\n\n\n<h4 style=\"text-align: center;\">Conozca m\u00e1s acerca de Shavei Israel y participe en nuestras redes sociales<\/h4>\n\n\n[\/vc_column_text][vc_separator type=\"transparent\" position=\"center\" up=\"55\" down=\"0\"]-->[qode_circles columns=\u00bbfour_columns\u00bb circle_line=\u00bbwith_line\u00bb line_color=\u00bb#f1f1f1&#8243;]<a href=\"https:\/\/www.facebook.com\/shaveiisraelespanol\/\" target=\"_blank\" rel=\"noopener\">[qode_circle type=\u00bbicon_type\u00bb icon=\u00bbfa-facebook\u00bb size=\u00bbfa-4x\u00bb border_width=\u00bb8&#8243; icon_color=\u00bb#ffffff\u00bb background_color=\u00bb#cfcfcf\u00bb border_color=\u00bb#f1f1f1&#8243;]<\/a><a href=\"https:\/\/twitter.com\/beithaanusim\" target=\"_blank\" rel=\"noopener\">[qode_circle type=\u00bbicon_type\u00bb icon=\u00bbfa-twitter\u00bb size=\u00bbfa-4x\u00bb border_width=\u00bb8&#8243; icon_color=\u00bb#ffffff\u00bb background_color=\u00bb#cfcfcf\u00bb border_color=\u00bb#f1f1f1&#8243;]<\/a><a href=\"https:\/\/www.youtube.com\/playlist?list=PL1792625C2FFF3E70\" target=\"_blank\" rel=\"noopener\">[qode_circle type=\u00bbicon_type\u00bb icon=\u00bbfa-youtube\u00bb size=\u00bbfa-4x\u00bb border_width=\u00bb8&#8243; icon_color=\u00bb#ffffff\u00bb background_color=\u00bb#cfcfcf\u00bb border_color=\u00bb#f1f1f1&#8243;]<\/a><a href=\"https:\/\/www.flickr.com\/photos\/shaveiisrael\/\" target=\"_blank\" rel=\"noopener\">[qode_circle type=\u00bbicon_type\u00bb icon=\u00bbfa-flickr\u00bb size=\u00bbfa-4x\u00bb border_width=\u00bb8&#8243; icon_color=\u00bb#ffffff\u00bb background_color=\u00bb#cfcfcf\u00bb border_color=\u00bb#f1f1f1&#8243;]<\/a>[\/qode_circles][\/vc_column][\/vc_row]<\/p>\n<\/div>","protected":false},"excerpt":{"rendered":"<p>[vc_row row_type=\u00bbrow\u00bb type=\u00bbgrid\u00bb text_align=\u00bbleft\u00bb padding_top=\u00bb0&#8243; padding_bottom=\u00bb0&#8243;][vc_column width=\u00bb1\/1&#8243;][vc_column_text] \u00bfTiene usted ra\u00edces jud\u00edas? [\/vc_column_text][vc_separator type=\u00bbsmall\u00bb position=\u00bbcenter\u00bb down=\u00bb0&#8243; up=\u00bb7&#8243;][\/vc_column][\/vc_row] [vc_row row_type=\u00bbrow\u00bb use_row_as_full_screen_section=\u00bbno\u00bb type=\u00bbgrid\u00bb angled_section=\u00bbno\u00bb text_align=\u00bbleft\u00bb background_image_as_pattern=\u00bbwithout_pattern\u00bb background_color=\u00bb#ffffff\u00bb padding_top=\u00bb0&#8243; padding_bottom=\u00bb0&#8243; css_animation=\u00bb\u00bb] [vc_column width=\u00bb1\/2&#8243;] [vc_separator type=\u00bbtransparent\u00bb up=\u00bb60&#8243; down=\u00bb0&#8243;][vc_column_text] Descargue gratuitamente este libro y descubra si tiene ra\u00edces jud\u00edas. En \u00e9l&#8230;<\/p>\n","protected":false},"author":8,"featured_media":0,"parent":0,"menu_order":0,"comment_status":"closed","ping_status":"closed","template":"","meta":{"give_campaign_id":0,"_exactmetrics_skip_tracking":false,"_exactmetrics_sitenote_active":false,"_exactmetrics_sitenote_note":"","_exactmetrics_sitenote_category":0,"ngg_post_thumbnail":0,"footnotes":""},"class_list":["post-25117","page","type-page","status-publish","hentry"],"yoast_head":"<!-- This site is optimized with the Yoast SEO plugin v27.1.1 - https:\/\/yoast.com\/product\/yoast-seo-wordpress\/ -->\n<title>\u00bfTiene usted ra\u00edces jud\u00edas? - Shavei Israel<\/title>\n<meta name=\"robots\" content=\"index, follow, max-snippet:-1, max-image-preview:large, max-video-preview:-1\" \/>\n<link rel=\"canonical\" href=\"https:\/\/www.shavei.org\/es\/roots-ebook\/\" \/>\n<meta property=\"og:locale\" content=\"es_ES\" \/>\n<meta property=\"og:type\" content=\"article\" \/>\n<meta property=\"og:title\" content=\"\u00bfTiene usted ra\u00edces jud\u00edas? - Shavei Israel\" \/>\n<meta property=\"og:description\" content=\"[vc_row row_type=\u00bbrow\u00bb type=\u00bbgrid\u00bb text_align=\u00bbleft\u00bb padding_top=\u00bb0&#8243; padding_bottom=\u00bb0&#8243;][vc_column width=\u00bb1\/1&#8243;][vc_column_text] \u00bfTiene usted ra\u00edces jud\u00edas? [\/vc_column_text][vc_separator type=\u00bbsmall\u00bb position=\u00bbcenter\u00bb down=\u00bb0&#8243; up=\u00bb7&#8243;][\/vc_column][\/vc_row] [vc_row row_type=\u00bbrow\u00bb use_row_as_full_screen_section=\u00bbno\u00bb type=\u00bbgrid\u00bb angled_section=\u00bbno\u00bb text_align=\u00bbleft\u00bb background_image_as_pattern=\u00bbwithout_pattern\u00bb background_color=\u00bb#ffffff\u00bb padding_top=\u00bb0&#8243; padding_bottom=\u00bb0&#8243; css_animation=\u00bb\u00bb] [vc_column width=\u00bb1\/2&#8243;] [vc_separator type=\u00bbtransparent\u00bb up=\u00bb60&#8243; down=\u00bb0&#8243;][vc_column_text] Descargue gratuitamente este libro y descubra si tiene ra\u00edces jud\u00edas. En \u00e9l...\" \/>\n<meta property=\"og:url\" content=\"https:\/\/www.shavei.org\/es\/roots-ebook\/\" \/>\n<meta property=\"og:site_name\" content=\"Shavei Israel\" \/>\n<meta property=\"article:modified_time\" content=\"2023-01-22T08:23:32+00:00\" \/>\n<meta property=\"og:image\" content=\"https:\/\/www.shavei.org\/siman\/ebook-roots\/img\/kniga.jpg\" \/>\n<meta name=\"twitter:card\" content=\"summary_large_image\" \/>\n<meta name=\"twitter:label1\" content=\"Tiempo de lectura\" \/>\n\t<meta name=\"twitter:data1\" content=\"2 minutos\" \/>\n<script type=\"application\/ld+json\" class=\"yoast-schema-graph\">{\"@context\":\"https:\/\/schema.org\",\"@graph\":[{\"@type\":\"WebPage\",\"@id\":\"https:\/\/www.shavei.org\/es\/roots-ebook\/\",\"url\":\"https:\/\/www.shavei.org\/es\/roots-ebook\/\",\"name\":\"\u00bfTiene usted ra\u00edces jud\u00edas? - Shavei Israel\",\"isPartOf\":{\"@id\":\"https:\/\/www.shavei.org\/#website\"},\"primaryImageOfPage\":{\"@id\":\"https:\/\/www.shavei.org\/es\/roots-ebook\/#primaryimage\"},\"image\":{\"@id\":\"https:\/\/www.shavei.org\/es\/roots-ebook\/#primaryimage\"},\"thumbnailUrl\":\"https:\/\/www.shavei.org\/siman\/ebook-roots\/img\/kniga.jpg\",\"datePublished\":\"2016-01-12T07:05:28+00:00\",\"dateModified\":\"2023-01-22T08:23:32+00:00\",\"breadcrumb\":{\"@id\":\"https:\/\/www.shavei.org\/es\/roots-ebook\/#breadcrumb\"},\"inLanguage\":\"es\",\"potentialAction\":[{\"@type\":\"ReadAction\",\"target\":[\"https:\/\/www.shavei.org\/es\/roots-ebook\/\"]}]},{\"@type\":\"ImageObject\",\"inLanguage\":\"es\",\"@id\":\"https:\/\/www.shavei.org\/es\/roots-ebook\/#primaryimage\",\"url\":\"https:\/\/www.shavei.org\/siman\/ebook-roots\/img\/kniga.jpg\",\"contentUrl\":\"https:\/\/www.shavei.org\/siman\/ebook-roots\/img\/kniga.jpg\"},{\"@type\":\"BreadcrumbList\",\"@id\":\"https:\/\/www.shavei.org\/es\/roots-ebook\/#breadcrumb\",\"itemListElement\":[{\"@type\":\"ListItem\",\"position\":1,\"name\":\"Home\",\"item\":\"https:\/\/www.shavei.org\/es\/\"},{\"@type\":\"ListItem\",\"position\":2,\"name\":\"\u00bfTiene usted ra\u00edces jud\u00edas?\"}]},{\"@type\":\"WebSite\",\"@id\":\"https:\/\/www.shavei.org\/#website\",\"url\":\"https:\/\/www.shavei.org\/\",\"name\":\"Shavei Israel\",\"description\":\"One nation, many faces. We help them all return.\",\"publisher\":{\"@id\":\"https:\/\/www.shavei.org\/#organization\"},\"potentialAction\":[{\"@type\":\"SearchAction\",\"target\":{\"@type\":\"EntryPoint\",\"urlTemplate\":\"https:\/\/www.shavei.org\/?s={search_term_string}\"},\"query-input\":{\"@type\":\"PropertyValueSpecification\",\"valueRequired\":true,\"valueName\":\"search_term_string\"}}],\"inLanguage\":\"es\"},{\"@type\":\"Organization\",\"@id\":\"https:\/\/www.shavei.org\/#organization\",\"name\":\"Shavei Israel\",\"url\":\"https:\/\/www.shavei.org\/\",\"logo\":{\"@type\":\"ImageObject\",\"inLanguage\":\"es\",\"@id\":\"https:\/\/www.shavei.org\/#\/schema\/logo\/image\/\",\"url\":\"https:\/\/www.shavei.org\/wp-content\/uploads\/2017\/10\/shavei-logo.jpg\",\"contentUrl\":\"https:\/\/www.shavei.org\/wp-content\/uploads\/2017\/10\/shavei-logo.jpg\",\"width\":300,\"height\":285,\"caption\":\"Shavei Israel\"},\"image\":{\"@id\":\"https:\/\/www.shavei.org\/#\/schema\/logo\/image\/\"}}]}<\/script>\n<!-- \/ Yoast SEO plugin. -->","yoast_head_json":{"title":"\u00bfTiene usted ra\u00edces jud\u00edas? - Shavei Israel","robots":{"index":"index","follow":"follow","max-snippet":"max-snippet:-1","max-image-preview":"max-image-preview:large","max-video-preview":"max-video-preview:-1"},"canonical":"https:\/\/www.shavei.org\/es\/roots-ebook\/","og_locale":"es_ES","og_type":"article","og_title":"\u00bfTiene usted ra\u00edces jud\u00edas? - Shavei Israel","og_description":"[vc_row row_type=\u00bbrow\u00bb type=\u00bbgrid\u00bb text_align=\u00bbleft\u00bb padding_top=\u00bb0&#8243; padding_bottom=\u00bb0&#8243;][vc_column width=\u00bb1\/1&#8243;][vc_column_text] \u00bfTiene usted ra\u00edces jud\u00edas? [\/vc_column_text][vc_separator type=\u00bbsmall\u00bb position=\u00bbcenter\u00bb down=\u00bb0&#8243; up=\u00bb7&#8243;][\/vc_column][\/vc_row] [vc_row row_type=\u00bbrow\u00bb use_row_as_full_screen_section=\u00bbno\u00bb type=\u00bbgrid\u00bb angled_section=\u00bbno\u00bb text_align=\u00bbleft\u00bb background_image_as_pattern=\u00bbwithout_pattern\u00bb background_color=\u00bb#ffffff\u00bb padding_top=\u00bb0&#8243; padding_bottom=\u00bb0&#8243; css_animation=\u00bb\u00bb] [vc_column width=\u00bb1\/2&#8243;] [vc_separator type=\u00bbtransparent\u00bb up=\u00bb60&#8243; down=\u00bb0&#8243;][vc_column_text] Descargue gratuitamente este libro y descubra si tiene ra\u00edces jud\u00edas. En \u00e9l...","og_url":"https:\/\/www.shavei.org\/es\/roots-ebook\/","og_site_name":"Shavei Israel","article_modified_time":"2023-01-22T08:23:32+00:00","og_image":[{"url":"https:\/\/www.shavei.org\/siman\/ebook-roots\/img\/kniga.jpg","type":"","width":"","height":""}],"twitter_card":"summary_large_image","twitter_misc":{"Tiempo de lectura":"2 minutos"},"schema":{"@context":"https:\/\/schema.org","@graph":[{"@type":"WebPage","@id":"https:\/\/www.shavei.org\/es\/roots-ebook\/","url":"https:\/\/www.shavei.org\/es\/roots-ebook\/","name":"\u00bfTiene usted ra\u00edces jud\u00edas? - Shavei Israel","isPartOf":{"@id":"https:\/\/www.shavei.org\/#website"},"primaryImageOfPage":{"@id":"https:\/\/www.shavei.org\/es\/roots-ebook\/#primaryimage"},"image":{"@id":"https:\/\/www.shavei.org\/es\/roots-ebook\/#primaryimage"},"thumbnailUrl":"https:\/\/www.shavei.org\/siman\/ebook-roots\/img\/kniga.jpg","datePublished":"2016-01-12T07:05:28+00:00","dateModified":"2023-01-22T08:23:32+00:00","breadcrumb":{"@id":"https:\/\/www.shavei.org\/es\/roots-ebook\/#breadcrumb"},"inLanguage":"es","potentialAction":[{"@type":"ReadAction","target":["https:\/\/www.shavei.org\/es\/roots-ebook\/"]}]},{"@type":"ImageObject","inLanguage":"es","@id":"https:\/\/www.shavei.org\/es\/roots-ebook\/#primaryimage","url":"https:\/\/www.shavei.org\/siman\/ebook-roots\/img\/kniga.jpg","contentUrl":"https:\/\/www.shavei.org\/siman\/ebook-roots\/img\/kniga.jpg"},{"@type":"BreadcrumbList","@id":"https:\/\/www.shavei.org\/es\/roots-ebook\/#breadcrumb","itemListElement":[{"@type":"ListItem","position":1,"name":"Home","item":"https:\/\/www.shavei.org\/es\/"},{"@type":"ListItem","position":2,"name":"\u00bfTiene usted ra\u00edces jud\u00edas?"}]},{"@type":"WebSite","@id":"https:\/\/www.shavei.org\/#website","url":"https:\/\/www.shavei.org\/","name":"Shavei Israel","description":"One nation, many faces. We help them all return.","publisher":{"@id":"https:\/\/www.shavei.org\/#organization"},"potentialAction":[{"@type":"SearchAction","target":{"@type":"EntryPoint","urlTemplate":"https:\/\/www.shavei.org\/?s={search_term_string}"},"query-input":{"@type":"PropertyValueSpecification","valueRequired":true,"valueName":"search_term_string"}}],"inLanguage":"es"},{"@type":"Organization","@id":"https:\/\/www.shavei.org\/#organization","name":"Shavei Israel","url":"https:\/\/www.shavei.org\/","logo":{"@type":"ImageObject","inLanguage":"es","@id":"https:\/\/www.shavei.org\/#\/schema\/logo\/image\/","url":"https:\/\/www.shavei.org\/wp-content\/uploads\/2017\/10\/shavei-logo.jpg","contentUrl":"https:\/\/www.shavei.org\/wp-content\/uploads\/2017\/10\/shavei-logo.jpg","width":300,"height":285,"caption":"Shavei Israel"},"image":{"@id":"https:\/\/www.shavei.org\/#\/schema\/logo\/image\/"}}]}},"campaignId":"","_links":{"self":[{"href":"https:\/\/www.shavei.org\/es\/wp-json\/wp\/v2\/pages\/25117","targetHints":{"allow":["GET"]}}],"collection":[{"href":"https:\/\/www.shavei.org\/es\/wp-json\/wp\/v2\/pages"}],"about":[{"href":"https:\/\/www.shavei.org\/es\/wp-json\/wp\/v2\/types\/page"}],"author":[{"embeddable":true,"href":"https:\/\/www.shavei.org\/es\/wp-json\/wp\/v2\/users\/8"}],"replies":[{"embeddable":true,"href":"https:\/\/www.shavei.org\/es\/wp-json\/wp\/v2\/comments?post=25117"}],"version-history":[{"count":11,"href":"https:\/\/www.shavei.org\/es\/wp-json\/wp\/v2\/pages\/25117\/revisions"}],"predecessor-version":[{"id":167917,"href":"https:\/\/www.shavei.org\/es\/wp-json\/wp\/v2\/pages\/25117\/revisions\/167917"}],"wp:attachment":[{"href":"https:\/\/www.shavei.org\/es\/wp-json\/wp\/v2\/media?parent=25117"}],"curies":[{"name":"wp","href":"https:\/\/api.w.org\/{rel}","templated":true}]}}