{"id":24788,"date":"2016-01-05T20:45:18","date_gmt":"2016-01-05T20:45:18","guid":{"rendered":"https:\/\/www.shavei.org\/es\/?page_id=24788"},"modified":"2022-11-08T14:51:16","modified_gmt":"2022-11-08T12:51:16","slug":"conversion-institute","status":"publish","type":"page","link":"https:\/\/www.shavei.org\/es\/conversion-institute\/","title":{"rendered":"Maj\u00f3n Miriam"},"content":{"rendered":"<div class=\"wpb-content-wrapper\"><p>[vc_row css_animation=\u00bb\u00bb row_type=\u00bbrow\u00bb use_row_as_full_screen_section=\u00bbno\u00bb type=\u00bbfull_width\u00bb angled_section=\u00bbno\u00bb text_align=\u00bbleft\u00bb background_image_as_pattern=\u00bbwithout_pattern\u00bb][vc_column][vc_single_image image=\u00bb164861&#8243; img_size=\u00bbfull\u00bb alignment=\u00bbcenter\u00bb qode_css_animation=\u00bb\u00bb][\/vc_column][\/vc_row][vc_row css_animation=\u00bb\u00bb row_type=\u00bbrow\u00bb use_row_as_full_screen_section=\u00bbno\u00bb type=\u00bbfull_width\u00bb angled_section=\u00bbno\u00bb text_align=\u00bbleft\u00bb background_image_as_pattern=\u00bbwithout_pattern\u00bb css=\u00bb.vc_custom_1666521067287{margin-top: 20px !important;margin-bottom: 20px !important;padding-top: 20px !important;padding-bottom: 20px !important;background-color: #eaeaea !important;}\u00bb z_index=\u00bb\u00bb][vc_column][vc_column_text]Maj\u00f3n Miriam es un Instituto de Conversi\u00f3n y Retorno en lengua espa\u00f1ola, portuguesa e italiana en Israel dirigido por la Rabbanit Renana Birnbaum. Una gran parte de nuestros alumnos son descendientes de Anusim, cuyos antepasados se vieron obligados a convertirse al cristianismo durante la \u00e9poca de la Inquisici\u00f3n. Provienen de una variedad de pa\u00edses, desde Espa\u00f1a y Portugal hasta Per\u00fa, Argentina y Brasil. Para muchos de ellos, el retorno formal al juda\u00edsmo marca el cierre de un c\u00edrculo hist\u00f3rico, el resarcimiento de la grave injusticia cometida contra sus antepasados en la Pen\u00ednsula Ib\u00e9rica.<\/p>\n<p>&nbsp;<\/p>\n<p>Los estudiantes de Maj\u00f3n Miriam pasan un a\u00f1o estudiando intensamente los textos jud\u00edos, aprendiendo sobre la historia jud\u00eda y experimentando el ciclo completo del calendario jud\u00edo. El proceso de retorno a menudo puede ser dif\u00edcil y toca temas profundos y muy personales como la historia, la identidad y la comunidad. Por lo tanto, hacemos todo lo posible para garantizar que el entorno sea c\u00e1lido y comprensivo.<br \/>\n&nbsp;<\/p>\n<p>Los estudiantes reciben diferentes tipos de apoyo, desde el inicio del proceso. El ulp\u00e1n les ayuda a aclimatarse dentro de la sociedad israel\u00ed y a encontrar una familia acompa\u00f1ante y una comunidad jud\u00eda apropiada cerca de la casa del estudiante.<br \/>\n&nbsp;<\/p>\n<p>El programa est\u00e1 aprobado por el Gran Rabinato de Israel y est\u00e1 bajo la supervisi\u00f3n de los ministerios gubernamentales pertinentes. Todos nuestros graduados se presentan ante un Beit Din de Jerusal\u00e9n (tribunal rab\u00ednico) bajo los auspicios del Gran Rabinato, donde se someten a una conversi\u00f3n formal o regreso al juda\u00edsmo. Desde que el instituto comenz\u00f3 a funcionar, hace 8 a\u00f1os, m\u00e1s de 700 alumnos han completado el programa y se han unido al pueblo de Israel. Hay una enorme demanda de este tipo de clases, y esperamos ampliar el programa en los pr\u00f3ximos a\u00f1os.<br \/>\n&nbsp;<\/p>\n<p>Maj\u00f3n Miriam lleva el nombre de la difunta Dra. Miriam Freund-Rosenthal de bendita memoria, quien se desempe\u00f1\u00f3 como presidenta nacional de Hadassah y cre\u00eda firmemente en ayudar a los jud\u00edos dondequiera que estuvieran. Fue en parte gracias a su inspiraci\u00f3n que Michael Freund, su nieto, fund\u00f3 Shavei Israel.<br \/>\n&nbsp;<br \/>\nEl pueblo jud\u00edo tiene la responsabilidad moral, hist\u00f3rica y religiosa de acercarse a los anusim y ayudarlos con su regreso. Sus antepasados fueron arrancados cruelmente de nosotros en contra de su voluntad, pero lograron preservar la chispa de la identidad jud\u00eda a lo largo de los siglos, a menudo con un gran riesgo personal para ellos y sus familias. Lo menos que podemos hacer ahora es reconocer su hero\u00edsmo y dedicaci\u00f3n, y extender una mano a aquellos que desean volver a casa con el pueblo jud\u00edo.<\/p>\n<p>&nbsp;[\/vc_column_text][vc_empty_space][\/vc_column][\/vc_row][vc_row css_animation=\u00bb\u00bb row_type=\u00bbrow\u00bb use_row_as_full_screen_section=\u00bbno\u00bb type=\u00bbgrid\u00bb angled_section=\u00bbno\u00bb text_align=\u00bbleft\u00bb background_image_as_pattern=\u00bbwithout_pattern\u00bb padding_top=\u00bb14&#8243; z_index=\u00bb\u00bb][vc_column width=\u00bb1\/3&#8243;][vc_single_image image=\u00bb146313&#8243; img_size=\u00bbfull\u00bb alignment=\u00bbcenter\u00bb qode_css_animation=\u00bb\u00bb][vc_column_text]<\/p>\n<h3 style=\"text-align: center;\">DETALLES DEL CURSO<\/h3>\n<p>[\/vc_column_text][vc_column_text]El curso est\u00e1 abierto tanto para hombres como para mujeres. Si la persona que busca la conversi\u00f3n est\u00e1 casada, su esposo o esposa deben asistir al curso con ellos. O si la persona que busca la conversi\u00f3n est\u00e1 comprometida en una relaci\u00f3n, su pareja tambi\u00e9n debe asistir al curso con ellos.<\/p>\n<p>&nbsp;[\/vc_column_text][\/vc_column][vc_column width=\u00bb1\/3&#8243;][vc_single_image image=\u00bb146322&#8243; img_size=\u00bbfull\u00bb alignment=\u00bbcenter\u00bb qode_css_animation=\u00bb\u00bb][vc_column_text]<\/p>\n<h3 style=\"text-align: center;\">LOS ESTUDIOS<\/h3>\n<p>[\/vc_column_text][vc_column_text]Las clases tienen lugar dos veces por semana, un total de 8 horas semanales y el curso dura aproximadamente un a\u00f1o.<\/p>\n<p>Los diferentes temas incluyen: Halaj\u00e1 (ley jud\u00eda) y tradici\u00f3n, historia jud\u00eda, emun\u00e1 (fe), pensamiento jud\u00edo, literatura hebrea y actualidad.<br \/>\n[\/vc_column_text][\/vc_column][vc_column width=\u00bb1\/3&#8243;][vc_single_image image=\u00bb146339&#8243; img_size=\u00bbfull\u00bb alignment=\u00bbcenter\u00bb qode_css_animation=\u00bb\u00bb][vc_column_text]<\/p>\n<h3 style=\"text-align: center;\">REQUISITOS<\/h3>\n<p>[\/vc_column_text][vc_column_text]<\/p>\n<ul>\n<li>Ser ciudadano israel\u00ed&nbsp;<\/li>\n<li>Ser un turista que asisti\u00f3 por m\u00e1s de un a\u00f1o a una comunidad jud\u00eda y tiene conocimientos b\u00e1sicos sobre el juda\u00edsmo. En este caso, Shavei Israel asiste al candidato para que este pueda pasar el comit\u00e9 especial del Ministerio del Interior y el Rabinato. La decisi\u00f3n final del comit\u00e9 especial no depende de Shavei Israel.<\/li>\n<\/ul>\n<p>[\/vc_column_text][\/vc_column][\/vc_row][vc_row css_animation=\u00bb\u00bb row_type=\u00bbrow\u00bb use_row_as_full_screen_section=\u00bbno\u00bb type=\u00bbfull_width\u00bb angled_section=\u00bbno\u00bb text_align=\u00bbleft\u00bb background_image_as_pattern=\u00bbwithout_pattern\u00bb][vc_column][vc_empty_space][\/vc_column][\/vc_row][vc_row css_animation=\u00bb\u00bb row_type=\u00bbrow\u00bb use_row_as_full_screen_section=\u00bbno\u00bb type=\u00bbgrid\u00bb angled_section=\u00bbno\u00bb text_align=\u00bbleft\u00bb background_image_as_pattern=\u00bbwithout_pattern\u00bb padding_top=\u00bb0&#8243; padding_bottom=\u00bb87&#8243; css=\u00bb.vc_custom_1666521926937{background-color: #ffffff !important;}\u00bb z_index=\u00bb\u00bb][vc_column width=\u00bb1\/6&#8243;][\/vc_column][vc_column width=\u00bb2\/3&#8243; css=\u00bb.vc_custom_1666521949040{border-top-width: 1px !important;border-right-width: 1px !important;border-bottom-width: 1px !important;border-left-width: 1px !important;padding-top: 10px !important;padding-right: 10px !important;padding-bottom: 10px !important;padding-left: 10px !important;border-left-color: #1e73be !important;border-left-style: solid !important;border-right-color: #1e73be !important;border-right-style: solid !important;border-top-color: #1e73be !important;border-top-style: solid !important;border-bottom-color: #1e73be !important;border-bottom-style: solid !important;border-radius: 5px !important;}\u00bb][vc_column_text]<\/p>\n<h3>CONT\u00c1CTENOS<\/h3>\n<p>[\/vc_column_text][vc_column_text]<\/p>\n<p style=\"text-align: left;\">Para m\u00e1s informaci\u00f3n sobre Maj\u00f3n Miriam, por favor escriba a Chaya Castillo, Coordinadora \u2013 <a href=\"mailto:chaya@shavei.org\">chaya@shavei.org<\/a> o llame al 054-902-7417<\/p>\n<p>[\/vc_column_text][\/vc_column][vc_column width=\u00bb1\/6&#8243;][\/vc_column][\/vc_row][vc_row css_animation=\u00bb\u00bb row_type=\u00bbrow\u00bb use_row_as_full_screen_section=\u00bbno\u00bb type=\u00bbfull_width\u00bb angled_section=\u00bbno\u00bb text_align=\u00bbleft\u00bb background_image_as_pattern=\u00bbwithout_pattern\u00bb][vc_column][vc_column_text]<\/p>\n<p>[\/vc_column_text][\/vc_column][\/vc_row][vc_row css_animation=\u00bb\u00bb row_type=\u00bbrow\u00bb use_row_as_full_screen_section=\u00bbno\u00bb type=\u00bbfull_width\u00bb angled_section=\u00bbno\u00bb text_align=\u00bbleft\u00bb background_image_as_pattern=\u00bbwithout_pattern\u00bb][vc_column][vc_column_text]<\/p>\n<p>[\/vc_column_text][\/vc_column][\/vc_row]<\/p>\n<\/div>","protected":false},"excerpt":{"rendered":"<p>[vc_row css_animation=\u00bb\u00bb row_type=\u00bbrow\u00bb use_row_as_full_screen_section=\u00bbno\u00bb type=\u00bbfull_width\u00bb angled_section=\u00bbno\u00bb text_align=\u00bbleft\u00bb background_image_as_pattern=\u00bbwithout_pattern\u00bb][vc_column][vc_single_image image=\u00bb164861&#8243; img_size=\u00bbfull\u00bb alignment=\u00bbcenter\u00bb qode_css_animation=\u00bb\u00bb][\/vc_column][\/vc_row][vc_row css_animation=\u00bb\u00bb row_type=\u00bbrow\u00bb use_row_as_full_screen_section=\u00bbno\u00bb type=\u00bbfull_width\u00bb angled_section=\u00bbno\u00bb text_align=\u00bbleft\u00bb background_image_as_pattern=\u00bbwithout_pattern\u00bb css=\u00bb.vc_custom_1666521067287{margin-top: 20px !important;margin-bottom: 20px !important;padding-top: 20px !important;padding-bottom: 20px !important;background-color: #eaeaea !important;}\u00bb z_index=\u00bb\u00bb][vc_column][vc_column_text]Maj\u00f3n Miriam es un Instituto de Conversi\u00f3n y Retorno en lengua espa\u00f1ola, portuguesa e italiana&#8230;<\/p>\n","protected":false},"author":8,"featured_media":0,"parent":0,"menu_order":0,"comment_status":"open","ping_status":"open","template":"","meta":{"give_campaign_id":0,"_exactmetrics_skip_tracking":false,"_exactmetrics_sitenote_active":false,"_exactmetrics_sitenote_note":"","_exactmetrics_sitenote_category":0,"ngg_post_thumbnail":0,"footnotes":""},"class_list":["post-24788","page","type-page","status-publish","hentry"],"yoast_head":"<!-- This site is optimized with the Yoast SEO plugin v27.1.1 - https:\/\/yoast.com\/product\/yoast-seo-wordpress\/ -->\n<title>Maj\u00f3n Miriam - Shavei Israel<\/title>\n<meta name=\"robots\" content=\"index, follow, max-snippet:-1, max-image-preview:large, max-video-preview:-1\" \/>\n<link rel=\"canonical\" href=\"https:\/\/www.shavei.org\/es\/conversion-institute\/\" \/>\n<meta property=\"og:locale\" content=\"es_ES\" \/>\n<meta property=\"og:type\" content=\"article\" \/>\n<meta property=\"og:title\" content=\"Maj\u00f3n Miriam - Shavei Israel\" \/>\n<meta property=\"og:description\" content=\"[vc_row css_animation=\u00bb\u00bb row_type=\u00bbrow\u00bb use_row_as_full_screen_section=\u00bbno\u00bb type=\u00bbfull_width\u00bb angled_section=\u00bbno\u00bb text_align=\u00bbleft\u00bb background_image_as_pattern=\u00bbwithout_pattern\u00bb][vc_column][vc_single_image image=\u00bb164861&#8243; img_size=\u00bbfull\u00bb alignment=\u00bbcenter\u00bb qode_css_animation=\u00bb\u00bb][\/vc_column][\/vc_row][vc_row css_animation=\u00bb\u00bb row_type=\u00bbrow\u00bb use_row_as_full_screen_section=\u00bbno\u00bb type=\u00bbfull_width\u00bb angled_section=\u00bbno\u00bb text_align=\u00bbleft\u00bb background_image_as_pattern=\u00bbwithout_pattern\u00bb css=\u00bb.vc_custom_1666521067287{margin-top: 20px !important;margin-bottom: 20px !important;padding-top: 20px !important;padding-bottom: 20px !important;background-color: #eaeaea !important;}\u00bb z_index=\u00bb\u00bb][vc_column][vc_column_text]Maj\u00f3n Miriam es un Instituto de Conversi\u00f3n y Retorno en lengua espa\u00f1ola, portuguesa e italiana...\" \/>\n<meta property=\"og:url\" content=\"https:\/\/www.shavei.org\/es\/conversion-institute\/\" \/>\n<meta property=\"og:site_name\" content=\"Shavei Israel\" \/>\n<meta property=\"article:modified_time\" content=\"2022-11-08T12:51:16+00:00\" \/>\n<meta name=\"twitter:card\" content=\"summary_large_image\" \/>\n<meta name=\"twitter:label1\" content=\"Tiempo de lectura\" \/>\n\t<meta name=\"twitter:data1\" content=\"4 minutos\" \/>\n<script type=\"application\/ld+json\" class=\"yoast-schema-graph\">{\"@context\":\"https:\/\/schema.org\",\"@graph\":[{\"@type\":\"WebPage\",\"@id\":\"https:\/\/www.shavei.org\/es\/conversion-institute\/\",\"url\":\"https:\/\/www.shavei.org\/es\/conversion-institute\/\",\"name\":\"Maj\u00f3n Miriam - Shavei Israel\",\"isPartOf\":{\"@id\":\"https:\/\/www.shavei.org\/#website\"},\"datePublished\":\"2016-01-05T20:45:18+00:00\",\"dateModified\":\"2022-11-08T12:51:16+00:00\",\"breadcrumb\":{\"@id\":\"https:\/\/www.shavei.org\/es\/conversion-institute\/#breadcrumb\"},\"inLanguage\":\"es\",\"potentialAction\":[{\"@type\":\"ReadAction\",\"target\":[\"https:\/\/www.shavei.org\/es\/conversion-institute\/\"]}]},{\"@type\":\"BreadcrumbList\",\"@id\":\"https:\/\/www.shavei.org\/es\/conversion-institute\/#breadcrumb\",\"itemListElement\":[{\"@type\":\"ListItem\",\"position\":1,\"name\":\"Home\",\"item\":\"https:\/\/www.shavei.org\/es\/\"},{\"@type\":\"ListItem\",\"position\":2,\"name\":\"Maj\u00f3n Miriam\"}]},{\"@type\":\"WebSite\",\"@id\":\"https:\/\/www.shavei.org\/#website\",\"url\":\"https:\/\/www.shavei.org\/\",\"name\":\"Shavei Israel\",\"description\":\"One nation, many faces. We help them all return.\",\"publisher\":{\"@id\":\"https:\/\/www.shavei.org\/#organization\"},\"potentialAction\":[{\"@type\":\"SearchAction\",\"target\":{\"@type\":\"EntryPoint\",\"urlTemplate\":\"https:\/\/www.shavei.org\/?s={search_term_string}\"},\"query-input\":{\"@type\":\"PropertyValueSpecification\",\"valueRequired\":true,\"valueName\":\"search_term_string\"}}],\"inLanguage\":\"es\"},{\"@type\":\"Organization\",\"@id\":\"https:\/\/www.shavei.org\/#organization\",\"name\":\"Shavei Israel\",\"url\":\"https:\/\/www.shavei.org\/\",\"logo\":{\"@type\":\"ImageObject\",\"inLanguage\":\"es\",\"@id\":\"https:\/\/www.shavei.org\/#\/schema\/logo\/image\/\",\"url\":\"https:\/\/www.shavei.org\/wp-content\/uploads\/2017\/10\/shavei-logo.jpg\",\"contentUrl\":\"https:\/\/www.shavei.org\/wp-content\/uploads\/2017\/10\/shavei-logo.jpg\",\"width\":300,\"height\":285,\"caption\":\"Shavei Israel\"},\"image\":{\"@id\":\"https:\/\/www.shavei.org\/#\/schema\/logo\/image\/\"}}]}<\/script>\n<!-- \/ Yoast SEO plugin. -->","yoast_head_json":{"title":"Maj\u00f3n Miriam - Shavei Israel","robots":{"index":"index","follow":"follow","max-snippet":"max-snippet:-1","max-image-preview":"max-image-preview:large","max-video-preview":"max-video-preview:-1"},"canonical":"https:\/\/www.shavei.org\/es\/conversion-institute\/","og_locale":"es_ES","og_type":"article","og_title":"Maj\u00f3n Miriam - Shavei Israel","og_description":"[vc_row css_animation=\u00bb\u00bb row_type=\u00bbrow\u00bb use_row_as_full_screen_section=\u00bbno\u00bb type=\u00bbfull_width\u00bb angled_section=\u00bbno\u00bb text_align=\u00bbleft\u00bb background_image_as_pattern=\u00bbwithout_pattern\u00bb][vc_column][vc_single_image image=\u00bb164861&#8243; img_size=\u00bbfull\u00bb alignment=\u00bbcenter\u00bb qode_css_animation=\u00bb\u00bb][\/vc_column][\/vc_row][vc_row css_animation=\u00bb\u00bb row_type=\u00bbrow\u00bb use_row_as_full_screen_section=\u00bbno\u00bb type=\u00bbfull_width\u00bb angled_section=\u00bbno\u00bb text_align=\u00bbleft\u00bb background_image_as_pattern=\u00bbwithout_pattern\u00bb css=\u00bb.vc_custom_1666521067287{margin-top: 20px !important;margin-bottom: 20px !important;padding-top: 20px !important;padding-bottom: 20px !important;background-color: #eaeaea !important;}\u00bb z_index=\u00bb\u00bb][vc_column][vc_column_text]Maj\u00f3n Miriam es un Instituto de Conversi\u00f3n y Retorno en lengua espa\u00f1ola, portuguesa e italiana...","og_url":"https:\/\/www.shavei.org\/es\/conversion-institute\/","og_site_name":"Shavei Israel","article_modified_time":"2022-11-08T12:51:16+00:00","twitter_card":"summary_large_image","twitter_misc":{"Tiempo de lectura":"4 minutos"},"schema":{"@context":"https:\/\/schema.org","@graph":[{"@type":"WebPage","@id":"https:\/\/www.shavei.org\/es\/conversion-institute\/","url":"https:\/\/www.shavei.org\/es\/conversion-institute\/","name":"Maj\u00f3n Miriam - Shavei Israel","isPartOf":{"@id":"https:\/\/www.shavei.org\/#website"},"datePublished":"2016-01-05T20:45:18+00:00","dateModified":"2022-11-08T12:51:16+00:00","breadcrumb":{"@id":"https:\/\/www.shavei.org\/es\/conversion-institute\/#breadcrumb"},"inLanguage":"es","potentialAction":[{"@type":"ReadAction","target":["https:\/\/www.shavei.org\/es\/conversion-institute\/"]}]},{"@type":"BreadcrumbList","@id":"https:\/\/www.shavei.org\/es\/conversion-institute\/#breadcrumb","itemListElement":[{"@type":"ListItem","position":1,"name":"Home","item":"https:\/\/www.shavei.org\/es\/"},{"@type":"ListItem","position":2,"name":"Maj\u00f3n Miriam"}]},{"@type":"WebSite","@id":"https:\/\/www.shavei.org\/#website","url":"https:\/\/www.shavei.org\/","name":"Shavei Israel","description":"One nation, many faces. We help them all return.","publisher":{"@id":"https:\/\/www.shavei.org\/#organization"},"potentialAction":[{"@type":"SearchAction","target":{"@type":"EntryPoint","urlTemplate":"https:\/\/www.shavei.org\/?s={search_term_string}"},"query-input":{"@type":"PropertyValueSpecification","valueRequired":true,"valueName":"search_term_string"}}],"inLanguage":"es"},{"@type":"Organization","@id":"https:\/\/www.shavei.org\/#organization","name":"Shavei Israel","url":"https:\/\/www.shavei.org\/","logo":{"@type":"ImageObject","inLanguage":"es","@id":"https:\/\/www.shavei.org\/#\/schema\/logo\/image\/","url":"https:\/\/www.shavei.org\/wp-content\/uploads\/2017\/10\/shavei-logo.jpg","contentUrl":"https:\/\/www.shavei.org\/wp-content\/uploads\/2017\/10\/shavei-logo.jpg","width":300,"height":285,"caption":"Shavei Israel"},"image":{"@id":"https:\/\/www.shavei.org\/#\/schema\/logo\/image\/"}}]}},"campaignId":"","_links":{"self":[{"href":"https:\/\/www.shavei.org\/es\/wp-json\/wp\/v2\/pages\/24788","targetHints":{"allow":["GET"]}}],"collection":[{"href":"https:\/\/www.shavei.org\/es\/wp-json\/wp\/v2\/pages"}],"about":[{"href":"https:\/\/www.shavei.org\/es\/wp-json\/wp\/v2\/types\/page"}],"author":[{"embeddable":true,"href":"https:\/\/www.shavei.org\/es\/wp-json\/wp\/v2\/users\/8"}],"replies":[{"embeddable":true,"href":"https:\/\/www.shavei.org\/es\/wp-json\/wp\/v2\/comments?post=24788"}],"version-history":[{"count":15,"href":"https:\/\/www.shavei.org\/es\/wp-json\/wp\/v2\/pages\/24788\/revisions"}],"predecessor-version":[{"id":165041,"href":"https:\/\/www.shavei.org\/es\/wp-json\/wp\/v2\/pages\/24788\/revisions\/165041"}],"wp:attachment":[{"href":"https:\/\/www.shavei.org\/es\/wp-json\/wp\/v2\/media?parent=24788"}],"curies":[{"name":"wp","href":"https:\/\/api.w.org\/{rel}","templated":true}]}}