{"id":24783,"date":"2016-01-05T20:39:30","date_gmt":"2016-01-05T20:39:30","guid":{"rendered":"https:\/\/www.shavei.org\/es\/?page_id=24783"},"modified":"2017-03-15T14:49:52","modified_gmt":"2017-03-15T12:49:52","slug":"jews-amazon","status":"publish","type":"page","link":"https:\/\/www.shavei.org\/es\/communities\/jews-amazon\/","title":{"rendered":"Los Jud\u00edos del Amazonas"},"content":{"rendered":"<div class=\"wpb-content-wrapper\"><p>[vc_row row_type=\u00bbrow\u00bb use_row_as_full_screen_section=\u00bbno\u00bb type=\u00bbfull_width\u00bb angled_section=\u00bbno\u00bb text_align=\u00bbleft\u00bb background_image_as_pattern=\u00bbwithout_pattern\u00bb css_animation=\u00bb\u00bb][vc_column][vc_separator type=\u00bbtransparent\u00bb up=\u00bb39&#8243; down=\u00bb0&#8243;][\/vc_column][\/vc_row][vc_row row_type=\u00bbrow\u00bb use_row_as_full_screen_section=\u00bbno\u00bb type=\u00bbgrid\u00bb angled_section=\u00bbno\u00bb text_align=\u00bbleft\u00bb background_image_as_pattern=\u00bbwithout_pattern\u00bb background_color=\u00bb#ffffff\u00bb padding_top=\u00bb0&#8243; css_animation=\u00bb\u00bb][vc_column width=\u00bb1\/2&#8243;][vc_row_inner row_type=\u00bbrow\u00bb type=\u00bbfull_width\u00bb text_align=\u00bbcenter\u00bb css_animation=\u00bb\u00bb][vc_column_inner][vc_column_text]<\/p>\n<p style=\"text-align: justify; padding-bottom: 10px;\">A finales del siglo pasado, un boom en la actividad local del caucho dio inicio a una transformaci\u00f3n econ\u00f3mica y social de la regi\u00f3n del amazonas.<\/p>\n<p style=\"text-align: justify; padding-bottom: 10px;\">Millares de inmigrantes del otro lado del Atl\u00e1ntico, incluyendo muchos j\u00f3venes jud\u00edos marroqu\u00edes, emprendieron su camino para Am\u00e9rica del Sur en b\u00fasqueda de un mejor futuro.<\/p>\n<p style=\"text-align: justify; padding-bottom: 10px;\">Inicialmente, los marroqu\u00edes no tuvieron intenci\u00f3n de permanecer por mucho tiempo, sin embargo, muchos acabaron cas\u00e1ndose con mujeres locales. A pesar de todo, los jud\u00edos marroqu\u00edes inculcaron a sus descendientes un profundo arraigo al juda\u00edsmo, instuy\u00e9ndolos para nunca olvidar sus or\u00edgenes.<\/p>\n<p style=\"text-align: justify; padding-bottom: 10px;\">Varios de los dichos descendientes, tienen nombres jud\u00edos tales como Cohen, Ben-Zaken o Ben-Shimon, mientras que su apariencia externa es muchas veces pr\u00e1cticamente indistinguible del resto de la poblaci\u00f3n local.<\/p>\n<p style=\"text-align: justify; padding-bottom: 10px;\">Recientemente, sus hijos, nietos y hasta bisnietos, comenzaron a reivindicar su herencia jud\u00eda, retornando a su tradici\u00f3n y tierra ancestral.<\/p>\n<p>[\/vc_column_text][vc_separator type=\u00bbtransparent\u00bb up=\u00bb55&#8243; down=\u00bb0&#8243;][\/vc_column_inner][\/vc_row_inner][\/vc_column]<\/p>\n<p>[vc_column width=\u00bb1\/2&#8243;][vc_column_text]<\/p>\n<h3 style=\"text-align: center;\">Art\u00edculos Diversos<\/h3>\n<p>[\/vc_column_text][vc_separator type=\u00bbsmall\u00bb position=\u00bbcenter\u00bb up=\u00bb7&#8243; down=\u00bb45&#8243;][latest_post type=\u00bbimage_in_box\u00bb order_by=\u00bbdate\u00bb order=\u00bbDESC\u00bb display_category=\u00bb0&#8243; display_time=\u00bb1&#8243; display_comments=\u00bb0&#8243; display_like=\u00bb0&#8243; display_share=\u00bb0&#8243; number_of_posts=\u00bb3&#8243; text_length=\u00bb85&#8243; category=\u00bbjudios-amazonas\u00bb][vc_separator type=\u00bbtransparent\u00bb up=\u00bb12&#8243; down=\u00bb0&#8243;][button icon=\u00bb\u00bb target=\u00bb_self\u00bb text=\u00bbM\u00e1s Art\u00edculos\u00bb link=\u00bbhttps:\/\/www.shavei.org\/es\/judios-amazonas\/\u00bb][vc_separator type=\u00bbtransparent\u00bb up=\u00bb55&#8243; down=\u00bb0&#8243;][\/vc_column][\/vc_row][vc_row row_type=\u00bbrow\u00bb use_row_as_full_screen_section=\u00bbno\u00bb type=\u00bbfull_width\u00bb angled_section=\u00bbno\u00bb text_align=\u00bbleft\u00bb background_image_as_pattern=\u00bbwithout_pattern\u00bb css_animation=\u00bb\u00bb][vc_column][vc_column_text][\/vc_column_text][\/vc_column][\/vc_row]<\/p>\n<p>[vc_row row_type=\u00bbparallax\u00bb type=\u00bbfull_width\u00bb text_align=\u00bbleft\u00bb background_image=\u00bb34648&#8243; section_height=\u00bb490&#8243;][vc_column width=\u00bb1\/1&#8243;][vc_separator type=\u00bbtransparent\u00bb position=\u00bbcenter\u00bb up=\u00bb162&#8243; down=\u00bb0&#8243;][custom_font font_family=\u00bbRaleway\u00bb font_size=\u00bb35&#8243; line_height=\u00bb40&#8243; font_style=\u00bbnormal\u00bb text_align=\u00bbleft\u00bb font_weight=\u00bb600&#8243; text_decoration=\u00bbnone\u00bb text_shadow=\u00bbno\u00bb padding=\u00bb17px\u00bb margin=\u00bb0&#8243; border_color=\u00bb#ffffff\u00bb border_width=\u00bb1&#8243; color=\u00bb#ffffff\u00bb letter_spacing=\u00bb1&#8243;]<\/p>\n<h2 style=\"text-align: center;\"><span style=\"color: #ffffff;\">Suscr\u00edbase a nuestro bolet\u00edn informativo<\/span><\/h2>\n<p>[\/custom_font][vc_separator type=\u00bbtransparent\u00bb position=\u00bbcenter\u00bb down=\u00bb10&#8243; up=\u00bb20&#8243;][vc_column_text]<\/p>\n<h6 style=\"text-align: center;\"><span style=\"color: #ffffff;\">Y reciba informaci\u00f3n sobre juda\u00edsmo y las actividades de <strong><span style=\"color: #f53644;\">Shavei Israel<\/span><\/strong> en el mundo.<\/span><\/h6>\n<h6 style=\"text-align: center;\"><span style=\"color: #ffffff;\">Respetamos su privacidad y no toleramos el spam. <!-- View our archives here.--><\/span>[vc_separator type=\u00bbtransparent\u00bb position=\u00bbcenter\u00bb down=\u00bb29&#8243; up=\u00bb5&#8243;][button target=\u00bb_self\u00bb text=\u00bbSUSCR\u00cdBAME\u00bb link=\u00bbhttps:\/\/eepurl.com\/cadWfr\u00bb text_align=\u00bbcenter\u00bb size=\u00bblarge\u00bb]<\/h6>\n<p>[\/vc_column_text][vc_separator type=\u00bbtransparent\u00bb position=\u00bbcenter\u00bb up=\u00bb151&#8243; down=\u00bb0&#8243;][\/vc_column][\/vc_row]<\/p>\n<p>[vc_row row_type=\u00bbrow\u00bb use_row_as_full_screen_section=\u00bbno\u00bb type=\u00bbgrid\u00bb angled_section=\u00bbno\u00bb text_align=\u00bbleft\u00bb background_image_as_pattern=\u00bbwithout_pattern\u00bb padding_top=\u00bb0&#8243; padding_bottom=\u00bb60&#8243; css_animation=\u00bb\u00bb][vc_column][vc_column_text]<\/p>\n<h2 style=\"text-align: center;\">NUESTRAS HISTORIAS<\/h2>\n<p>[\/vc_column_text][vc_separator type=\u00bbsmall\u00bb position=\u00bbcenter\u00bb up=\u00bb7&#8243; down=\u00bb45&#8243;][latest_post type=\u00bbboxes\u00bb number_of_colums=\u00bb3&#8243; number_of_rows=\u00bb1&#8243; order_by=\u00bbtitle\u00bb order=\u00bbDESC\u00bb display_category=\u00bb0&#8243; display_time=\u00bb1&#8243; display_comments=\u00bb0&#8243; display_like=\u00bb0&#8243; display_share=\u00bb0&#8243; text_length=\u00bb110&#8243; category=\u00bbamazonas-historias-personales\u00bb][vc_column_text]<\/p>\n<h6 style=\"text-align: center;\">[button target=\u00bb_self\u00bb text=\u00bbM\u00e1s Historias Personales\u00bb link=\u00bbhttps:\/\/www.shavei.org\/es\/judios-amazonas\/amazonas-historias-personales\/\u00bb text_align=\u00bbcenter\u00bb size=\u00bblarge\u00bb][vc_separator type=\u00bbtransparent\u00bb position=\u00bbcenter\u00bb down=\u00bb29&#8243; up=\u00bb5&#8243;]<\/h6>\n<p>[\/vc_column_text][\/vc_column][\/vc_row]<\/p>\n<p>[vc_row row_type=\u00bbrow\u00bb use_row_as_full_screen_section=\u00bbno\u00bb type=\u00bbgrid\u00bb angled_section=\u00bbno\u00bb text_align=\u00bbleft\u00bb background_image_as_pattern=\u00bbwithout_pattern\u00bb background_color=\u00bb#ffffff\u00bb padding_top=\u00bb0&#8243; padding_bottom=\u00bb0&#8243; css_animation=\u00bb\u00bb]<br \/>\n[vc_column width=\u00bb1\/2&#8243;][vc_single_image image=\u00bb47492&#8243; img_link_target=\u00bb_self\u00bb img_size=\u00bbfull\u00bb][vc_separator type=\u00bbtransparent\u00bb position=\u00bbcenter\u00bb up=\u00bb17&#8243; down=\u00bb0&#8243;][vc_column_text]<\/p>\n<h3>Venta de Libros<\/h3>\n<p>[\/vc_column_text][vc_separator type=\u00bbtransparent\u00bb position=\u00bbcenter\u00bb up=\u00bb10&#8243; down=\u00bb0&#8243;][vc_column_text]Ofrecemos una gran variedad de libros sobre juda\u00edsmo y materiales educativos en distintos idiomas.[\/vc_column_text][vc_separator type=\u00bbtransparent\u00bb position=\u00bbcenter\u00bb up=\u00bb12&#8243; down=\u00bb0&#8243;][button target=\u00bb_blank\u00bb text=\u00bbIngrese a la tienda\u00bb link=\u00bbhttps:\/\/shop.shavei.org\/es\/\u00bb][vc_separator type=\u00bbtransparent\u00bb up=\u00bb55&#8243; down=\u00bb0&#8243;][\/vc_column]<\/p>\n<p>[vc_column width=\u00bb1\/2&#8243;][vc_separator type=\u00bbtransparent\u00bb up=\u00bb5&#8243; down=\u00bb0&#8243;][vc_tabs style=\u00bbboxed\u00bb][vc_tab title=\u00bbVideo\u00bb tab_id=\u00bb1394008745-1-47&#8243;][vc_column_text]<\/p>\n<h4>Nuestros videos muestran las conmovedoras historias de Shavei Israel alrededor del mundo.<\/h4>\n<p>[\/vc_column_text][vc_separator type=\u00bbtransparent\u00bb up=\u00bb10&#8243; down=\u00bb9&#8243;][vc_column_text][latest_post type=\u00bbminimal\u00bb order_by=\u00bbdate\u00bb order=\u00bbDESC\u00bb display_category=\u00bb0&#8243; display_time=\u00bb0&#8243; display_comments=\u00bb0&#8243; display_like=\u00bb0&#8243; number_of_posts=\u00bb3&#8243; category=\u00bbamazonas-video\u00bb][vc_separator type=\u00bbtransparent\u00bb position=\u00bbleft\u00bb up=\u00bb24&#8243; down=\u00bb0&#8243;][button target=\u00bb_self\u00bb text=\u00bbM\u00e1s Jud\u00edos del Amazonas: Video\u00bb link=\u00bbhttps:\/\/www.shavei.org\/es\/judios-amazonas\/amazonas-video\/\u00bb]<br \/>\n[\/vc_column_text][\/vc_tab][vc_tab title=\u00bbAudio\u00bb tab_id=\u00bb1394009428092-2-9&#8243;][vc_column_text]<\/p>\n<h4>Los archivos de audio incluyen entrevistas de radio sobre las distintas comunidades.<\/h4>\n<p>[\/vc_column_text][vc_separator type=\u00bbtransparent\u00bb up=\u00bb10&#8243; down=\u00bb9&#8243;][vc_column_text][latest_post type=\u00bbminimal\u00bb order_by=\u00bbdate\u00bb order=\u00bbDESC\u00bb display_category=\u00bb0&#8243; display_time=\u00bb0&#8243; display_comments=\u00bb0&#8243; display_like=\u00bb0&#8243; number_of_posts=\u00bb3&#8243; category=\u00bbamazonas-audio\u00bb][vc_separator type=\u00bbtransparent\u00bb position=\u00bbleft\u00bb up=\u00bb24&#8243; down=\u00bb0&#8243;][button target=\u00bb_self\u00bb text=\u00bbM\u00e1s Jud\u00edos del Amazonas: Audio\u00bb link=\u00bbhttps:\/\/www.shavei.org\/es\/judios-amazonas\/amazonas-audio\/\u00bb][\/vc_column_text][\/vc_tab][vc_tab title=\u00bbFotos\u00bb tab_id=\u00bb1394009434523-2-2&#8243;][vc_column_text]<\/p>\n<h4>Nuestras im\u00e1genes cuentan cara a cara la historia de quienes\u00a0retornan al juda\u00edsmo.<\/h4>\n<p>[\/vc_column_text][vc_separator type=\u00bbtransparent\u00bb up=\u00bb10&#8243; down=\u00bb9&#8243;][vc_column_text][latest_post type=\u00bbminimal\u00bb order_by=\u00bbdate\u00bb order=\u00bbDESC\u00bb display_category=\u00bb0&#8243; display_time=\u00bb0&#8243; display_comments=\u00bb0&#8243; display_like=\u00bb0&#8243; number_of_posts=\u00bb3&#8243; category=\u00bbamazonas-fotos\u00bb][vc_separator type=\u00bbtransparent\u00bb position=\u00bbleft\u00bb up=\u00bb24&#8243; down=\u00bb0&#8243;][button target=\u00bb_self\u00bb text=\u00bbM\u00e1s Jud\u00edos del Amazonas: Fotos\u00bb link=\u00bbhttps:\/\/www.shavei.org\/es\/judios-amazonas\/amazonas-fotos\/\u00bb][\/vc_column_text][\/vc_tab][\/vc_tabs][vc_separator type=\u00bbtransparent\u00bb up=\u00bb55&#8243; down=\u00bb0&#8243;][\/vc_column][\/vc_row]<\/p>\n<\/div>","protected":false},"excerpt":{"rendered":"<p>[vc_row row_type=\u00bbrow\u00bb use_row_as_full_screen_section=\u00bbno\u00bb type=\u00bbfull_width\u00bb angled_section=\u00bbno\u00bb text_align=\u00bbleft\u00bb background_image_as_pattern=\u00bbwithout_pattern\u00bb css_animation=\u00bb\u00bb][vc_column][vc_separator type=\u00bbtransparent\u00bb up=\u00bb39&#8243; down=\u00bb0&#8243;][\/vc_column][\/vc_row][vc_row row_type=\u00bbrow\u00bb use_row_as_full_screen_section=\u00bbno\u00bb type=\u00bbgrid\u00bb angled_section=\u00bbno\u00bb text_align=\u00bbleft\u00bb background_image_as_pattern=\u00bbwithout_pattern\u00bb background_color=\u00bb#ffffff\u00bb padding_top=\u00bb0&#8243; css_animation=\u00bb\u00bb][vc_column width=\u00bb1\/2&#8243;][vc_row_inner row_type=\u00bbrow\u00bb type=\u00bbfull_width\u00bb text_align=\u00bbcenter\u00bb css_animation=\u00bb\u00bb][vc_column_inner][vc_column_text] A finales del siglo pasado, un boom en la actividad local del caucho dio inicio a una transformaci\u00f3n econ\u00f3mica y&#8230;<\/p>\n","protected":false},"author":8,"featured_media":0,"parent":24769,"menu_order":0,"comment_status":"open","ping_status":"open","template":"full_width.php","meta":{"give_campaign_id":0,"_exactmetrics_skip_tracking":false,"_exactmetrics_sitenote_active":false,"_exactmetrics_sitenote_note":"","_exactmetrics_sitenote_category":0,"ngg_post_thumbnail":0,"footnotes":""},"class_list":["post-24783","page","type-page","status-publish","hentry"],"yoast_head":"<!-- This site is optimized with the Yoast SEO plugin v27.4 - https:\/\/yoast.com\/product\/yoast-seo-wordpress\/ -->\n<title>Los Jud\u00edos del Amazonas - Shavei Israel<\/title>\n<meta name=\"robots\" content=\"index, follow, max-snippet:-1, max-image-preview:large, max-video-preview:-1\" \/>\n<link rel=\"canonical\" href=\"https:\/\/www.shavei.org\/es\/communities\/jews-amazon\/\" \/>\n<meta property=\"og:locale\" content=\"es_ES\" \/>\n<meta property=\"og:type\" content=\"article\" \/>\n<meta property=\"og:title\" content=\"Los Jud\u00edos del Amazonas - Shavei Israel\" \/>\n<meta property=\"og:description\" content=\"[vc_row row_type=\u00bbrow\u00bb use_row_as_full_screen_section=\u00bbno\u00bb type=\u00bbfull_width\u00bb angled_section=\u00bbno\u00bb text_align=\u00bbleft\u00bb background_image_as_pattern=\u00bbwithout_pattern\u00bb css_animation=\u00bb\u00bb][vc_column][vc_separator type=\u00bbtransparent\u00bb up=\u00bb39&#8243; down=\u00bb0&#8243;][\/vc_column][\/vc_row][vc_row row_type=\u00bbrow\u00bb use_row_as_full_screen_section=\u00bbno\u00bb type=\u00bbgrid\u00bb angled_section=\u00bbno\u00bb text_align=\u00bbleft\u00bb background_image_as_pattern=\u00bbwithout_pattern\u00bb background_color=\u00bb#ffffff\u00bb padding_top=\u00bb0&#8243; css_animation=\u00bb\u00bb][vc_column width=\u00bb1\/2&#8243;][vc_row_inner row_type=\u00bbrow\u00bb type=\u00bbfull_width\u00bb text_align=\u00bbcenter\u00bb css_animation=\u00bb\u00bb][vc_column_inner][vc_column_text] A finales del siglo pasado, un boom en la actividad local del caucho dio inicio a una transformaci\u00f3n econ\u00f3mica y...\" \/>\n<meta property=\"og:url\" content=\"https:\/\/www.shavei.org\/es\/communities\/jews-amazon\/\" \/>\n<meta property=\"og:site_name\" content=\"Shavei Israel\" \/>\n<meta property=\"article:modified_time\" content=\"2017-03-15T12:49:52+00:00\" \/>\n<meta name=\"twitter:card\" content=\"summary_large_image\" \/>\n<meta name=\"twitter:label1\" content=\"Tiempo de lectura\" \/>\n\t<meta name=\"twitter:data1\" content=\"5 minutos\" \/>\n<script type=\"application\/ld+json\" class=\"yoast-schema-graph\">{\"@context\":\"https:\\\/\\\/schema.org\",\"@graph\":[{\"@type\":\"WebPage\",\"@id\":\"https:\\\/\\\/www.shavei.org\\\/es\\\/communities\\\/jews-amazon\\\/\",\"url\":\"https:\\\/\\\/www.shavei.org\\\/es\\\/communities\\\/jews-amazon\\\/\",\"name\":\"Los Jud\u00edos del Amazonas - Shavei Israel\",\"isPartOf\":{\"@id\":\"https:\\\/\\\/www.shavei.org\\\/#website\"},\"datePublished\":\"2016-01-05T20:39:30+00:00\",\"dateModified\":\"2017-03-15T12:49:52+00:00\",\"breadcrumb\":{\"@id\":\"https:\\\/\\\/www.shavei.org\\\/es\\\/communities\\\/jews-amazon\\\/#breadcrumb\"},\"inLanguage\":\"es\",\"potentialAction\":[{\"@type\":\"ReadAction\",\"target\":[\"https:\\\/\\\/www.shavei.org\\\/es\\\/communities\\\/jews-amazon\\\/\"]}]},{\"@type\":\"BreadcrumbList\",\"@id\":\"https:\\\/\\\/www.shavei.org\\\/es\\\/communities\\\/jews-amazon\\\/#breadcrumb\",\"itemListElement\":[{\"@type\":\"ListItem\",\"position\":1,\"name\":\"Home\",\"item\":\"https:\\\/\\\/www.shavei.org\\\/es\\\/\"},{\"@type\":\"ListItem\",\"position\":2,\"name\":\"Comunidades\",\"item\":\"https:\\\/\\\/www.shavei.org\\\/es\\\/communities\\\/\"},{\"@type\":\"ListItem\",\"position\":3,\"name\":\"Los Jud\u00edos del Amazonas\"}]},{\"@type\":\"WebSite\",\"@id\":\"https:\\\/\\\/www.shavei.org\\\/#website\",\"url\":\"https:\\\/\\\/www.shavei.org\\\/\",\"name\":\"Shavei Israel\",\"description\":\"One nation, many faces. We help them all return.\",\"publisher\":{\"@id\":\"https:\\\/\\\/www.shavei.org\\\/#organization\"},\"potentialAction\":[{\"@type\":\"SearchAction\",\"target\":{\"@type\":\"EntryPoint\",\"urlTemplate\":\"https:\\\/\\\/www.shavei.org\\\/?s={search_term_string}\"},\"query-input\":{\"@type\":\"PropertyValueSpecification\",\"valueRequired\":true,\"valueName\":\"search_term_string\"}}],\"inLanguage\":\"es\"},{\"@type\":\"Organization\",\"@id\":\"https:\\\/\\\/www.shavei.org\\\/#organization\",\"name\":\"Shavei Israel\",\"url\":\"https:\\\/\\\/www.shavei.org\\\/\",\"logo\":{\"@type\":\"ImageObject\",\"inLanguage\":\"es\",\"@id\":\"https:\\\/\\\/www.shavei.org\\\/#\\\/schema\\\/logo\\\/image\\\/\",\"url\":\"https:\\\/\\\/www.shavei.org\\\/wp-content\\\/uploads\\\/2017\\\/10\\\/shavei-logo.jpg\",\"contentUrl\":\"https:\\\/\\\/www.shavei.org\\\/wp-content\\\/uploads\\\/2017\\\/10\\\/shavei-logo.jpg\",\"width\":300,\"height\":285,\"caption\":\"Shavei Israel\"},\"image\":{\"@id\":\"https:\\\/\\\/www.shavei.org\\\/#\\\/schema\\\/logo\\\/image\\\/\"}}]}<\/script>\n<!-- \/ Yoast SEO plugin. -->","yoast_head_json":{"title":"Los Jud\u00edos del Amazonas - Shavei Israel","robots":{"index":"index","follow":"follow","max-snippet":"max-snippet:-1","max-image-preview":"max-image-preview:large","max-video-preview":"max-video-preview:-1"},"canonical":"https:\/\/www.shavei.org\/es\/communities\/jews-amazon\/","og_locale":"es_ES","og_type":"article","og_title":"Los Jud\u00edos del Amazonas - Shavei Israel","og_description":"[vc_row row_type=\u00bbrow\u00bb use_row_as_full_screen_section=\u00bbno\u00bb type=\u00bbfull_width\u00bb angled_section=\u00bbno\u00bb text_align=\u00bbleft\u00bb background_image_as_pattern=\u00bbwithout_pattern\u00bb css_animation=\u00bb\u00bb][vc_column][vc_separator type=\u00bbtransparent\u00bb up=\u00bb39&#8243; down=\u00bb0&#8243;][\/vc_column][\/vc_row][vc_row row_type=\u00bbrow\u00bb use_row_as_full_screen_section=\u00bbno\u00bb type=\u00bbgrid\u00bb angled_section=\u00bbno\u00bb text_align=\u00bbleft\u00bb background_image_as_pattern=\u00bbwithout_pattern\u00bb background_color=\u00bb#ffffff\u00bb padding_top=\u00bb0&#8243; css_animation=\u00bb\u00bb][vc_column width=\u00bb1\/2&#8243;][vc_row_inner row_type=\u00bbrow\u00bb type=\u00bbfull_width\u00bb text_align=\u00bbcenter\u00bb css_animation=\u00bb\u00bb][vc_column_inner][vc_column_text] A finales del siglo pasado, un boom en la actividad local del caucho dio inicio a una transformaci\u00f3n econ\u00f3mica y...","og_url":"https:\/\/www.shavei.org\/es\/communities\/jews-amazon\/","og_site_name":"Shavei Israel","article_modified_time":"2017-03-15T12:49:52+00:00","twitter_card":"summary_large_image","twitter_misc":{"Tiempo de lectura":"5 minutos"},"schema":{"@context":"https:\/\/schema.org","@graph":[{"@type":"WebPage","@id":"https:\/\/www.shavei.org\/es\/communities\/jews-amazon\/","url":"https:\/\/www.shavei.org\/es\/communities\/jews-amazon\/","name":"Los Jud\u00edos del Amazonas - Shavei Israel","isPartOf":{"@id":"https:\/\/www.shavei.org\/#website"},"datePublished":"2016-01-05T20:39:30+00:00","dateModified":"2017-03-15T12:49:52+00:00","breadcrumb":{"@id":"https:\/\/www.shavei.org\/es\/communities\/jews-amazon\/#breadcrumb"},"inLanguage":"es","potentialAction":[{"@type":"ReadAction","target":["https:\/\/www.shavei.org\/es\/communities\/jews-amazon\/"]}]},{"@type":"BreadcrumbList","@id":"https:\/\/www.shavei.org\/es\/communities\/jews-amazon\/#breadcrumb","itemListElement":[{"@type":"ListItem","position":1,"name":"Home","item":"https:\/\/www.shavei.org\/es\/"},{"@type":"ListItem","position":2,"name":"Comunidades","item":"https:\/\/www.shavei.org\/es\/communities\/"},{"@type":"ListItem","position":3,"name":"Los Jud\u00edos del Amazonas"}]},{"@type":"WebSite","@id":"https:\/\/www.shavei.org\/#website","url":"https:\/\/www.shavei.org\/","name":"Shavei Israel","description":"One nation, many faces. We help them all return.","publisher":{"@id":"https:\/\/www.shavei.org\/#organization"},"potentialAction":[{"@type":"SearchAction","target":{"@type":"EntryPoint","urlTemplate":"https:\/\/www.shavei.org\/?s={search_term_string}"},"query-input":{"@type":"PropertyValueSpecification","valueRequired":true,"valueName":"search_term_string"}}],"inLanguage":"es"},{"@type":"Organization","@id":"https:\/\/www.shavei.org\/#organization","name":"Shavei Israel","url":"https:\/\/www.shavei.org\/","logo":{"@type":"ImageObject","inLanguage":"es","@id":"https:\/\/www.shavei.org\/#\/schema\/logo\/image\/","url":"https:\/\/www.shavei.org\/wp-content\/uploads\/2017\/10\/shavei-logo.jpg","contentUrl":"https:\/\/www.shavei.org\/wp-content\/uploads\/2017\/10\/shavei-logo.jpg","width":300,"height":285,"caption":"Shavei Israel"},"image":{"@id":"https:\/\/www.shavei.org\/#\/schema\/logo\/image\/"}}]}},"campaignId":"","_links":{"self":[{"href":"https:\/\/www.shavei.org\/es\/wp-json\/wp\/v2\/pages\/24783","targetHints":{"allow":["GET"]}}],"collection":[{"href":"https:\/\/www.shavei.org\/es\/wp-json\/wp\/v2\/pages"}],"about":[{"href":"https:\/\/www.shavei.org\/es\/wp-json\/wp\/v2\/types\/page"}],"author":[{"embeddable":true,"href":"https:\/\/www.shavei.org\/es\/wp-json\/wp\/v2\/users\/8"}],"replies":[{"embeddable":true,"href":"https:\/\/www.shavei.org\/es\/wp-json\/wp\/v2\/comments?post=24783"}],"version-history":[{"count":10,"href":"https:\/\/www.shavei.org\/es\/wp-json\/wp\/v2\/pages\/24783\/revisions"}],"predecessor-version":[{"id":47521,"href":"https:\/\/www.shavei.org\/es\/wp-json\/wp\/v2\/pages\/24783\/revisions\/47521"}],"up":[{"embeddable":true,"href":"https:\/\/www.shavei.org\/es\/wp-json\/wp\/v2\/pages\/24769"}],"wp:attachment":[{"href":"https:\/\/www.shavei.org\/es\/wp-json\/wp\/v2\/media?parent=24783"}],"curies":[{"name":"wp","href":"https:\/\/api.w.org\/{rel}","templated":true}]}}