{"id":24778,"date":"2016-01-05T20:34:33","date_gmt":"2016-01-05T20:34:33","guid":{"rendered":"https:\/\/www.shavei.org\/es\/?page_id=24778"},"modified":"2017-03-15T14:45:54","modified_gmt":"2017-03-15T12:45:54","slug":"inca-jews","status":"publish","type":"page","link":"https:\/\/www.shavei.org\/es\/communities\/inca-jews\/","title":{"rendered":"Jud\u00edos Incas"},"content":{"rendered":"<div class=\"wpb-content-wrapper\"><p>[vc_row row_type=\u00bbrow\u00bb use_row_as_full_screen_section=\u00bbno\u00bb type=\u00bbfull_width\u00bb angled_section=\u00bbno\u00bb text_align=\u00bbleft\u00bb background_image_as_pattern=\u00bbwithout_pattern\u00bb css_animation=\u00bb\u00bb][vc_column][vc_separator type=\u00bbtransparent\u00bb up=\u00bb39&#8243; down=\u00bb0&#8243;][\/vc_column][\/vc_row][vc_row row_type=\u00bbrow\u00bb use_row_as_full_screen_section=\u00bbno\u00bb type=\u00bbgrid\u00bb angled_section=\u00bbno\u00bb text_align=\u00bbleft\u00bb background_image_as_pattern=\u00bbwithout_pattern\u00bb background_color=\u00bb#ffffff\u00bb padding_top=\u00bb0&#8243; css_animation=\u00bb\u00bb][vc_column width=\u00bb1\/2&#8243;][vc_row_inner row_type=\u00bbrow\u00bb type=\u00bbfull_width\u00bb text_align=\u00bbcenter\u00bb css_animation=\u00bb\u00bb][vc_column_inner][vc_column_text]<\/p>\n<p style=\"text-align: justify; padding-bottom: 10px;\">Esta comunidad, tambi\u00e9n denominada como Bnei Mosh\u00e9, no tiene ni tampoco dice tener ra\u00edces jud\u00edas, sino que simplemente han encontrado su verdad en el juda\u00edsmo y es por esto que han decidido formar parte del pueblo jud\u00edo.<\/p>\n<p style=\"text-align: justify; padding-bottom: 10px;\">Su historia comienza con los fundadores del grupo Segundo Villanueva Correa (hoy Serubabel Zadkia) y su hermano \u00c1lvaro (hoy Mordejai Meir) en la ciudad de Cajamarca. Despu\u00e9s de introducirse en el estudio de la Tor\u00e1, decidieron abandonar el cristianismo y unirse a un grupo evangelista denomiando Adventistas del S\u00e9ptimo D\u00eda, a los que finalmente abandonaros, debido a ciertas discrepancias como el cuidado del Shabat.<\/p>\n<p style=\"text-align: justify; padding-bottom: 10px;\">En 1958 se organizaron como Israel de Dios, y comenzaron a respetar el Shabat, las tres festividades de peregrinaci\u00f3n, el tiempo de purificaci\u00f3n de la mujer y la distinci\u00f3n entre los animales puros y los impuros.<\/p>\n<p style=\"text-align: justify; padding-bottom: 10px;\">En 1967, se asentaron en la selva y formaron una nueva comunidad al estilo Kibutz israel\u00ed. All\u00ed, se dedicaron a estudiar juda\u00edsmo y a observar la Tor\u00e1. Vivieron bajo estas normas durante cuatro a\u00f1os, hasta que decidieron viajar a Lima a conversar con el Rab Benam\u00fa, Rab de la Comunidad Sefaradita. El mismo, les entrego libros los cuales les permitieron profundizar sus conocimientos.<\/p>\n<p style=\"text-align: justify; padding-bottom: 10px;\">Finalmente, un grupo regres\u00f3 a Cajamarca y el otro se estableci\u00f3 en Trujillo. En el \u00faltimo, se encontraban aislados de influencias, all\u00ed siguieron estudiando y practicando y erigieron una sinagoga.<\/p>\n<p style=\"text-align: justify; padding-bottom: 10px;\">As\u00ed, comenzaron los contactos con Rabanim de Israel tales como el Rab Shapira y el Rab Mordechai Eliahu, quienes luego de comprobar que las intenciones de los Bnei Mosh\u00e9 era sinceras, autorizaron el env\u00edo de un Beit Din a Per\u00fa, qui\u00e9n realiz\u00f3 la conversi\u00f3n de este grupo.<\/p>\n<p style=\"text-align: justify; padding-bottom: 10px;\">Afortunadamente, todos realizaron ali\u00e1 y se encuentran hoy en d\u00eda en la tierra de Israel. Su proceso de absorci\u00f3n ha sido muy exitoso, sus hijos sirven en el ej\u00e9rcito israel\u00ed y estudian en Yeshivot.<\/p>\n<p>[\/vc_column_text][vc_separator type=\u00bbtransparent\u00bb up=\u00bb55&#8243; down=\u00bb0&#8243;][\/vc_column_inner][\/vc_row_inner][\/vc_column][vc_column width=\u00bb1\/2&#8243;][vc_column_text]<\/p>\n<h3 style=\"text-align: center;\">Art\u00edculos Diversos<\/h3>\n<p>[\/vc_column_text][vc_separator type=\u00bbsmall\u00bb position=\u00bbcenter\u00bb up=\u00bb7&#8243; down=\u00bb45&#8243;]\n<div class='latest_post_holder image_in_box  ' >\n    <ul>\n    \n        <li class=\"clearfix\">\n            <div class=\"latest_post\"  >\n                <div class=\"latest_post_image clearfix\">\n                    <a itemprop=\"url\" href=\"https:\/\/www.shavei.org\/es\/blog\/2018\/06\/21\/serie-de-conferencias-del-centro-maani-comunidades-judias-perdidas-y-escondidas\/\">\n                                                <img decoding=\"async\" itemprop=\"image\" src=\"https:\/\/www.shavei.org\/wp-content\/uploads\/2018\/06\/710c3aca-0526-4715-99f6-39db53c688a3-150x150.jpg\" alt=\"\" \/>\n                    <\/a>\n                <\/div>\n\n\n                <div class=\"latest_post_text\">\n                    <div class=\"latest_post_inner\">\n                        <div class=\"latest_post_text_inner\">\n                            <h5 itemprop=\"name\" class=\"latest_post_title entry_title\"><a itemprop=\"url\" href=\"https:\/\/www.shavei.org\/es\/blog\/2018\/06\/21\/serie-de-conferencias-del-centro-maani-comunidades-judias-perdidas-y-escondidas\/\">Serie de Conferencias del Centro Ma\u2019ani: Comunidades Jud\u00edas Perdidas y Escondidas<\/a><\/h5>\n                            <p class=\"excerpt\">El Centro Maani de la organizaci\u00f3n Shavei Israel lanz\u00f3 una serie de interesantes y em...<\/p>\n                            <span class=\"post_infos\">\n                                                                    <span class=\"date_hour_holder\">\n                                        <span itemprop=\"dateCreated\" class=\"date entry_date updated\"> <meta itemprop=\"interactionCount\" content=\"UserComments: 0\"\/><\/span>\n                                    <\/span>\n                                \n                                \n                                \n                                \n                                                            <\/span>\n                        <\/div>\n                    <\/div>\n                <\/div>\n            <\/div>\n        <\/li>\n        \n        <li class=\"clearfix\">\n            <div class=\"latest_post\"  >\n                <div class=\"latest_post_image clearfix\">\n                    <a itemprop=\"url\" href=\"https:\/\/www.shavei.org\/es\/blog\/2016\/05\/23\/javier-zabaletas-storyjavier-zabaletas-story\/\">\n                                                <img decoding=\"async\" itemprop=\"image\" src=\"\" alt=\"\" \/>\n                    <\/a>\n                <\/div>\n\n\n                <div class=\"latest_post_text\">\n                    <div class=\"latest_post_inner\">\n                        <div class=\"latest_post_text_inner\">\n                            <h5 itemprop=\"name\" class=\"latest_post_title entry_title\"><a itemprop=\"url\" href=\"https:\/\/www.shavei.org\/es\/blog\/2016\/05\/23\/javier-zabaletas-storyjavier-zabaletas-story\/\">La historia de Javier Zabaleta<\/a><\/h5>\n                            <p class=\"excerpt\">Me encuentro relacionado con el juda\u00edsmo desde que comenc\u00e9 a estudiar la\u00a0Biblia con m...<\/p>\n                            <span class=\"post_infos\">\n                                                                    <span class=\"date_hour_holder\">\n                                        <span itemprop=\"dateCreated\" class=\"date entry_date updated\"> <meta itemprop=\"interactionCount\" content=\"UserComments: 0\"\/><\/span>\n                                    <\/span>\n                                \n                                \n                                \n                                \n                                                            <\/span>\n                        <\/div>\n                    <\/div>\n                <\/div>\n            <\/div>\n        <\/li>\n        \n        <li class=\"clearfix\">\n            <div class=\"latest_post\"  >\n                <div class=\"latest_post_image clearfix\">\n                    <a itemprop=\"url\" href=\"https:\/\/www.shavei.org\/es\/blog\/2016\/05\/23\/lucy-valderramas-storylucy-valderramas-story\/\">\n                                                <img decoding=\"async\" itemprop=\"image\" src=\"\" alt=\"\" \/>\n                    <\/a>\n                <\/div>\n\n\n                <div class=\"latest_post_text\">\n                    <div class=\"latest_post_inner\">\n                        <div class=\"latest_post_text_inner\">\n                            <h5 itemprop=\"name\" class=\"latest_post_title entry_title\"><a itemprop=\"url\" href=\"https:\/\/www.shavei.org\/es\/blog\/2016\/05\/23\/lucy-valderramas-storylucy-valderramas-story\/\">La historia de Lucy Valderrama<\/a><\/h5>\n                            <p class=\"excerpt\">Recuerdo que cuando ten\u00eda diez a\u00f1os, mi padre nos llev\u00f3 a un encuentro en la iglesia,...<\/p>\n                            <span class=\"post_infos\">\n                                                                    <span class=\"date_hour_holder\">\n                                        <span itemprop=\"dateCreated\" class=\"date entry_date updated\"> <meta itemprop=\"interactionCount\" content=\"UserComments: 0\"\/><\/span>\n                                    <\/span>\n                                \n                                \n                                \n                                \n                                                            <\/span>\n                        <\/div>\n                    <\/div>\n                <\/div>\n            <\/div>\n        <\/li>\n        \n    <\/ul>\n<\/div>[vc_separator type=\u00bbtransparent\u00bb up=\u00bb12&#8243; down=\u00bb0&#8243;]<a  itemprop=\"url\" href=\"https:\/\/www.shavei.org\/es\/judios-incas\/\" target=\"_self\"  class=\"qbutton  default\" style=\"\">M\u00e1s Art\u00edculos<\/a>[vc_separator type=\u00bbtransparent\u00bb up=\u00bb55&#8243; down=\u00bb0&#8243;][\/vc_column][\/vc_row][vc_row row_type=\u00bbrow\u00bb use_row_as_full_screen_section=\u00bbno\u00bb type=\u00bbfull_width\u00bb angled_section=\u00bbno\u00bb text_align=\u00bbleft\u00bb background_image_as_pattern=\u00bbwithout_pattern\u00bb css_animation=\u00bb\u00bb][vc_column][vc_column_text][\/vc_column_text][\/vc_column][\/vc_row]<\/p>\n<p>[vc_row row_type=\u00bbparallax\u00bb type=\u00bbfull_width\u00bb text_align=\u00bbleft\u00bb background_image=\u00bb34648&#8243; section_height=\u00bb490&#8243;][vc_column width=\u00bb1\/1&#8243;][vc_separator type=\u00bbtransparent\u00bb position=\u00bbcenter\u00bb up=\u00bb162&#8243; down=\u00bb0&#8243;]<div class=\"custom_font_holder\" style=\"font-family: Raleway; font-size: 35px; line-height: 40px; font-style: normal; font-weight: 600; color: #ffffff; text-decoration: none; letter-spacing: 1px; padding: 17px; margin: 0;border: 1px solid #ffffff;border-width: 1px; text-align: left;\">\n<h2 style=\"text-align: center;\"><span style=\"color: #ffffff;\">Suscr\u00edbase a nuestro bolet\u00edn informativo<\/span><\/h2>\n<\/div>[vc_separator type=\u00bbtransparent\u00bb position=\u00bbcenter\u00bb down=\u00bb10&#8243; up=\u00bb20&#8243;][vc_column_text]<\/p>\n<h6 style=\"text-align: center;\"><span style=\"color: #ffffff;\">Y reciba informaci\u00f3n sobre juda\u00edsmo y las actividades de <strong><span style=\"color: #f53644;\">Shavei Israel<\/span><\/strong> en el mundo.<\/span><\/h6>\n<h6 style=\"text-align: center;\"><span style=\"color: #ffffff;\">Respetamos su privacidad y no toleramos el spam. <!-- View our archives here.--><\/span>[vc_separator type=\u00bbtransparent\u00bb position=\u00bbcenter\u00bb down=\u00bb29&#8243; up=\u00bb5&#8243;]<a  itemprop=\"url\" href=\"https:\/\/eepurl.com\/cadWfr\" target=\"_self\"  class=\"qbutton  large center default\" style=\"\">SUSCR\u00cdBAME<\/a><\/h6>\n<p>[\/vc_column_text][vc_separator type=\u00bbtransparent\u00bb position=\u00bbcenter\u00bb up=\u00bb151&#8243; down=\u00bb0&#8243;][\/vc_column][\/vc_row]<\/p>\n<p>[vc_row row_type=\u00bbrow\u00bb use_row_as_full_screen_section=\u00bbno\u00bb type=\u00bbgrid\u00bb angled_section=\u00bbno\u00bb text_align=\u00bbleft\u00bb background_image_as_pattern=\u00bbwithout_pattern\u00bb padding_top=\u00bb60&#8243; padding_bottom=\u00bb60&#8243; css_animation=\u00bb\u00bb][vc_column][vc_column_text]<\/p>\n<h2 style=\"text-align: center;\">NUESTRAS HISTORIAS<\/h2>\n<p>[\/vc_column_text][vc_separator type=\u00bbsmall\u00bb position=\u00bbcenter\u00bb up=\u00bb7&#8243; down=\u00bb45&#8243;]\n<div class='latest_post_holder boxes three_columns one_row' >\n    <ul>\n        <\/ul>\n<\/div>[vc_column_text]<\/p>\n<h6 style=\"text-align: center;\"><a  itemprop=\"url\" href=\"https:\/\/www.shavei.org\/es\/judios-incas\/judios-incas-historias-personales\/\" target=\"_self\"  class=\"qbutton  large center default\" style=\"\">M\u00e1s Historias Personales<\/a>[vc_separator type=\u00bbtransparent\u00bb position=\u00bbcenter\u00bb down=\u00bb29&#8243; up=\u00bb5&#8243;]<\/h6>\n<p>[\/vc_column_text][\/vc_column][\/vc_row]<\/p>\n<p>[vc_row row_type=\u00bbrow\u00bb use_row_as_full_screen_section=\u00bbno\u00bb type=\u00bbgrid\u00bb angled_section=\u00bbno\u00bb text_align=\u00bbleft\u00bb background_image_as_pattern=\u00bbwithout_pattern\u00bb background_color=\u00bb#ffffff\u00bb padding_top=\u00bb0&#8243; padding_bottom=\u00bb0&#8243; css_animation=\u00bb\u00bb]<br \/>\n[vc_column width=\u00bb1\/2&#8243;][vc_single_image image=\u00bb47492&#8243; img_link_target=\u00bb_self\u00bb img_size=\u00bbfull\u00bb][vc_separator type=\u00bbtransparent\u00bb position=\u00bbcenter\u00bb up=\u00bb17&#8243; down=\u00bb0&#8243;][vc_column_text]<\/p>\n<h3>Venta de Libros<\/h3>\n<p>[\/vc_column_text][vc_separator type=\u00bbtransparent\u00bb position=\u00bbcenter\u00bb up=\u00bb10&#8243; down=\u00bb0&#8243;][vc_column_text]Ofrecemos una gran variedad de libros sobre juda\u00edsmo y materiales educativos en distintos idiomas.[\/vc_column_text][vc_separator type=\u00bbtransparent\u00bb position=\u00bbcenter\u00bb up=\u00bb12&#8243; down=\u00bb0&#8243;]<a  itemprop=\"url\" href=\"https:\/\/shop.shavei.org\/es\/\" target=\"_blank\"  class=\"qbutton  default\" style=\"\">Ingrese a la tienda<\/a>[vc_separator type=\u00bbtransparent\u00bb up=\u00bb55&#8243; down=\u00bb0&#8243;][\/vc_column]<\/p>\n<p>[vc_column width=\u00bb1\/2&#8243;][vc_separator type=\u00bbtransparent\u00bb up=\u00bb5&#8243; down=\u00bb0&#8243;][vc_tabs style=\u00bbboxed\u00bb][vc_tab title=\u00bbVideo\u00bb tab_id=\u00bb1394008745-1-47&#8243;][vc_column_text]<\/p>\n<h4>Nuestros videos muestran las conmovedoras historias de Shavei Israel alrededor del mundo.<\/h4>\n<p>[\/vc_column_text][vc_separator type=\u00bbtransparent\u00bb up=\u00bb10&#8243; down=\u00bb9&#8243;][vc_column_text]\n<div class='latest_post_holder minimal  ' >\n    <ul>\n        <\/ul>\n<\/div>[vc_separator type=\u00bbtransparent\u00bb position=\u00bbleft\u00bb up=\u00bb24&#8243; down=\u00bb0&#8243;]<a  itemprop=\"url\" href=\"https:\/\/www.shavei.org\/es\/judios-incas\/judios-incas-video\/\" target=\"_self\"  class=\"qbutton  default\" style=\"\">M\u00e1s Jud\u00edos Incas: Video<\/a><br \/>\n[\/vc_column_text][\/vc_tab][vc_tab title=\u00bbAudio\u00bb tab_id=\u00bb1394009428092-2-9&#8243;][vc_column_text]<\/p>\n<h4>Los archivos de audio incluyen entrevistas de radio sobre las distintas comunidades.<\/h4>\n<p>[\/vc_column_text][vc_separator type=\u00bbtransparent\u00bb up=\u00bb10&#8243; down=\u00bb9&#8243;][vc_column_text]\n<div class='latest_post_holder minimal  ' >\n    <ul>\n        <\/ul>\n<\/div>[vc_separator type=\u00bbtransparent\u00bb position=\u00bbleft\u00bb up=\u00bb24&#8243; down=\u00bb0&#8243;]<a  itemprop=\"url\" href=\"https:\/\/www.shavei.org\/es\/judios-incas\/judios-incas-audio\/\" target=\"_self\"  class=\"qbutton  default\" style=\"\">M\u00e1s Jud\u00edos Inca: Audio<\/a>[\/vc_column_text][\/vc_tab][vc_tab title=\u00bbFotos\u00bb tab_id=\u00bb1394009434523-2-2&#8243;][vc_column_text]<\/p>\n<h4>Nuestras im\u00e1genes cuentan cara a cara la historia de quienes\u00a0retornan al juda\u00edsmo.<\/h4>\n<p>[\/vc_column_text][vc_separator type=\u00bbtransparent\u00bb up=\u00bb10&#8243; down=\u00bb9&#8243;][vc_column_text]\n<div class='latest_post_holder minimal  ' >\n    <ul>\n        <\/ul>\n<\/div>[vc_separator type=\u00bbtransparent\u00bb position=\u00bbleft\u00bb up=\u00bb24&#8243; down=\u00bb0&#8243;]<a  itemprop=\"url\" href=\"https:\/\/www.shavei.org\/es\/judios-incas\/judios-incas-fotos\/\" target=\"_self\"  class=\"qbutton  default\" style=\"\">M\u00e1s Jud\u00edos Inca: Fotos<\/a>[\/vc_column_text][\/vc_tab][\/vc_tabs][vc_separator type=\u00bbtransparent\u00bb up=\u00bb55&#8243; down=\u00bb0&#8243;][\/vc_column][\/vc_row]<\/p>\n<\/div>","protected":false},"excerpt":{"rendered":"<p>[vc_row row_type=\u00bbrow\u00bb use_row_as_full_screen_section=\u00bbno\u00bb type=\u00bbfull_width\u00bb angled_section=\u00bbno\u00bb text_align=\u00bbleft\u00bb background_image_as_pattern=\u00bbwithout_pattern\u00bb css_animation=\u00bb\u00bb][vc_column][vc_separator type=\u00bbtransparent\u00bb up=\u00bb39&#8243; down=\u00bb0&#8243;][\/vc_column][\/vc_row][vc_row row_type=\u00bbrow\u00bb use_row_as_full_screen_section=\u00bbno\u00bb type=\u00bbgrid\u00bb angled_section=\u00bbno\u00bb text_align=\u00bbleft\u00bb background_image_as_pattern=\u00bbwithout_pattern\u00bb background_color=\u00bb#ffffff\u00bb padding_top=\u00bb0&#8243; css_animation=\u00bb\u00bb][vc_column width=\u00bb1\/2&#8243;][vc_row_inner row_type=\u00bbrow\u00bb type=\u00bbfull_width\u00bb text_align=\u00bbcenter\u00bb css_animation=\u00bb\u00bb][vc_column_inner][vc_column_text] Esta comunidad, tambi\u00e9n denominada como Bnei Mosh\u00e9, no tiene ni tampoco dice tener ra\u00edces jud\u00edas, sino que simplemente han encontrado&#8230;<\/p>\n","protected":false},"author":8,"featured_media":0,"parent":24769,"menu_order":0,"comment_status":"closed","ping_status":"closed","template":"full_width.php","meta":{"give_campaign_id":0,"_exactmetrics_skip_tracking":false,"_exactmetrics_sitenote_active":false,"_exactmetrics_sitenote_note":"","_exactmetrics_sitenote_category":0,"ngg_post_thumbnail":0,"footnotes":""},"class_list":["post-24778","page","type-page","status-publish","hentry"],"yoast_head":"<!-- This site is optimized with the Yoast SEO plugin v27.1.1 - https:\/\/yoast.com\/product\/yoast-seo-wordpress\/ -->\n<title>Jud\u00edos Incas - Shavei Israel<\/title>\n<meta name=\"robots\" content=\"index, follow, max-snippet:-1, max-image-preview:large, max-video-preview:-1\" \/>\n<link rel=\"canonical\" href=\"https:\/\/www.shavei.org\/es\/communities\/inca-jews\/\" \/>\n<meta property=\"og:locale\" content=\"es_ES\" \/>\n<meta property=\"og:type\" content=\"article\" \/>\n<meta property=\"og:title\" content=\"Jud\u00edos Incas - Shavei Israel\" \/>\n<meta property=\"og:description\" content=\"[vc_row row_type=\u00bbrow\u00bb use_row_as_full_screen_section=\u00bbno\u00bb type=\u00bbfull_width\u00bb angled_section=\u00bbno\u00bb text_align=\u00bbleft\u00bb background_image_as_pattern=\u00bbwithout_pattern\u00bb css_animation=\u00bb\u00bb][vc_column][vc_separator type=\u00bbtransparent\u00bb up=\u00bb39&#8243; down=\u00bb0&#8243;][\/vc_column][\/vc_row][vc_row row_type=\u00bbrow\u00bb use_row_as_full_screen_section=\u00bbno\u00bb type=\u00bbgrid\u00bb angled_section=\u00bbno\u00bb text_align=\u00bbleft\u00bb background_image_as_pattern=\u00bbwithout_pattern\u00bb background_color=\u00bb#ffffff\u00bb padding_top=\u00bb0&#8243; css_animation=\u00bb\u00bb][vc_column width=\u00bb1\/2&#8243;][vc_row_inner row_type=\u00bbrow\u00bb type=\u00bbfull_width\u00bb text_align=\u00bbcenter\u00bb css_animation=\u00bb\u00bb][vc_column_inner][vc_column_text] Esta comunidad, tambi\u00e9n denominada como Bnei Mosh\u00e9, no tiene ni tampoco dice tener ra\u00edces jud\u00edas, sino que simplemente han encontrado...\" \/>\n<meta property=\"og:url\" content=\"https:\/\/www.shavei.org\/es\/communities\/inca-jews\/\" \/>\n<meta property=\"og:site_name\" content=\"Shavei Israel\" \/>\n<meta property=\"article:modified_time\" content=\"2017-03-15T12:45:54+00:00\" \/>\n<meta name=\"twitter:card\" content=\"summary_large_image\" \/>\n<meta name=\"twitter:label1\" content=\"Tiempo de lectura\" \/>\n\t<meta name=\"twitter:data1\" content=\"6 minutos\" \/>\n<script type=\"application\/ld+json\" class=\"yoast-schema-graph\">{\"@context\":\"https:\/\/schema.org\",\"@graph\":[{\"@type\":\"WebPage\",\"@id\":\"https:\/\/www.shavei.org\/es\/communities\/inca-jews\/\",\"url\":\"https:\/\/www.shavei.org\/es\/communities\/inca-jews\/\",\"name\":\"Jud\u00edos Incas - Shavei Israel\",\"isPartOf\":{\"@id\":\"https:\/\/www.shavei.org\/#website\"},\"datePublished\":\"2016-01-05T20:34:33+00:00\",\"dateModified\":\"2017-03-15T12:45:54+00:00\",\"breadcrumb\":{\"@id\":\"https:\/\/www.shavei.org\/es\/communities\/inca-jews\/#breadcrumb\"},\"inLanguage\":\"es\",\"potentialAction\":[{\"@type\":\"ReadAction\",\"target\":[\"https:\/\/www.shavei.org\/es\/communities\/inca-jews\/\"]}]},{\"@type\":\"BreadcrumbList\",\"@id\":\"https:\/\/www.shavei.org\/es\/communities\/inca-jews\/#breadcrumb\",\"itemListElement\":[{\"@type\":\"ListItem\",\"position\":1,\"name\":\"Home\",\"item\":\"https:\/\/www.shavei.org\/es\/\"},{\"@type\":\"ListItem\",\"position\":2,\"name\":\"Comunidades\",\"item\":\"https:\/\/www.shavei.org\/es\/communities\/\"},{\"@type\":\"ListItem\",\"position\":3,\"name\":\"Jud\u00edos Incas\"}]},{\"@type\":\"WebSite\",\"@id\":\"https:\/\/www.shavei.org\/#website\",\"url\":\"https:\/\/www.shavei.org\/\",\"name\":\"Shavei Israel\",\"description\":\"One nation, many faces. We help them all return.\",\"publisher\":{\"@id\":\"https:\/\/www.shavei.org\/#organization\"},\"potentialAction\":[{\"@type\":\"SearchAction\",\"target\":{\"@type\":\"EntryPoint\",\"urlTemplate\":\"https:\/\/www.shavei.org\/?s={search_term_string}\"},\"query-input\":{\"@type\":\"PropertyValueSpecification\",\"valueRequired\":true,\"valueName\":\"search_term_string\"}}],\"inLanguage\":\"es\"},{\"@type\":\"Organization\",\"@id\":\"https:\/\/www.shavei.org\/#organization\",\"name\":\"Shavei Israel\",\"url\":\"https:\/\/www.shavei.org\/\",\"logo\":{\"@type\":\"ImageObject\",\"inLanguage\":\"es\",\"@id\":\"https:\/\/www.shavei.org\/#\/schema\/logo\/image\/\",\"url\":\"https:\/\/www.shavei.org\/wp-content\/uploads\/2017\/10\/shavei-logo.jpg\",\"contentUrl\":\"https:\/\/www.shavei.org\/wp-content\/uploads\/2017\/10\/shavei-logo.jpg\",\"width\":300,\"height\":285,\"caption\":\"Shavei Israel\"},\"image\":{\"@id\":\"https:\/\/www.shavei.org\/#\/schema\/logo\/image\/\"}}]}<\/script>\n<!-- \/ Yoast SEO plugin. -->","yoast_head_json":{"title":"Jud\u00edos Incas - Shavei Israel","robots":{"index":"index","follow":"follow","max-snippet":"max-snippet:-1","max-image-preview":"max-image-preview:large","max-video-preview":"max-video-preview:-1"},"canonical":"https:\/\/www.shavei.org\/es\/communities\/inca-jews\/","og_locale":"es_ES","og_type":"article","og_title":"Jud\u00edos Incas - Shavei Israel","og_description":"[vc_row row_type=\u00bbrow\u00bb use_row_as_full_screen_section=\u00bbno\u00bb type=\u00bbfull_width\u00bb angled_section=\u00bbno\u00bb text_align=\u00bbleft\u00bb background_image_as_pattern=\u00bbwithout_pattern\u00bb css_animation=\u00bb\u00bb][vc_column][vc_separator type=\u00bbtransparent\u00bb up=\u00bb39&#8243; down=\u00bb0&#8243;][\/vc_column][\/vc_row][vc_row row_type=\u00bbrow\u00bb use_row_as_full_screen_section=\u00bbno\u00bb type=\u00bbgrid\u00bb angled_section=\u00bbno\u00bb text_align=\u00bbleft\u00bb background_image_as_pattern=\u00bbwithout_pattern\u00bb background_color=\u00bb#ffffff\u00bb padding_top=\u00bb0&#8243; css_animation=\u00bb\u00bb][vc_column width=\u00bb1\/2&#8243;][vc_row_inner row_type=\u00bbrow\u00bb type=\u00bbfull_width\u00bb text_align=\u00bbcenter\u00bb css_animation=\u00bb\u00bb][vc_column_inner][vc_column_text] Esta comunidad, tambi\u00e9n denominada como Bnei Mosh\u00e9, no tiene ni tampoco dice tener ra\u00edces jud\u00edas, sino que simplemente han encontrado...","og_url":"https:\/\/www.shavei.org\/es\/communities\/inca-jews\/","og_site_name":"Shavei Israel","article_modified_time":"2017-03-15T12:45:54+00:00","twitter_card":"summary_large_image","twitter_misc":{"Tiempo de lectura":"6 minutos"},"schema":{"@context":"https:\/\/schema.org","@graph":[{"@type":"WebPage","@id":"https:\/\/www.shavei.org\/es\/communities\/inca-jews\/","url":"https:\/\/www.shavei.org\/es\/communities\/inca-jews\/","name":"Jud\u00edos Incas - Shavei Israel","isPartOf":{"@id":"https:\/\/www.shavei.org\/#website"},"datePublished":"2016-01-05T20:34:33+00:00","dateModified":"2017-03-15T12:45:54+00:00","breadcrumb":{"@id":"https:\/\/www.shavei.org\/es\/communities\/inca-jews\/#breadcrumb"},"inLanguage":"es","potentialAction":[{"@type":"ReadAction","target":["https:\/\/www.shavei.org\/es\/communities\/inca-jews\/"]}]},{"@type":"BreadcrumbList","@id":"https:\/\/www.shavei.org\/es\/communities\/inca-jews\/#breadcrumb","itemListElement":[{"@type":"ListItem","position":1,"name":"Home","item":"https:\/\/www.shavei.org\/es\/"},{"@type":"ListItem","position":2,"name":"Comunidades","item":"https:\/\/www.shavei.org\/es\/communities\/"},{"@type":"ListItem","position":3,"name":"Jud\u00edos Incas"}]},{"@type":"WebSite","@id":"https:\/\/www.shavei.org\/#website","url":"https:\/\/www.shavei.org\/","name":"Shavei Israel","description":"One nation, many faces. We help them all return.","publisher":{"@id":"https:\/\/www.shavei.org\/#organization"},"potentialAction":[{"@type":"SearchAction","target":{"@type":"EntryPoint","urlTemplate":"https:\/\/www.shavei.org\/?s={search_term_string}"},"query-input":{"@type":"PropertyValueSpecification","valueRequired":true,"valueName":"search_term_string"}}],"inLanguage":"es"},{"@type":"Organization","@id":"https:\/\/www.shavei.org\/#organization","name":"Shavei Israel","url":"https:\/\/www.shavei.org\/","logo":{"@type":"ImageObject","inLanguage":"es","@id":"https:\/\/www.shavei.org\/#\/schema\/logo\/image\/","url":"https:\/\/www.shavei.org\/wp-content\/uploads\/2017\/10\/shavei-logo.jpg","contentUrl":"https:\/\/www.shavei.org\/wp-content\/uploads\/2017\/10\/shavei-logo.jpg","width":300,"height":285,"caption":"Shavei Israel"},"image":{"@id":"https:\/\/www.shavei.org\/#\/schema\/logo\/image\/"}}]}},"campaignId":"","_links":{"self":[{"href":"https:\/\/www.shavei.org\/es\/wp-json\/wp\/v2\/pages\/24778","targetHints":{"allow":["GET"]}}],"collection":[{"href":"https:\/\/www.shavei.org\/es\/wp-json\/wp\/v2\/pages"}],"about":[{"href":"https:\/\/www.shavei.org\/es\/wp-json\/wp\/v2\/types\/page"}],"author":[{"embeddable":true,"href":"https:\/\/www.shavei.org\/es\/wp-json\/wp\/v2\/users\/8"}],"replies":[{"embeddable":true,"href":"https:\/\/www.shavei.org\/es\/wp-json\/wp\/v2\/comments?post=24778"}],"version-history":[{"count":10,"href":"https:\/\/www.shavei.org\/es\/wp-json\/wp\/v2\/pages\/24778\/revisions"}],"predecessor-version":[{"id":47518,"href":"https:\/\/www.shavei.org\/es\/wp-json\/wp\/v2\/pages\/24778\/revisions\/47518"}],"up":[{"embeddable":true,"href":"https:\/\/www.shavei.org\/es\/wp-json\/wp\/v2\/pages\/24769"}],"wp:attachment":[{"href":"https:\/\/www.shavei.org\/es\/wp-json\/wp\/v2\/media?parent=24778"}],"curies":[{"name":"wp","href":"https:\/\/api.w.org\/{rel}","templated":true}]}}