{"id":24763,"date":"2016-01-05T20:14:11","date_gmt":"2016-01-05T20:14:11","guid":{"rendered":"https:\/\/www.shavei.org\/es\/?page_id=24763"},"modified":"2016-04-12T09:18:10","modified_gmt":"2016-04-12T09:18:10","slug":"our-activities","status":"publish","type":"page","link":"https:\/\/www.shavei.org\/es\/about-us\/our-activities\/","title":{"rendered":"Nuestras Actividades"},"content":{"rendered":"<div class=\"wpb-content-wrapper\"><p>[vc_row row_type=\u00bbrow\u00bb use_row_as_full_screen_section=\u00bbno\u00bb type=\u00bbgrid\u00bb angled_section=\u00bbno\u00bb text_align=\u00bbleft\u00bb background_image_as_pattern=\u00bbwithout_pattern\u00bb background_color=\u00bb#ffffff\u00bb padding_top=\u00bb0&#8243; padding_bottom=\u00bb0&#8243; css_animation=\u00bb\u00bb]<br \/>\n[vc_column width=\u00bb1\/2&#8243;][vc_separator type=\u00bbtransparent\u00bb position=\u00bbcenter\u00bb up=\u00bb17&#8243; down=\u00bb0&#8243;][vc_column_text]<\/p>\n<h3>Env\u00edo de representantes<\/h3>\n<p>[\/vc_column_text][vc_separator type=\u00bbtransparent\u00bb position=\u00bbcenter\u00bb up=\u00bb10&#8243; down=\u00bb0&#8243;][vc_column_text]Shavei Israel auspicia el env\u00edo de rabinos y docentes para que trabajen con diversos grupos de \u201cjud\u00edos perdidos\u201d en lugares tan alejados como la India y la Pen\u00ednsula Ib\u00e9rica. Actualmente los emisarios de Shavei Israel se encuentran en Espa\u00f1a, Portugal, Brasil, Polonia, Rusia y la India.[\/vc_column_text][vc_separator type=\u00bbtransparent\u00bb position=\u00bbcenter\u00bb up=\u00bb12&#8243; down=\u00bb0&#8243;][button target=\u00bb_self\u00bb text=\u00bbNuestros Emisarios\u00bb link=\u00bbhttps:\/\/www.shavei.org\/es\/about-us\/our-emissaries\/\u00bb][vc_separator type=\u00bbtransparent\u00bb up=\u00bb55&#8243; down=\u00bb0&#8243;][\/vc_column]<\/p>\n<p>[vc_column width=\u00bb1\/2&#8243;][vc_separator type=\u00bbtransparent\u00bb up=\u00bb17&#8243; down=\u00bb0&#8243;][vc_column_text]<\/p>\n<h3>Maj\u00f3n Miriam<\/h3>\n<p>[\/vc_column_text][vc_separator type=\u00bbtransparent\u00bb position=\u00bbcenter\u00bb up=\u00bb10&#8243; down=\u00bb0&#8243;][vc_column_text]Shavei Israel ofrece diversas opciones educativas a quienes desean realizar el proceso formal de conversi\u00f3n al juda\u00edsmo, entre ellos el instituo Maj\u00f3n Miriam, instituto de retorno y conversi\u00f3n en espa\u00f1ol, situado en la ciudad de Jerusal\u00e9n. Anualmente, egresan de Maj\u00f3n Miriam decenas de criptojud\u00edos espa\u00f1oles y portugueses, quienes realizan la conversi\u00f3n formal en el Gran Rabinato de Israel.[\/vc_column_text][vc_separator type=\u00bbtransparent\u00bb position=\u00bbcenter\u00bb up=\u00bb12&#8243; down=\u00bb0&#8243;][button target=\u00bb_self\u00bb text=\u00bbM\u00e1s sobre Maj\u00f3n Miriam\u00bb link=\u00bbhttps:\/\/www.shavei.org\/es\/conversion-institute\/\u00bb][vc_separator type=\u00bbtransparent\u00bb up=\u00bb55&#8243; down=\u00bb0&#8243;][\/vc_column]<br \/>\n[\/vc_row]<\/p>\n<p>[vc_row row_type=\u00bbrow\u00bb use_row_as_full_screen_section=\u00bbno\u00bb type=\u00bbgrid\u00bb angled_section=\u00bbno\u00bb text_align=\u00bbleft\u00bb background_image_as_pattern=\u00bbwithout_pattern\u00bb background_color=\u00bb#ffffff\u00bb padding_top=\u00bb0&#8243; padding_bottom=\u00bb0&#8243; css_animation=\u00bb\u00bb]<br \/>\n[vc_column width=\u00bb1\/2&#8243;][vc_separator type=\u00bbtransparent\u00bb position=\u00bbcenter\u00bb up=\u00bb17&#8243; down=\u00bb0&#8243;][vc_column_text]<\/p>\n<h3>Beit Miriam<\/h3>\n<p>[\/vc_column_text][vc_separator type=\u00bbtransparent\u00bb position=\u00bbcenter\u00bb up=\u00bb10&#8243; down=\u00bb0&#8243;][vc_column_text]Shavei Israel ha creado un club cultural y social para Bnei Menash\u00e9, ubicado en las cercan\u00edas de Jerusalem. Shavei Israel ofrece diversos cursos en el lugar, tales como computaci\u00f3n, ingl\u00e9s, hebreo y juda\u00edsmo. Durante el per\u00edodo vacacionesl, tienen lugar campamentos para ni\u00f1os y durante todo el a\u00f1o hay actividades especiales para adolescentes.[\/vc_column_text][vc_separator type=\u00bbtransparent\u00bb position=\u00bbcenter\u00bb up=\u00bb12&#8243; down=\u00bb0&#8243;][button text=\u00bbActividades para Bnei Menash\u00e9\u00bb link=\u00bbhttps:\/\/www.shavei.org\/es\/communities\/bnei-menashe\/#menashe-acts-israel\u00bb][vc_separator type=\u00bbtransparent\u00bb up=\u00bb55&#8243; down=\u00bb0&#8243;][\/vc_column]<\/p>\n<p>[vc_column width=\u00bb1\/2&#8243;][vc_separator type=\u00bbtransparent\u00bb up=\u00bb17&#8243; down=\u00bb0&#8243;][vc_column_text]<\/p>\n<h3>Publicaciones<\/h3>\n<p>[\/vc_column_text][vc_separator type=\u00bbtransparent\u00bb position=\u00bbcenter\u00bb up=\u00bb10&#8243; down=\u00bb0&#8243;][vc_column_text]Shavei Israel ha publicado boletines, revistas y libros en espa\u00f1ol, polaco, hebreo, \u00eddish, mizo, kuki, ingl\u00e9s y portugu\u00e9s.[\/vc_column_text][vc_separator type=\u00bbtransparent\u00bb position=\u00bbcenter\u00bb up=\u00bb12&#8243; down=\u00bb0&#8243;][button target=\u00bb_self\u00bb text=\u00bbVisita nuestra tienda de libros\u00bb link=\u00bb#\u00bb][vc_separator type=\u00bbtransparent\u00bb up=\u00bb55&#8243; down=\u00bb0&#8243;][\/vc_column]<br \/>\n[\/vc_row]<\/p>\n<p>[vc_row row_type=\u00bbrow\u00bb use_row_as_full_screen_section=\u00bbno\u00bb type=\u00bbgrid\u00bb angled_section=\u00bbno\u00bb text_align=\u00bbleft\u00bb background_image_as_pattern=\u00bbwithout_pattern\u00bb background_color=\u00bb#ffffff\u00bb padding_top=\u00bb0&#8243; padding_bottom=\u00bb0&#8243; css_animation=\u00bb\u00bb]<br \/>\n[vc_column width=\u00bb1\/2&#8243;][vc_separator type=\u00bbtransparent\u00bb position=\u00bbcenter\u00bb up=\u00bb17&#8243; down=\u00bb0&#8243;][vc_column_text]<\/p>\n<h3>Seminarios itinerantes<\/h3>\n<p>[\/vc_column_text][vc_separator type=\u00bbtransparent\u00bb position=\u00bbcenter\u00bb up=\u00bb10&#8243; down=\u00bb0&#8243;][vc_column_text]Shavei Israel organiza una serie de seminarios locales destinados a asistir a aquellos jud\u00edos perdidos que desean retornar al juda\u00edsmo. Los mismos se desarrollaron en Espa\u00f1a, Portugal, Polonia y la India.[\/vc_column_text][vc_separator type=\u00bbtransparent\u00bb up=\u00bb55&#8243; down=\u00bb0&#8243;][\/vc_column]<\/p>\n<p>[vc_column width=\u00bb1\/2&#8243;][vc_separator type=\u00bbtransparent\u00bb up=\u00bb17&#8243; down=\u00bb0&#8243;][vc_column_text]<\/p>\n<h3>Comunidades virtuales<\/h3>\n<p>[\/vc_column_text][vc_separator type=\u00bbtransparent\u00bb position=\u00bbcenter\u00bb up=\u00bb10&#8243; down=\u00bb0&#8243;][vc_column_text]Shavei Israel ha creado comunidades virtuales, para que los interesados en retornar al pueblo jud\u00edo puedan encontrar materiales educativos, newsletters, clases on-line en <a href=\"https:\/\/www.youtube.com\/user\/shaveishiurim\" target=\"_blank\">YouTube<\/a> y <a href=\"https:\/\/www.facebook.com\/shaveiisraelespanol\/\" target=\"_blank\">Facebook<\/a>, as\u00ed como videoconferencias con rabinos, acad\u00e9micos e historiadores.[\/vc_column_text][vc_separator type=\u00bbtransparent\u00bb up=\u00bb55&#8243; down=\u00bb0&#8243;][\/vc_column]<br \/>\n[\/vc_row]<\/p>\n<p>[vc_row row_type=\u00bbrow\u00bb use_row_as_full_screen_section=\u00bbno\u00bb type=\u00bbgrid\u00bb angled_section=\u00bbno\u00bb text_align=\u00bbleft\u00bb background_image_as_pattern=\u00bbwithout_pattern\u00bb background_color=\u00bb#ffffff\u00bb padding_top=\u00bb0&#8243; padding_bottom=\u00bb0&#8243; css_animation=\u00bb\u00bb]<br \/>\n[vc_column width=\u00bb1\/2&#8243;][vc_separator type=\u00bbtransparent\u00bb position=\u00bbcenter\u00bb up=\u00bb17&#8243; down=\u00bb0&#8243;][vc_column_text]<\/p>\n<h3>Ali\u00e1<\/h3>\n<p>[\/vc_column_text][vc_separator type=\u00bbtransparent\u00bb position=\u00bbcenter\u00bb up=\u00bb10&#8243; down=\u00bb0&#8243;][vc_column_text]Shavei Israel tiende la mano a quienes desean vincular la fe con el pueblo jud\u00edo a trav\u00e9s de la ali\u00e1. Shavei Israel permanece en contacto con los nuevos olim, ofreci\u00e9ndoles ayuda espiritual y material, como pr\u00e9stamos, ayuda econ\u00f3mica, asesoramiento laboral y diversas actividades grupales.[\/vc_column_text][vc_separator type=\u00bbtransparent\u00bb up=\u00bb55&#8243; down=\u00bb0&#8243;][\/vc_column]<\/p>\n<p>[vc_column width=\u00bb1\/2&#8243;][vc_separator type=\u00bbtransparent\u00bb up=\u00bb17&#8243; down=\u00bb0&#8243;][vc_column_text]<\/p>\n<h3>M\u00e1s Informaci\u00f3n<\/h3>\n<p>[\/vc_column_text][vc_separator type=\u00bbtransparent\u00bb position=\u00bbcenter\u00bb up=\u00bb10&#8243; down=\u00bb0&#8243;][vc_column_text]Actividades de las distintas comunidades:<\/p>\n<ul>\n<li><a href=\"https:\/\/www.shavei.org\/es\/communities\/bnei-anousim\/\">Bnei Anusim, Espa\u00f1a, Portugal, Italia y Am\u00e9rica Latina<\/a><\/li>\n<li><a href=\"https:\/\/www.shavei.org\/es\/communities\/bnei-menashe\/\">Bnei Menash\u00e9, India<\/a><\/li>\n<li><a href=\"https:\/\/www.shavei.org\/es\/communities\/hidden-jews-poland\/\">Jud\u00edos Escondidos de Polonia<\/a><\/li>\n<li><a href=\"https:\/\/www.shavei.org\/es\/communities\/subbotniks\/\">Subotniks, Rusia<\/a><\/li>\n<li><a href=\"https:\/\/www.shavei.org\/es\/communities\/kaifeng-jews\/\">Jud\u00edos de Kaifeng, China<\/a><\/li>\n<li><a href=\"https:\/\/www.shavei.org\/es\/communities\/san-nicandro-italy\/\">San Nicandro, Italia<\/a><\/li>\n<li><a href=\"https:\/\/www.shavei.org\/es\/communities\/inca-jews\/\">Jud\u00edos Inca, Per\u00fa<\/a><\/li>\n<\/ul>\n<p>[\/vc_column_text][vc_separator type=\u00bbtransparent\u00bb up=\u00bb55&#8243; down=\u00bb0&#8243;][\/vc_column]<br \/>\n[\/vc_row]<\/p>\n<p>[vc_row row_type=\u00bbrow\u00bb type=\u00bbgrid\u00bb text_align=\u00bbleft\u00bb padding_top=\u00bb86&#8243; padding_bottom=\u00bb86&#8243;][vc_column width=\u00bb1\/1&#8243;][vc_column_text]<\/p>\n<h2 style=\"text-align: center;\">CON\u00c9CTESE CON NOSOTROS<\/h2>\n<p>[\/vc_column_text][vc_separator type=\u00bbsmall\u00bb position=\u00bbcenter\u00bb down=\u00bb37&#8243; up=\u00bb7&#8243;][vc_column_text]<\/p>\n<h4 style=\"text-align: center;\">Conozca m\u00e1s acerca de Shavei Israel y participe en nuestras redes sociales<\/h4>\n<p>[\/vc_column_text][vc_separator type=\u00bbtransparent\u00bb position=\u00bbcenter\u00bb up=\u00bb55&#8243; down=\u00bb0&#8243;][qode_circles columns=\u00bbfour_columns\u00bb circle_line=\u00bbwith_line\u00bb line_color=\u00bb#f1f1f1&#8243;]<a href=\"https:\/\/www.facebook.com\/shaveiisraelespanol\/\" target=\"_blank\">[qode_circle type=\u00bbicon_type\u00bb icon=\u00bbfa-facebook\u00bb size=\u00bbfa-4x\u00bb border_width=\u00bb8&#8243; icon_color=\u00bb#ffffff\u00bb background_color=\u00bb#cfcfcf\u00bb border_color=\u00bb#f1f1f1&#8243;]<\/a><a href=\"https:\/\/twitter.com\/beithaanusim\" target=\"_blank\">[qode_circle type=\u00bbicon_type\u00bb icon=\u00bbfa-twitter\u00bb size=\u00bbfa-4x\u00bb border_width=\u00bb8&#8243; icon_color=\u00bb#ffffff\u00bb background_color=\u00bb#cfcfcf\u00bb border_color=\u00bb#f1f1f1&#8243;]<\/a><a href=\"https:\/\/www.youtube.com\/user\/shaveishiurim\" target=\"_blank\">[qode_circle type=\u00bbicon_type\u00bb icon=\u00bbfa-youtube\u00bb size=\u00bbfa-4x\u00bb border_width=\u00bb8&#8243; icon_color=\u00bb#ffffff\u00bb background_color=\u00bb#cfcfcf\u00bb border_color=\u00bb#f1f1f1&#8243;]<\/a><a href=\"https:\/\/www.flickr.com\/photos\/shaveiisrael\/\" target=\"_blank\">[qode_circle type=\u00bbicon_type\u00bb icon=\u00bbfa-flickr\u00bb size=\u00bbfa-4x\u00bb border_width=\u00bb8&#8243; icon_color=\u00bb#ffffff\u00bb background_color=\u00bb#cfcfcf\u00bb border_color=\u00bb#f1f1f1&#8243;]<\/a>[\/qode_circles][\/vc_column][\/vc_row]<\/p>\n<\/div>","protected":false},"excerpt":{"rendered":"<p>[vc_row row_type=\u00bbrow\u00bb use_row_as_full_screen_section=\u00bbno\u00bb type=\u00bbgrid\u00bb angled_section=\u00bbno\u00bb text_align=\u00bbleft\u00bb background_image_as_pattern=\u00bbwithout_pattern\u00bb background_color=\u00bb#ffffff\u00bb padding_top=\u00bb0&#8243; padding_bottom=\u00bb0&#8243; css_animation=\u00bb\u00bb] [vc_column width=\u00bb1\/2&#8243;][vc_separator type=\u00bbtransparent\u00bb position=\u00bbcenter\u00bb up=\u00bb17&#8243; down=\u00bb0&#8243;][vc_column_text] Env\u00edo de representantes [\/vc_column_text][vc_separator type=\u00bbtransparent\u00bb position=\u00bbcenter\u00bb up=\u00bb10&#8243; down=\u00bb0&#8243;][vc_column_text]Shavei Israel auspicia el env\u00edo de rabinos y docentes para que trabajen con diversos grupos de \u201cjud\u00edos perdidos\u201d en lugares tan&#8230;<\/p>\n","protected":false},"author":8,"featured_media":0,"parent":15694,"menu_order":0,"comment_status":"closed","ping_status":"closed","template":"full_width.php","meta":{"give_campaign_id":0,"_exactmetrics_skip_tracking":false,"_exactmetrics_sitenote_active":false,"_exactmetrics_sitenote_note":"","_exactmetrics_sitenote_category":0,"ngg_post_thumbnail":0,"footnotes":""},"class_list":["post-24763","page","type-page","status-publish","hentry"],"yoast_head":"<!-- This site is optimized with the Yoast SEO plugin v27.4 - https:\/\/yoast.com\/product\/yoast-seo-wordpress\/ -->\n<title>Nuestras Actividades - Shavei Israel<\/title>\n<meta name=\"robots\" content=\"index, follow, max-snippet:-1, max-image-preview:large, max-video-preview:-1\" \/>\n<link rel=\"canonical\" href=\"https:\/\/www.shavei.org\/es\/about-us\/our-activities\/\" \/>\n<meta property=\"og:locale\" content=\"es_ES\" \/>\n<meta property=\"og:type\" content=\"article\" \/>\n<meta property=\"og:title\" content=\"Nuestras Actividades - Shavei Israel\" \/>\n<meta property=\"og:description\" content=\"[vc_row row_type=\u00bbrow\u00bb use_row_as_full_screen_section=\u00bbno\u00bb type=\u00bbgrid\u00bb angled_section=\u00bbno\u00bb text_align=\u00bbleft\u00bb background_image_as_pattern=\u00bbwithout_pattern\u00bb background_color=\u00bb#ffffff\u00bb padding_top=\u00bb0&#8243; padding_bottom=\u00bb0&#8243; css_animation=\u00bb\u00bb] [vc_column width=\u00bb1\/2&#8243;][vc_separator type=\u00bbtransparent\u00bb position=\u00bbcenter\u00bb up=\u00bb17&#8243; down=\u00bb0&#8243;][vc_column_text] Env\u00edo de representantes [\/vc_column_text][vc_separator type=\u00bbtransparent\u00bb position=\u00bbcenter\u00bb up=\u00bb10&#8243; down=\u00bb0&#8243;][vc_column_text]Shavei Israel auspicia el env\u00edo de rabinos y docentes para que trabajen con diversos grupos de \u201cjud\u00edos perdidos\u201d en lugares tan...\" \/>\n<meta property=\"og:url\" content=\"https:\/\/www.shavei.org\/es\/about-us\/our-activities\/\" \/>\n<meta property=\"og:site_name\" content=\"Shavei Israel\" \/>\n<meta property=\"article:modified_time\" content=\"2016-04-12T09:18:10+00:00\" \/>\n<meta name=\"twitter:card\" content=\"summary_large_image\" \/>\n<meta name=\"twitter:label1\" content=\"Tiempo de lectura\" \/>\n\t<meta name=\"twitter:data1\" content=\"5 minutos\" \/>\n<script type=\"application\/ld+json\" class=\"yoast-schema-graph\">{\"@context\":\"https:\\\/\\\/schema.org\",\"@graph\":[{\"@type\":\"WebPage\",\"@id\":\"https:\\\/\\\/www.shavei.org\\\/es\\\/about-us\\\/our-activities\\\/\",\"url\":\"https:\\\/\\\/www.shavei.org\\\/es\\\/about-us\\\/our-activities\\\/\",\"name\":\"Nuestras Actividades - Shavei Israel\",\"isPartOf\":{\"@id\":\"https:\\\/\\\/www.shavei.org\\\/#website\"},\"datePublished\":\"2016-01-05T20:14:11+00:00\",\"dateModified\":\"2016-04-12T09:18:10+00:00\",\"breadcrumb\":{\"@id\":\"https:\\\/\\\/www.shavei.org\\\/es\\\/about-us\\\/our-activities\\\/#breadcrumb\"},\"inLanguage\":\"es\",\"potentialAction\":[{\"@type\":\"ReadAction\",\"target\":[\"https:\\\/\\\/www.shavei.org\\\/es\\\/about-us\\\/our-activities\\\/\"]}]},{\"@type\":\"BreadcrumbList\",\"@id\":\"https:\\\/\\\/www.shavei.org\\\/es\\\/about-us\\\/our-activities\\\/#breadcrumb\",\"itemListElement\":[{\"@type\":\"ListItem\",\"position\":1,\"name\":\"Home\",\"item\":\"https:\\\/\\\/www.shavei.org\\\/es\\\/\"},{\"@type\":\"ListItem\",\"position\":2,\"name\":\"Qui\u00e9nes Somos\",\"item\":\"https:\\\/\\\/www.shavei.org\\\/es\\\/about-us\\\/\"},{\"@type\":\"ListItem\",\"position\":3,\"name\":\"Nuestras Actividades\"}]},{\"@type\":\"WebSite\",\"@id\":\"https:\\\/\\\/www.shavei.org\\\/#website\",\"url\":\"https:\\\/\\\/www.shavei.org\\\/\",\"name\":\"Shavei Israel\",\"description\":\"One nation, many faces. We help them all return.\",\"publisher\":{\"@id\":\"https:\\\/\\\/www.shavei.org\\\/#organization\"},\"potentialAction\":[{\"@type\":\"SearchAction\",\"target\":{\"@type\":\"EntryPoint\",\"urlTemplate\":\"https:\\\/\\\/www.shavei.org\\\/?s={search_term_string}\"},\"query-input\":{\"@type\":\"PropertyValueSpecification\",\"valueRequired\":true,\"valueName\":\"search_term_string\"}}],\"inLanguage\":\"es\"},{\"@type\":\"Organization\",\"@id\":\"https:\\\/\\\/www.shavei.org\\\/#organization\",\"name\":\"Shavei Israel\",\"url\":\"https:\\\/\\\/www.shavei.org\\\/\",\"logo\":{\"@type\":\"ImageObject\",\"inLanguage\":\"es\",\"@id\":\"https:\\\/\\\/www.shavei.org\\\/#\\\/schema\\\/logo\\\/image\\\/\",\"url\":\"https:\\\/\\\/www.shavei.org\\\/wp-content\\\/uploads\\\/2017\\\/10\\\/shavei-logo.jpg\",\"contentUrl\":\"https:\\\/\\\/www.shavei.org\\\/wp-content\\\/uploads\\\/2017\\\/10\\\/shavei-logo.jpg\",\"width\":300,\"height\":285,\"caption\":\"Shavei Israel\"},\"image\":{\"@id\":\"https:\\\/\\\/www.shavei.org\\\/#\\\/schema\\\/logo\\\/image\\\/\"}}]}<\/script>\n<!-- \/ Yoast SEO plugin. -->","yoast_head_json":{"title":"Nuestras Actividades - Shavei Israel","robots":{"index":"index","follow":"follow","max-snippet":"max-snippet:-1","max-image-preview":"max-image-preview:large","max-video-preview":"max-video-preview:-1"},"canonical":"https:\/\/www.shavei.org\/es\/about-us\/our-activities\/","og_locale":"es_ES","og_type":"article","og_title":"Nuestras Actividades - Shavei Israel","og_description":"[vc_row row_type=\u00bbrow\u00bb use_row_as_full_screen_section=\u00bbno\u00bb type=\u00bbgrid\u00bb angled_section=\u00bbno\u00bb text_align=\u00bbleft\u00bb background_image_as_pattern=\u00bbwithout_pattern\u00bb background_color=\u00bb#ffffff\u00bb padding_top=\u00bb0&#8243; padding_bottom=\u00bb0&#8243; css_animation=\u00bb\u00bb] [vc_column width=\u00bb1\/2&#8243;][vc_separator type=\u00bbtransparent\u00bb position=\u00bbcenter\u00bb up=\u00bb17&#8243; down=\u00bb0&#8243;][vc_column_text] Env\u00edo de representantes [\/vc_column_text][vc_separator type=\u00bbtransparent\u00bb position=\u00bbcenter\u00bb up=\u00bb10&#8243; down=\u00bb0&#8243;][vc_column_text]Shavei Israel auspicia el env\u00edo de rabinos y docentes para que trabajen con diversos grupos de \u201cjud\u00edos perdidos\u201d en lugares tan...","og_url":"https:\/\/www.shavei.org\/es\/about-us\/our-activities\/","og_site_name":"Shavei Israel","article_modified_time":"2016-04-12T09:18:10+00:00","twitter_card":"summary_large_image","twitter_misc":{"Tiempo de lectura":"5 minutos"},"schema":{"@context":"https:\/\/schema.org","@graph":[{"@type":"WebPage","@id":"https:\/\/www.shavei.org\/es\/about-us\/our-activities\/","url":"https:\/\/www.shavei.org\/es\/about-us\/our-activities\/","name":"Nuestras Actividades - Shavei Israel","isPartOf":{"@id":"https:\/\/www.shavei.org\/#website"},"datePublished":"2016-01-05T20:14:11+00:00","dateModified":"2016-04-12T09:18:10+00:00","breadcrumb":{"@id":"https:\/\/www.shavei.org\/es\/about-us\/our-activities\/#breadcrumb"},"inLanguage":"es","potentialAction":[{"@type":"ReadAction","target":["https:\/\/www.shavei.org\/es\/about-us\/our-activities\/"]}]},{"@type":"BreadcrumbList","@id":"https:\/\/www.shavei.org\/es\/about-us\/our-activities\/#breadcrumb","itemListElement":[{"@type":"ListItem","position":1,"name":"Home","item":"https:\/\/www.shavei.org\/es\/"},{"@type":"ListItem","position":2,"name":"Qui\u00e9nes Somos","item":"https:\/\/www.shavei.org\/es\/about-us\/"},{"@type":"ListItem","position":3,"name":"Nuestras Actividades"}]},{"@type":"WebSite","@id":"https:\/\/www.shavei.org\/#website","url":"https:\/\/www.shavei.org\/","name":"Shavei Israel","description":"One nation, many faces. We help them all return.","publisher":{"@id":"https:\/\/www.shavei.org\/#organization"},"potentialAction":[{"@type":"SearchAction","target":{"@type":"EntryPoint","urlTemplate":"https:\/\/www.shavei.org\/?s={search_term_string}"},"query-input":{"@type":"PropertyValueSpecification","valueRequired":true,"valueName":"search_term_string"}}],"inLanguage":"es"},{"@type":"Organization","@id":"https:\/\/www.shavei.org\/#organization","name":"Shavei Israel","url":"https:\/\/www.shavei.org\/","logo":{"@type":"ImageObject","inLanguage":"es","@id":"https:\/\/www.shavei.org\/#\/schema\/logo\/image\/","url":"https:\/\/www.shavei.org\/wp-content\/uploads\/2017\/10\/shavei-logo.jpg","contentUrl":"https:\/\/www.shavei.org\/wp-content\/uploads\/2017\/10\/shavei-logo.jpg","width":300,"height":285,"caption":"Shavei Israel"},"image":{"@id":"https:\/\/www.shavei.org\/#\/schema\/logo\/image\/"}}]}},"campaignId":"","_links":{"self":[{"href":"https:\/\/www.shavei.org\/es\/wp-json\/wp\/v2\/pages\/24763","targetHints":{"allow":["GET"]}}],"collection":[{"href":"https:\/\/www.shavei.org\/es\/wp-json\/wp\/v2\/pages"}],"about":[{"href":"https:\/\/www.shavei.org\/es\/wp-json\/wp\/v2\/types\/page"}],"author":[{"embeddable":true,"href":"https:\/\/www.shavei.org\/es\/wp-json\/wp\/v2\/users\/8"}],"replies":[{"embeddable":true,"href":"https:\/\/www.shavei.org\/es\/wp-json\/wp\/v2\/comments?post=24763"}],"version-history":[{"count":10,"href":"https:\/\/www.shavei.org\/es\/wp-json\/wp\/v2\/pages\/24763\/revisions"}],"predecessor-version":[{"id":29551,"href":"https:\/\/www.shavei.org\/es\/wp-json\/wp\/v2\/pages\/24763\/revisions\/29551"}],"up":[{"embeddable":true,"href":"https:\/\/www.shavei.org\/es\/wp-json\/wp\/v2\/pages\/15694"}],"wp:attachment":[{"href":"https:\/\/www.shavei.org\/es\/wp-json\/wp\/v2\/media?parent=24763"}],"curies":[{"name":"wp","href":"https:\/\/api.w.org\/{rel}","templated":true}]}}