{"id":182807,"date":"2023-10-10T12:58:58","date_gmt":"2023-10-10T10:58:58","guid":{"rendered":"https:\/\/www.shavei.org\/raise-money-soldiers\/"},"modified":"2024-08-01T11:19:19","modified_gmt":"2024-08-01T09:19:19","slug":"raise-money-soldiers","status":"publish","type":"page","link":"https:\/\/www.shavei.org\/es\/raise-money-soldiers\/","title":{"rendered":"AYUDA AL ESFUERZO DE GUERRA"},"content":{"rendered":"<div class=\"wpb-content-wrapper\"><p>[vc_row css_animation=\u00bb\u00bb row_type=\u00bbrow\u00bb use_row_as_full_screen_section=\u00bbno\u00bb type=\u00bbfull_width\u00bb angled_section=\u00bbno\u00bb text_align=\u00bbleft\u00bb background_image_as_pattern=\u00bbwithout_pattern\u00bb][vc_column][vc_single_image image=\u00bb182818&#8243; img_size=\u00bbfull\u00bb alignment=\u00bbcenter\u00bb onclick=\u00bbcustom_link\u00bb img_link_target=\u00bb_blank\u00bb qode_css_animation=\u00bb\u00bb link=\u00bbhttps:\/\/web.causematch.com\/donate\/shavei_israel\u00bb][\/vc_column][\/vc_row][vc_row css_animation=\u00bb\u00bb row_type=\u00bbrow\u00bb use_row_as_full_screen_section=\u00bbno\u00bb type=\u00bbfull_width\u00bb angled_section=\u00bbno\u00bb text_align=\u00bbleft\u00bb background_image_as_pattern=\u00bbwithout_pattern\u00bb][vc_column][vc_column_text]<\/p>\n<h2 style=\"text-align: center;\">AYUDA AL ESFUERZO DE GUERRA<\/h2>\n<h4 style=\"text-align: center;\">Ayude a recaudar dinero para apoyar a los ni\u00f1os de Bnei Menashe bajo fuego en ciudades fronterizas y a los evacuados<\/h4>\n<p>[\/vc_column_text][\/vc_column][\/vc_row][vc_row css_animation=\u00bb\u00bb row_type=\u00bbrow\u00bb use_row_as_full_screen_section=\u00bbno\u00bb type=\u00bbfull_width\u00bb angled_section=\u00bbno\u00bb text_align=\u00bbleft\u00bb background_image_as_pattern=\u00bbwithout_pattern\u00bb css=\u00bb.vc_custom_1696953164559{margin-top: 30px !important;margin-bottom: 20px !important;}\u00bb z_index=\u00bb\u00bb][vc_column][vc_column_text]Israel lleva m\u00e1s de nueve meses en una guerra dif\u00edcil con p\u00e9rdidas dolorosas, luchando contra entidades terroristas en sus fronteras, con miles de personas a\u00fan evacuadas de sus hogares. No hay final a la vista.<\/p>\n<p>Actualmente estamos haciendo nuestra parte para ayudar. Actualmente hay m\u00e1s de mil ni\u00f1os de Bnei Menashe bajo fuego desde el norte, y cientos de ellos a\u00fan han sido evacuados de sus hogares. A medida que se acerca el nuevo a\u00f1o escolar, estamos haciendo todo lo posible para devolverles su infancia. Estamos recaudando fondos para comprar \u00fatiles escolares, juguetes y art\u00edculos de primera necesidad.<\/p>\n<p>Adem\u00e1s, estamos recaudando dinero para proporcionar equipo y apoyo a los m\u00e1s de 60 soldados en servicio activo de Bnei Menashe y nuestras otras comunidades.<\/p>\n<p style=\"text-align: center;\"><span style=\"font-size: 14pt;\"><br \/>\n\u00a1Necesitamos su apoyo ahora m\u00e1s que nunca!<\/span><br \/>\n&nbsp;<br \/>\n<strong><span style=\"font-size: 14pt;\">Por favor done generosamente.<\/span><\/strong><\/p>\n<p>[\/vc_column_text][\/vc_column][\/vc_row][vc_row css_animation=\u00bb\u00bb row_type=\u00bbrow\u00bb use_row_as_full_screen_section=\u00bbno\u00bb type=\u00bbfull_width\u00bb angled_section=\u00bbno\u00bb text_align=\u00bbleft\u00bb background_image_as_pattern=\u00bbwithout_pattern\u00bb z_index=\u00bb\u00bb css=\u00bb.vc_custom_1713166352546{margin-bottom: 40px !important;}\u00bb][vc_column width=\u00bb1\/3&#8243;][\/vc_column][vc_column width=\u00bb1\/3&#8243;]<a  itemprop=\"url\" href=\"https:\/\/web.causematch.com\/donate\/shavei_israel\" target=\"_blank\" data-hover-background-color='#ffffff' data-hover-border-color='#dd0000' data-hover-color='#dd3333' class=\"qbutton  big_large center default\" style=\"color: #ffffff; border-color: #d82424; font-size: 18px; border-radius: 4px;-moz-border-radius: 4px;-webkit-border-radius: 4px; background-color: #ff4747;\">Donar Ahora!<\/a>[\/vc_column][vc_column width=\u00bb1\/3&#8243;][\/vc_column][\/vc_row][vc_row css_animation=\u00bb\u00bb row_type=\u00bbrow\u00bb use_row_as_full_screen_section=\u00bbno\u00bb type=\u00bbfull_width\u00bb angled_section=\u00bbno\u00bb text_align=\u00bbleft\u00bb background_image_as_pattern=\u00bbwithout_pattern\u00bb][vc_column][vc_single_image image=\u00bb182810&#8243; img_size=\u00bbfull\u00bb onclick=\u00bbcustom_link\u00bb qode_css_animation=\u00bb\u00bb link=\u00bbhttps:\/\/web.causematch.com\/donate\/shavei_israel\u00bb][\/vc_column][\/vc_row][vc_row css_animation=\u00bb\u00bb row_type=\u00bbrow\u00bb use_row_as_full_screen_section=\u00bbno\u00bb type=\u00bbfull_width\u00bb angled_section=\u00bbno\u00bb text_align=\u00bbleft\u00bb background_image_as_pattern=\u00bbwithout_pattern\u00bb css=\u00bb.vc_custom_1722502593706{margin-top: 20px !important;}\u00bb z_index=\u00bb\u00bb][vc_column][vc_column_text]<em><strong>Donaciones por correo<\/strong><\/em><\/p>\n<p>En los EE. UU., Las donaciones deducibles de impuestos se pueden enviar a:<\/p>\n<p>PEF Israel Endowment Funds<br \/>\n630 Third Avenue, 15th Floor<br \/>\nNew York, NY 10017<br \/>\nUSA<\/p>\n<p>**Si desea enviar un cheque, por favor escriba que la donaci\u00f3n es para Shavei Israel ID 58-0433399.<\/p>\n<p>&nbsp;[\/vc_column_text][\/vc_column][\/vc_row][vc_row css_animation=\u00bb\u00bb row_type=\u00bbrow\u00bb use_row_as_full_screen_section=\u00bbno\u00bb type=\u00bbfull_width\u00bb angled_section=\u00bbno\u00bb text_align=\u00bbleft\u00bb background_image_as_pattern=\u00bbwithout_pattern\u00bb css=\u00bb.vc_custom_1722502593706{margin-top: 20px !important;}\u00bb z_index=\u00bb\u00bb][vc_column][vc_column_text]PEF una organizaci\u00f3n exenta de impuestos 501 (c) (3) del IRS<\/p>\n<p>EIN# 13-6104086[\/vc_column_text][\/vc_column][\/vc_row][vc_row css_animation=\u00bb\u00bb row_type=\u00bbrow\u00bb use_row_as_full_screen_section=\u00bbno\u00bb type=\u00bbfull_width\u00bb angled_section=\u00bbno\u00bb text_align=\u00bbleft\u00bb background_image_as_pattern=\u00bbwithout_pattern\u00bb css=\u00bb.vc_custom_1722502593706{margin-top: 20px !important;}\u00bb z_index=\u00bb\u00bb][vc_column][vc_column_text]<em><strong>En Israel, las donaciones pueden enviarse a:<\/strong><\/em><\/p>\n<p>Shavei Israel<br \/>\nAm Veolamo 3<br \/>\nJerusalem 9546303<\/p>\n<p>Para donar mediante transferencia bancaria o para otras consultas, comun\u00edquese con nosotros.[\/vc_column_text][\/vc_column][\/vc_row][vc_row css_animation=\u00bb\u00bb row_type=\u00bbrow\u00bb use_row_as_full_screen_section=\u00bbno\u00bb type=\u00bbfull_width\u00bb angled_section=\u00bbno\u00bb text_align=\u00bbleft\u00bb background_image_as_pattern=\u00bbwithout_pattern\u00bb][vc_column width=\u00bb1\/4&#8243;][\/vc_column][vc_column width=\u00bb1\/4&#8243;][\/vc_column][\/vc_row]<\/p>\n<\/div>","protected":false},"excerpt":{"rendered":"<p>[vc_row css_animation=\u00bb\u00bb row_type=\u00bbrow\u00bb use_row_as_full_screen_section=\u00bbno\u00bb type=\u00bbfull_width\u00bb angled_section=\u00bbno\u00bb text_align=\u00bbleft\u00bb background_image_as_pattern=\u00bbwithout_pattern\u00bb][vc_column][vc_single_image image=\u00bb182818&#8243; img_size=\u00bbfull\u00bb alignment=\u00bbcenter\u00bb onclick=\u00bbcustom_link\u00bb img_link_target=\u00bb_blank\u00bb qode_css_animation=\u00bb\u00bb link=\u00bbhttps:\/\/web.causematch.com\/donate\/shavei_israel\u00bb][\/vc_column][\/vc_row][vc_row css_animation=\u00bb\u00bb row_type=\u00bbrow\u00bb use_row_as_full_screen_section=\u00bbno\u00bb type=\u00bbfull_width\u00bb angled_section=\u00bbno\u00bb text_align=\u00bbleft\u00bb background_image_as_pattern=\u00bbwithout_pattern\u00bb][vc_column][vc_column_text] AYUDA AL ESFUERZO DE GUERRA Ayude a recaudar dinero para apoyar a los ni\u00f1os de Bnei Menashe bajo fuego en ciudades fronterizas y&#8230;<\/p>\n","protected":false},"author":31,"featured_media":182833,"parent":0,"menu_order":0,"comment_status":"open","ping_status":"open","template":"","meta":{"give_campaign_id":0,"_exactmetrics_skip_tracking":false,"_exactmetrics_sitenote_active":false,"_exactmetrics_sitenote_note":"","_exactmetrics_sitenote_category":0,"ngg_post_thumbnail":0,"footnotes":""},"class_list":["post-182807","page","type-page","status-publish","has-post-thumbnail","hentry"],"yoast_head":"<!-- This site is optimized with the Yoast SEO plugin v27.1.1 - https:\/\/yoast.com\/product\/yoast-seo-wordpress\/ -->\n<title>AYUDA AL ESFUERZO DE GUERRA - Shavei Israel<\/title>\n<meta name=\"description\" content=\"Israel lleva m\u00e1s de nueve meses en una guerra dif\u00edcil con p\u00e9rdidas dolorosas, luchando contra entidades terroristas en sus fronteras, con miles de personas a\u00fan evacuadas de sus hogares. No hay final a la vista.\" \/>\n<meta name=\"robots\" content=\"index, follow, max-snippet:-1, max-image-preview:large, max-video-preview:-1\" \/>\n<link rel=\"canonical\" href=\"https:\/\/www.shavei.org\/es\/raise-money-soldiers\/\" \/>\n<meta property=\"og:locale\" content=\"es_ES\" \/>\n<meta property=\"og:type\" content=\"article\" \/>\n<meta property=\"og:title\" content=\"AYUDA AL ESFUERZO DE GUERRA - Shavei Israel\" \/>\n<meta property=\"og:description\" content=\"Israel lleva m\u00e1s de nueve meses en una guerra dif\u00edcil con p\u00e9rdidas dolorosas, luchando contra entidades terroristas en sus fronteras, con miles de personas a\u00fan evacuadas de sus hogares. No hay final a la vista.\" \/>\n<meta property=\"og:url\" content=\"https:\/\/www.shavei.org\/es\/raise-money-soldiers\/\" \/>\n<meta property=\"og:site_name\" content=\"Shavei Israel\" \/>\n<meta property=\"article:modified_time\" content=\"2024-08-01T09:19:19+00:00\" \/>\n<meta property=\"og:image\" content=\"https:\/\/www.shavei.org\/wp-content\/uploads\/2024\/08\/soldiers_spanish_fb.jpeg\" \/>\n\t<meta property=\"og:image:width\" content=\"933\" \/>\n\t<meta property=\"og:image:height\" content=\"567\" \/>\n\t<meta property=\"og:image:type\" content=\"image\/jpeg\" \/>\n<meta name=\"twitter:card\" content=\"summary_large_image\" \/>\n<meta name=\"twitter:label1\" content=\"Tiempo de lectura\" \/>\n\t<meta name=\"twitter:data1\" content=\"2 minutos\" \/>\n<script type=\"application\/ld+json\" class=\"yoast-schema-graph\">{\"@context\":\"https:\/\/schema.org\",\"@graph\":[{\"@type\":\"WebPage\",\"@id\":\"https:\/\/www.shavei.org\/es\/raise-money-soldiers\/\",\"url\":\"https:\/\/www.shavei.org\/es\/raise-money-soldiers\/\",\"name\":\"AYUDA AL ESFUERZO DE GUERRA - Shavei Israel\",\"isPartOf\":{\"@id\":\"https:\/\/www.shavei.org\/#website\"},\"primaryImageOfPage\":{\"@id\":\"https:\/\/www.shavei.org\/es\/raise-money-soldiers\/#primaryimage\"},\"image\":{\"@id\":\"https:\/\/www.shavei.org\/es\/raise-money-soldiers\/#primaryimage\"},\"thumbnailUrl\":\"https:\/\/www.shavei.org\/wp-content\/uploads\/2024\/08\/soldiers_spanish_fb.jpeg\",\"datePublished\":\"2023-10-10T10:58:58+00:00\",\"dateModified\":\"2024-08-01T09:19:19+00:00\",\"description\":\"Israel lleva m\u00e1s de nueve meses en una guerra dif\u00edcil con p\u00e9rdidas dolorosas, luchando contra entidades terroristas en sus fronteras, con miles de personas a\u00fan evacuadas de sus hogares. No hay final a la vista.\",\"breadcrumb\":{\"@id\":\"https:\/\/www.shavei.org\/es\/raise-money-soldiers\/#breadcrumb\"},\"inLanguage\":\"es\",\"potentialAction\":[{\"@type\":\"ReadAction\",\"target\":[\"https:\/\/www.shavei.org\/es\/raise-money-soldiers\/\"]}]},{\"@type\":\"ImageObject\",\"inLanguage\":\"es\",\"@id\":\"https:\/\/www.shavei.org\/es\/raise-money-soldiers\/#primaryimage\",\"url\":\"https:\/\/www.shavei.org\/wp-content\/uploads\/2024\/08\/soldiers_spanish_fb.jpeg\",\"contentUrl\":\"https:\/\/www.shavei.org\/wp-content\/uploads\/2024\/08\/soldiers_spanish_fb.jpeg\",\"width\":933,\"height\":567},{\"@type\":\"BreadcrumbList\",\"@id\":\"https:\/\/www.shavei.org\/es\/raise-money-soldiers\/#breadcrumb\",\"itemListElement\":[{\"@type\":\"ListItem\",\"position\":1,\"name\":\"Home\",\"item\":\"https:\/\/www.shavei.org\/es\/\"},{\"@type\":\"ListItem\",\"position\":2,\"name\":\"AYUDA AL ESFUERZO DE GUERRA\"}]},{\"@type\":\"WebSite\",\"@id\":\"https:\/\/www.shavei.org\/#website\",\"url\":\"https:\/\/www.shavei.org\/\",\"name\":\"Shavei Israel\",\"description\":\"One nation, many faces. We help them all return.\",\"publisher\":{\"@id\":\"https:\/\/www.shavei.org\/#organization\"},\"potentialAction\":[{\"@type\":\"SearchAction\",\"target\":{\"@type\":\"EntryPoint\",\"urlTemplate\":\"https:\/\/www.shavei.org\/?s={search_term_string}\"},\"query-input\":{\"@type\":\"PropertyValueSpecification\",\"valueRequired\":true,\"valueName\":\"search_term_string\"}}],\"inLanguage\":\"es\"},{\"@type\":\"Organization\",\"@id\":\"https:\/\/www.shavei.org\/#organization\",\"name\":\"Shavei Israel\",\"url\":\"https:\/\/www.shavei.org\/\",\"logo\":{\"@type\":\"ImageObject\",\"inLanguage\":\"es\",\"@id\":\"https:\/\/www.shavei.org\/#\/schema\/logo\/image\/\",\"url\":\"https:\/\/www.shavei.org\/wp-content\/uploads\/2017\/10\/shavei-logo.jpg\",\"contentUrl\":\"https:\/\/www.shavei.org\/wp-content\/uploads\/2017\/10\/shavei-logo.jpg\",\"width\":300,\"height\":285,\"caption\":\"Shavei Israel\"},\"image\":{\"@id\":\"https:\/\/www.shavei.org\/#\/schema\/logo\/image\/\"}}]}<\/script>\n<!-- \/ Yoast SEO plugin. -->","yoast_head_json":{"title":"AYUDA AL ESFUERZO DE GUERRA - Shavei Israel","description":"Israel lleva m\u00e1s de nueve meses en una guerra dif\u00edcil con p\u00e9rdidas dolorosas, luchando contra entidades terroristas en sus fronteras, con miles de personas a\u00fan evacuadas de sus hogares. No hay final a la vista.","robots":{"index":"index","follow":"follow","max-snippet":"max-snippet:-1","max-image-preview":"max-image-preview:large","max-video-preview":"max-video-preview:-1"},"canonical":"https:\/\/www.shavei.org\/es\/raise-money-soldiers\/","og_locale":"es_ES","og_type":"article","og_title":"AYUDA AL ESFUERZO DE GUERRA - Shavei Israel","og_description":"Israel lleva m\u00e1s de nueve meses en una guerra dif\u00edcil con p\u00e9rdidas dolorosas, luchando contra entidades terroristas en sus fronteras, con miles de personas a\u00fan evacuadas de sus hogares. No hay final a la vista.","og_url":"https:\/\/www.shavei.org\/es\/raise-money-soldiers\/","og_site_name":"Shavei Israel","article_modified_time":"2024-08-01T09:19:19+00:00","og_image":[{"width":933,"height":567,"url":"https:\/\/www.shavei.org\/wp-content\/uploads\/2024\/08\/soldiers_spanish_fb.jpeg","type":"image\/jpeg"}],"twitter_card":"summary_large_image","twitter_misc":{"Tiempo de lectura":"2 minutos"},"schema":{"@context":"https:\/\/schema.org","@graph":[{"@type":"WebPage","@id":"https:\/\/www.shavei.org\/es\/raise-money-soldiers\/","url":"https:\/\/www.shavei.org\/es\/raise-money-soldiers\/","name":"AYUDA AL ESFUERZO DE GUERRA - Shavei Israel","isPartOf":{"@id":"https:\/\/www.shavei.org\/#website"},"primaryImageOfPage":{"@id":"https:\/\/www.shavei.org\/es\/raise-money-soldiers\/#primaryimage"},"image":{"@id":"https:\/\/www.shavei.org\/es\/raise-money-soldiers\/#primaryimage"},"thumbnailUrl":"https:\/\/www.shavei.org\/wp-content\/uploads\/2024\/08\/soldiers_spanish_fb.jpeg","datePublished":"2023-10-10T10:58:58+00:00","dateModified":"2024-08-01T09:19:19+00:00","description":"Israel lleva m\u00e1s de nueve meses en una guerra dif\u00edcil con p\u00e9rdidas dolorosas, luchando contra entidades terroristas en sus fronteras, con miles de personas a\u00fan evacuadas de sus hogares. No hay final a la vista.","breadcrumb":{"@id":"https:\/\/www.shavei.org\/es\/raise-money-soldiers\/#breadcrumb"},"inLanguage":"es","potentialAction":[{"@type":"ReadAction","target":["https:\/\/www.shavei.org\/es\/raise-money-soldiers\/"]}]},{"@type":"ImageObject","inLanguage":"es","@id":"https:\/\/www.shavei.org\/es\/raise-money-soldiers\/#primaryimage","url":"https:\/\/www.shavei.org\/wp-content\/uploads\/2024\/08\/soldiers_spanish_fb.jpeg","contentUrl":"https:\/\/www.shavei.org\/wp-content\/uploads\/2024\/08\/soldiers_spanish_fb.jpeg","width":933,"height":567},{"@type":"BreadcrumbList","@id":"https:\/\/www.shavei.org\/es\/raise-money-soldiers\/#breadcrumb","itemListElement":[{"@type":"ListItem","position":1,"name":"Home","item":"https:\/\/www.shavei.org\/es\/"},{"@type":"ListItem","position":2,"name":"AYUDA AL ESFUERZO DE GUERRA"}]},{"@type":"WebSite","@id":"https:\/\/www.shavei.org\/#website","url":"https:\/\/www.shavei.org\/","name":"Shavei Israel","description":"One nation, many faces. We help them all return.","publisher":{"@id":"https:\/\/www.shavei.org\/#organization"},"potentialAction":[{"@type":"SearchAction","target":{"@type":"EntryPoint","urlTemplate":"https:\/\/www.shavei.org\/?s={search_term_string}"},"query-input":{"@type":"PropertyValueSpecification","valueRequired":true,"valueName":"search_term_string"}}],"inLanguage":"es"},{"@type":"Organization","@id":"https:\/\/www.shavei.org\/#organization","name":"Shavei Israel","url":"https:\/\/www.shavei.org\/","logo":{"@type":"ImageObject","inLanguage":"es","@id":"https:\/\/www.shavei.org\/#\/schema\/logo\/image\/","url":"https:\/\/www.shavei.org\/wp-content\/uploads\/2017\/10\/shavei-logo.jpg","contentUrl":"https:\/\/www.shavei.org\/wp-content\/uploads\/2017\/10\/shavei-logo.jpg","width":300,"height":285,"caption":"Shavei Israel"},"image":{"@id":"https:\/\/www.shavei.org\/#\/schema\/logo\/image\/"}}]}},"campaignId":"","_links":{"self":[{"href":"https:\/\/www.shavei.org\/es\/wp-json\/wp\/v2\/pages\/182807","targetHints":{"allow":["GET"]}}],"collection":[{"href":"https:\/\/www.shavei.org\/es\/wp-json\/wp\/v2\/pages"}],"about":[{"href":"https:\/\/www.shavei.org\/es\/wp-json\/wp\/v2\/types\/page"}],"author":[{"embeddable":true,"href":"https:\/\/www.shavei.org\/es\/wp-json\/wp\/v2\/users\/31"}],"replies":[{"embeddable":true,"href":"https:\/\/www.shavei.org\/es\/wp-json\/wp\/v2\/comments?post=182807"}],"version-history":[{"count":8,"href":"https:\/\/www.shavei.org\/es\/wp-json\/wp\/v2\/pages\/182807\/revisions"}],"predecessor-version":[{"id":182832,"href":"https:\/\/www.shavei.org\/es\/wp-json\/wp\/v2\/pages\/182807\/revisions\/182832"}],"wp:featuredmedia":[{"embeddable":true,"href":"https:\/\/www.shavei.org\/es\/wp-json\/wp\/v2\/media\/182833"}],"wp:attachment":[{"href":"https:\/\/www.shavei.org\/es\/wp-json\/wp\/v2\/media?parent=182807"}],"curies":[{"name":"wp","href":"https:\/\/api.w.org\/{rel}","templated":true}]}}