{"id":178216,"date":"2023-08-17T10:56:55","date_gmt":"2023-08-17T08:56:55","guid":{"rendered":"https:\/\/www.shavei.org\/?page_id=178216"},"modified":"2023-08-17T12:23:47","modified_gmt":"2023-08-17T10:23:47","slug":"alia","status":"publish","type":"page","link":"https:\/\/www.shavei.org\/es\/alia\/","title":{"rendered":"FOMENTAMOS LA ALI\u00c1"},"content":{"rendered":"<div class=\"wpb-content-wrapper\"><p>[vc_row css_animation=\u00bb\u00bb row_type=\u00bbrow\u00bb use_row_as_full_screen_section=\u00bbno\u00bb type=\u00bbfull_width\u00bb angled_section=\u00bbno\u00bb text_align=\u00bbleft\u00bb background_image_as_pattern=\u00bbwithout_pattern\u00bb css=\u00bb.vc_custom_1692266403624{margin-top: 25px !important;margin-bottom: 28px !important;}\u00bb z_index=\u00bb\u00bb][vc_column][vc_single_image image=\u00bb178244&#8243; img_size=\u00bbfull\u00bb alignment=\u00bbcenter\u00bb qode_css_animation=\u00bb\u00bb][\/vc_column][\/vc_row][vc_row css_animation=\u00bb\u00bb row_type=\u00bbrow\u00bb use_row_as_full_screen_section=\u00bbno\u00bb type=\u00bbfull_width\u00bb angled_section=\u00bbno\u00bb text_align=\u00bbleft\u00bb background_image_as_pattern=\u00bbwithout_pattern\u00bb css=\u00bb.vc_custom_1691934082433{margin-bottom: 20px !important;}\u00bb z_index=\u00bb\u00bb][vc_column][vc_column_text]La organizaci\u00f3n Shavei Israel se ha fijado el objetivo de participar en el fomento de la ali\u00e1 (inmigraci\u00f3n a Israel).<\/p>\n<p>&nbsp;<\/p>\n<p>Hay tres poblaciones que la organizaci\u00f3n se dedica a impulsar. La organizaci\u00f3n tambi\u00e9n ve la absorci\u00f3n inicial como parte de fomentar la ali\u00e1 porque en el proceso de absorci\u00f3n inicial se consideran todos los temas que aprendieron en su pa\u00eds de origen.[\/vc_column_text]<div class=\"qode-accordion-holder clearfix qode-toggle qode-initial \">\n\t<h4 class=\"clearfix qode-title-holder\">\n<span class=\"qode-tab-title\">\n\t    <span class=\"qode-tab-title-inner\">\n        Read More    <\/span>\n<\/span>\n<span class=\"qode-accordion-mark\">\n    <span class=\"qode-accordion-mark-icon\">\n        <span class=\"icon_plus\"><\/span>\n        <span class=\"icon_minus-06\"><\/span>\n    <\/span>\n<\/span>\n<\/h4>\n<div  class=\"qode-accordion-content \" >\n    <div class=\"qode-accordion-content-inner\">\n        [vc_column_text]<\/p>\n<p>&nbsp;<\/p>\n<p><strong>BNEI MENASHE<\/strong><\/p>\n<p>&nbsp;<\/p>\n<p>Los miembros de esta comunidad emigran a Israel por decisi\u00f3n del gobierno. La organizaci\u00f3n Shavei Israel env\u00eda emisarios y rabinos de la misma congregaci\u00f3n, as\u00ed como rabinos empleados por la organizaci\u00f3n con la aprobaci\u00f3n del Rabinato Principal de Israel, quienes dan lecciones de juda\u00edsmo, tradici\u00f3n, festividades israel\u00edes y todo lo concerniente al campo espiritual.<\/p>\n<p>&nbsp;<\/p>\n<p>Adem\u00e1s, los emisarios ense\u00f1an y preparan a los candidatos de ali\u00e1 para la vida en Israel, incluidas explicaciones sobre el sistema de salud, el bienestar social, la educaci\u00f3n elemental, la educaci\u00f3n acad\u00e9mica, seguridad social, servicios y opciones de empleo en Israel, el uso adecuado del dinero y m\u00e1s.<\/p>\n<p>&nbsp;<\/p>\n<p>Tambi\u00e9n enviamos maestros a la India para ense\u00f1ar hebreo a los candidatos de ali\u00e1, en los \u00faltimos a\u00f1os se ha desarrollado un conjunto de lecciones a trav\u00e9s de la aplicaci\u00f3n \u00abZoom\u00bb, y muchas de las lecciones tambi\u00e9n se imparten a distancia.<\/p>\n<p>&nbsp;<\/p>\n<p>Los maestros tambi\u00e9n ense\u00f1an canciones y bailes culturales israel\u00edes.<\/p>\n<p>&nbsp;<\/p>\n<p>En los primeros meses de su inmigraci\u00f3n, la organizaci\u00f3n abre un centro de absorci\u00f3n y conversi\u00f3n para inmigrantes Bnei Menashe, financiado por el Ministerio de Absorci\u00f3n, y al cabo de tres meses todos los inmigrantes completan el proceso de conversi\u00f3n.<\/p>\n<p>&nbsp;<\/p>\n<p>El per\u00edodo de conversi\u00f3n es relativamente corto porque los Bnei Menashe han vivido como una comunidad jud\u00eda religiosa durante muchos a\u00f1os y, gracias a los esfuerzos de Shavei Israel, llegan casi listos para el proceso de conversi\u00f3n. De entre los miembros de la comunidad, solo vienen aquellos que fueron examinados por los rabinos y recomendados como listos para la conversi\u00f3n.<\/p>\n<p>&nbsp;<\/p>\n<p>Despu\u00e9s de tres meses, cambian de estatus en Israel.<\/p>\n<p>&nbsp;<\/p>\n<p>Incluso despu\u00e9s de dejar el centro de Absorci\u00f3n y trasladarse a una vivienda permanente organizada en coordinaci\u00f3n con Shavei Israel, el Ministerio de Absorci\u00f3n y la autoridad local, la organizaci\u00f3n Shavei Israel contin\u00faa ayudando y acompa\u00f1ando a los inmigrantes en el aprendizaje del idioma hebreo, educaci\u00f3n, salud, bienestar, empleo, seguridad social, y todo lo necesario para una mejor absorci\u00f3n.<\/p>\n<p>&nbsp;<\/p>\n<p><strong>SUBOTNIKS<\/strong><\/p>\n<p>&nbsp;<\/p>\n<p>La organizaci\u00f3n ha estado trabajando durante muchos a\u00f1os por la ali\u00e1 de los jud\u00edos Subotniks de Rusia. Solo a mediados de 2022 comenz\u00f3 una ali\u00e1 masiva de jud\u00edos subbotniks. Tanto en 2022 como en 2023, a la fecha han emigrado a Israel alrededor de 140 personas y creemos que para fin de a\u00f1o migrar\u00e1n m\u00e1s.<\/p>\n<p>&nbsp;<\/p>\n<p>Shavei Israel emplea a un emisario que trabaja con los Subbotniks en Rusia y les explica sobre la vida en Israel. Recorre todos los \u00e1mbitos de la vida y describe los lugares que los recibir\u00e1n. Toda la preparaci\u00f3n para la inmigraci\u00f3n se realiza en coordinaci\u00f3n con el Ministerio de Ali\u00e1 y Absorci\u00f3n de Israel.<\/p>\n<p>&nbsp;<\/p>\n<p>Cuando los inmigrantes llegan a Israel, Shavei Israel contin\u00faa ayud\u00e1ndolos en todas las \u00e1reas en las que recibieron orientaci\u00f3n en Rusia, comprando equipos el\u00e9ctricos para sus apartamentos y acompa\u00f1\u00e1ndolos en los primeros a\u00f1os de su inmigraci\u00f3n.<\/p>\n<p>&nbsp;<\/p>\n<p>BNEI ANUSIM<\/p>\n<p>&nbsp;<\/p>\n<p>Shavei Israel ayuda a los Bnei Anusim (Conversos) de pa\u00edses latinoamericanos que tienen derecho a emigrar a Israel para hacer ali\u00e1, y tambi\u00e9n les ayuda a convertirse al juda\u00edsmo cuando llegan a Israel en nuestros Institutos de conversi\u00f3n.<\/p>\n<p>&nbsp;<\/p>\n<p>La organizaci\u00f3n cuenta con un emisario en Colombia que trabaja en todas las comunidades Anusim de Am\u00e9rica del Sur.<\/p>\n<p>&nbsp;<\/p>\n<p>La organizaci\u00f3n opera centros de conversi\u00f3n para Bnei Anusim, se encarga de prepararlos para la ali\u00e1 y los acompa\u00f1a en sus primeros pasos en Israel.<\/p>\n<p>&nbsp;<\/p>\n<p>Instituto de conversi\u00f3n en Espa\u00f1ol, Portugu\u00e9s, Italiano y Hebreo.<\/p>\n<p>&nbsp;<\/p>\n<p>Recientemente, la organizaci\u00f3n abri\u00f3 un programa de conversi\u00f3n en Ingl\u00e9s. El programa fue aprobado por el Rabinato principal de Israel que apoya su funcionamiento.<\/p>\n<p>&nbsp;<\/p>\n<p>Aparte de los temas de conversi\u00f3n estudiados, Shavei Israel provee la preparaci\u00f3n para la ali\u00e1 tanto en el campo religioso, cultural as\u00ed como social.<\/p>\n<p>&nbsp;<\/p>\n<p><b><\/b>[\/vc_column_text]    <\/div>\n<\/div><\/div>[\/vc_column][\/vc_row][vc_row css_animation=\u00bb\u00bb row_type=\u00bbrow\u00bb use_row_as_full_screen_section=\u00bbno\u00bb type=\u00bbfull_width\u00bb angled_section=\u00bbno\u00bb text_align=\u00bbleft\u00bb background_image_as_pattern=\u00bbwithout_pattern\u00bb][vc_column]<div class='q_masonry_blog'><div class=\"q_masonry_blog_grid_sizer\"><\/div><div class=\"q_masonry_blog_grid_gutter\"><\/div><article  class='post-177834 post type-post status-publish format-standard has-post-thumbnail hentry category-fomentamos-la-alia '><div class=\"q_masonry_blog_post_image\"><a itemprop=\"url\" href=\"https:\/\/www.shavei.org\/es\/blog\/2023\/08\/10\/nueva-vida-para-articulos-judios-antiguos\/\" target=\"_self\"><img decoding=\"async\" itemprop=\"image\" src=\"https:\/\/www.shavei.org\/wp-content\/uploads\/2023\/08\/IMG-20230810-WA0013.jpg\" \/><\/a><\/div><div class=\"q_masonry_blog_post_text\"><h3 itemprop=\"name\" class=\"q_masonry_blog_title entry_title\"><a itemprop=\"url\" href=\"https:\/\/www.shavei.org\/es\/blog\/2023\/08\/10\/nueva-vida-para-articulos-judios-antiguos\/\">Nueva vida para art\u00edculos jud\u00edos antiguos<\/a><\/h3><p itemprop=\"description\" class=\"q_masonry_blog_excerpt\">Hace dos a\u00f1os, un grupo de mujeres de Beit Shemesh se reuni\u00f3 para dar la bienvenida a los m\u00e1s recientes inmigrantes Bnei Menashe con regalos de art\u00edculos jud\u00edos y mucho m\u00e1s. Una de esas mujeres, Brenda Ganot, abri\u00f3 una sucursal de la Heritage Judaica en......<\/p><div class=\"q_masonry_blog_post_info\"><\/div><\/div><\/article><\/div>[\/vc_column][\/vc_row]<\/p>\n<\/div>","protected":false},"excerpt":{"rendered":"<p>[vc_row css_animation=\u00bb\u00bb row_type=\u00bbrow\u00bb use_row_as_full_screen_section=\u00bbno\u00bb type=\u00bbfull_width\u00bb angled_section=\u00bbno\u00bb text_align=\u00bbleft\u00bb background_image_as_pattern=\u00bbwithout_pattern\u00bb css=\u00bb.vc_custom_1692266403624{margin-top: 25px !important;margin-bottom: 28px !important;}\u00bb z_index=\u00bb\u00bb][vc_column][vc_single_image image=\u00bb178244&#8243; img_size=\u00bbfull\u00bb alignment=\u00bbcenter\u00bb qode_css_animation=\u00bb\u00bb][\/vc_column][\/vc_row][vc_row css_animation=\u00bb\u00bb row_type=\u00bbrow\u00bb use_row_as_full_screen_section=\u00bbno\u00bb type=\u00bbfull_width\u00bb angled_section=\u00bbno\u00bb text_align=\u00bbleft\u00bb background_image_as_pattern=\u00bbwithout_pattern\u00bb css=\u00bb.vc_custom_1691934082433{margin-bottom: 20px !important;}\u00bb z_index=\u00bb\u00bb][vc_column][vc_column_text]La organizaci\u00f3n Shavei Israel se ha fijado el objetivo de participar en el fomento de la ali\u00e1&#8230;<\/p>\n","protected":false},"author":31,"featured_media":0,"parent":0,"menu_order":0,"comment_status":"open","ping_status":"open","template":"","meta":{"give_campaign_id":0,"_exactmetrics_skip_tracking":false,"_exactmetrics_sitenote_active":false,"_exactmetrics_sitenote_note":"","_exactmetrics_sitenote_category":0,"ngg_post_thumbnail":0,"footnotes":""},"class_list":["post-178216","page","type-page","status-publish","hentry"],"yoast_head":"<!-- This site is optimized with the Yoast SEO plugin v27.1.1 - https:\/\/yoast.com\/product\/yoast-seo-wordpress\/ -->\n<title>FOMENTAMOS LA ALI\u00c1 - Shavei Israel<\/title>\n<meta name=\"robots\" content=\"index, follow, max-snippet:-1, max-image-preview:large, max-video-preview:-1\" \/>\n<link rel=\"canonical\" href=\"https:\/\/www.shavei.org\/es\/alia\/\" \/>\n<meta property=\"og:locale\" content=\"es_ES\" \/>\n<meta property=\"og:type\" content=\"article\" \/>\n<meta property=\"og:title\" content=\"FOMENTAMOS LA ALI\u00c1 - Shavei Israel\" \/>\n<meta property=\"og:description\" content=\"[vc_row css_animation=\u00bb\u00bb row_type=\u00bbrow\u00bb use_row_as_full_screen_section=\u00bbno\u00bb type=\u00bbfull_width\u00bb angled_section=\u00bbno\u00bb text_align=\u00bbleft\u00bb background_image_as_pattern=\u00bbwithout_pattern\u00bb css=\u00bb.vc_custom_1692266403624{margin-top: 25px !important;margin-bottom: 28px !important;}\u00bb z_index=\u00bb\u00bb][vc_column][vc_single_image image=\u00bb178244&#8243; img_size=\u00bbfull\u00bb alignment=\u00bbcenter\u00bb qode_css_animation=\u00bb\u00bb][\/vc_column][\/vc_row][vc_row css_animation=\u00bb\u00bb row_type=\u00bbrow\u00bb use_row_as_full_screen_section=\u00bbno\u00bb type=\u00bbfull_width\u00bb angled_section=\u00bbno\u00bb text_align=\u00bbleft\u00bb background_image_as_pattern=\u00bbwithout_pattern\u00bb css=\u00bb.vc_custom_1691934082433{margin-bottom: 20px !important;}\u00bb z_index=\u00bb\u00bb][vc_column][vc_column_text]La organizaci\u00f3n Shavei Israel se ha fijado el objetivo de participar en el fomento de la ali\u00e1...\" \/>\n<meta property=\"og:url\" content=\"https:\/\/www.shavei.org\/es\/alia\/\" \/>\n<meta property=\"og:site_name\" content=\"Shavei Israel\" \/>\n<meta property=\"article:modified_time\" content=\"2023-08-17T10:23:47+00:00\" \/>\n<meta name=\"twitter:card\" content=\"summary_large_image\" \/>\n<meta name=\"twitter:label1\" content=\"Tiempo de lectura\" \/>\n\t<meta name=\"twitter:data1\" content=\"5 minutos\" \/>\n<script type=\"application\/ld+json\" class=\"yoast-schema-graph\">{\"@context\":\"https:\/\/schema.org\",\"@graph\":[{\"@type\":\"WebPage\",\"@id\":\"https:\/\/www.shavei.org\/es\/alia\/\",\"url\":\"https:\/\/www.shavei.org\/es\/alia\/\",\"name\":\"FOMENTAMOS LA ALI\u00c1 - Shavei Israel\",\"isPartOf\":{\"@id\":\"https:\/\/www.shavei.org\/#website\"},\"datePublished\":\"2023-08-17T08:56:55+00:00\",\"dateModified\":\"2023-08-17T10:23:47+00:00\",\"breadcrumb\":{\"@id\":\"https:\/\/www.shavei.org\/es\/alia\/#breadcrumb\"},\"inLanguage\":\"es\",\"potentialAction\":[{\"@type\":\"ReadAction\",\"target\":[\"https:\/\/www.shavei.org\/es\/alia\/\"]}]},{\"@type\":\"BreadcrumbList\",\"@id\":\"https:\/\/www.shavei.org\/es\/alia\/#breadcrumb\",\"itemListElement\":[{\"@type\":\"ListItem\",\"position\":1,\"name\":\"Home\",\"item\":\"https:\/\/www.shavei.org\/es\/\"},{\"@type\":\"ListItem\",\"position\":2,\"name\":\"FOMENTAMOS LA ALI\u00c1\"}]},{\"@type\":\"WebSite\",\"@id\":\"https:\/\/www.shavei.org\/#website\",\"url\":\"https:\/\/www.shavei.org\/\",\"name\":\"Shavei Israel\",\"description\":\"One nation, many faces. We help them all return.\",\"publisher\":{\"@id\":\"https:\/\/www.shavei.org\/#organization\"},\"potentialAction\":[{\"@type\":\"SearchAction\",\"target\":{\"@type\":\"EntryPoint\",\"urlTemplate\":\"https:\/\/www.shavei.org\/?s={search_term_string}\"},\"query-input\":{\"@type\":\"PropertyValueSpecification\",\"valueRequired\":true,\"valueName\":\"search_term_string\"}}],\"inLanguage\":\"es\"},{\"@type\":\"Organization\",\"@id\":\"https:\/\/www.shavei.org\/#organization\",\"name\":\"Shavei Israel\",\"url\":\"https:\/\/www.shavei.org\/\",\"logo\":{\"@type\":\"ImageObject\",\"inLanguage\":\"es\",\"@id\":\"https:\/\/www.shavei.org\/#\/schema\/logo\/image\/\",\"url\":\"https:\/\/www.shavei.org\/wp-content\/uploads\/2017\/10\/shavei-logo.jpg\",\"contentUrl\":\"https:\/\/www.shavei.org\/wp-content\/uploads\/2017\/10\/shavei-logo.jpg\",\"width\":300,\"height\":285,\"caption\":\"Shavei Israel\"},\"image\":{\"@id\":\"https:\/\/www.shavei.org\/#\/schema\/logo\/image\/\"}}]}<\/script>\n<!-- \/ Yoast SEO plugin. -->","yoast_head_json":{"title":"FOMENTAMOS LA ALI\u00c1 - Shavei Israel","robots":{"index":"index","follow":"follow","max-snippet":"max-snippet:-1","max-image-preview":"max-image-preview:large","max-video-preview":"max-video-preview:-1"},"canonical":"https:\/\/www.shavei.org\/es\/alia\/","og_locale":"es_ES","og_type":"article","og_title":"FOMENTAMOS LA ALI\u00c1 - Shavei Israel","og_description":"[vc_row css_animation=\u00bb\u00bb row_type=\u00bbrow\u00bb use_row_as_full_screen_section=\u00bbno\u00bb type=\u00bbfull_width\u00bb angled_section=\u00bbno\u00bb text_align=\u00bbleft\u00bb background_image_as_pattern=\u00bbwithout_pattern\u00bb css=\u00bb.vc_custom_1692266403624{margin-top: 25px !important;margin-bottom: 28px !important;}\u00bb z_index=\u00bb\u00bb][vc_column][vc_single_image image=\u00bb178244&#8243; img_size=\u00bbfull\u00bb alignment=\u00bbcenter\u00bb qode_css_animation=\u00bb\u00bb][\/vc_column][\/vc_row][vc_row css_animation=\u00bb\u00bb row_type=\u00bbrow\u00bb use_row_as_full_screen_section=\u00bbno\u00bb type=\u00bbfull_width\u00bb angled_section=\u00bbno\u00bb text_align=\u00bbleft\u00bb background_image_as_pattern=\u00bbwithout_pattern\u00bb css=\u00bb.vc_custom_1691934082433{margin-bottom: 20px !important;}\u00bb z_index=\u00bb\u00bb][vc_column][vc_column_text]La organizaci\u00f3n Shavei Israel se ha fijado el objetivo de participar en el fomento de la ali\u00e1...","og_url":"https:\/\/www.shavei.org\/es\/alia\/","og_site_name":"Shavei Israel","article_modified_time":"2023-08-17T10:23:47+00:00","twitter_card":"summary_large_image","twitter_misc":{"Tiempo de lectura":"5 minutos"},"schema":{"@context":"https:\/\/schema.org","@graph":[{"@type":"WebPage","@id":"https:\/\/www.shavei.org\/es\/alia\/","url":"https:\/\/www.shavei.org\/es\/alia\/","name":"FOMENTAMOS LA ALI\u00c1 - Shavei Israel","isPartOf":{"@id":"https:\/\/www.shavei.org\/#website"},"datePublished":"2023-08-17T08:56:55+00:00","dateModified":"2023-08-17T10:23:47+00:00","breadcrumb":{"@id":"https:\/\/www.shavei.org\/es\/alia\/#breadcrumb"},"inLanguage":"es","potentialAction":[{"@type":"ReadAction","target":["https:\/\/www.shavei.org\/es\/alia\/"]}]},{"@type":"BreadcrumbList","@id":"https:\/\/www.shavei.org\/es\/alia\/#breadcrumb","itemListElement":[{"@type":"ListItem","position":1,"name":"Home","item":"https:\/\/www.shavei.org\/es\/"},{"@type":"ListItem","position":2,"name":"FOMENTAMOS LA ALI\u00c1"}]},{"@type":"WebSite","@id":"https:\/\/www.shavei.org\/#website","url":"https:\/\/www.shavei.org\/","name":"Shavei Israel","description":"One nation, many faces. We help them all return.","publisher":{"@id":"https:\/\/www.shavei.org\/#organization"},"potentialAction":[{"@type":"SearchAction","target":{"@type":"EntryPoint","urlTemplate":"https:\/\/www.shavei.org\/?s={search_term_string}"},"query-input":{"@type":"PropertyValueSpecification","valueRequired":true,"valueName":"search_term_string"}}],"inLanguage":"es"},{"@type":"Organization","@id":"https:\/\/www.shavei.org\/#organization","name":"Shavei Israel","url":"https:\/\/www.shavei.org\/","logo":{"@type":"ImageObject","inLanguage":"es","@id":"https:\/\/www.shavei.org\/#\/schema\/logo\/image\/","url":"https:\/\/www.shavei.org\/wp-content\/uploads\/2017\/10\/shavei-logo.jpg","contentUrl":"https:\/\/www.shavei.org\/wp-content\/uploads\/2017\/10\/shavei-logo.jpg","width":300,"height":285,"caption":"Shavei Israel"},"image":{"@id":"https:\/\/www.shavei.org\/#\/schema\/logo\/image\/"}}]}},"campaignId":"","_links":{"self":[{"href":"https:\/\/www.shavei.org\/es\/wp-json\/wp\/v2\/pages\/178216","targetHints":{"allow":["GET"]}}],"collection":[{"href":"https:\/\/www.shavei.org\/es\/wp-json\/wp\/v2\/pages"}],"about":[{"href":"https:\/\/www.shavei.org\/es\/wp-json\/wp\/v2\/types\/page"}],"author":[{"embeddable":true,"href":"https:\/\/www.shavei.org\/es\/wp-json\/wp\/v2\/users\/31"}],"replies":[{"embeddable":true,"href":"https:\/\/www.shavei.org\/es\/wp-json\/wp\/v2\/comments?post=178216"}],"version-history":[{"count":10,"href":"https:\/\/www.shavei.org\/es\/wp-json\/wp\/v2\/pages\/178216\/revisions"}],"predecessor-version":[{"id":178259,"href":"https:\/\/www.shavei.org\/es\/wp-json\/wp\/v2\/pages\/178216\/revisions\/178259"}],"wp:attachment":[{"href":"https:\/\/www.shavei.org\/es\/wp-json\/wp\/v2\/media?parent=178216"}],"curies":[{"name":"wp","href":"https:\/\/api.w.org\/{rel}","templated":true}]}}