{"id":170713,"date":"2023-05-09T23:02:54","date_gmt":"2023-05-09T21:02:54","guid":{"rendered":"https:\/\/www.shavei.org\/?page_id=170713"},"modified":"2024-02-13T22:52:44","modified_gmt":"2024-02-13T20:52:44","slug":"bnei-menashe-emergency-relief","status":"publish","type":"page","link":"https:\/\/www.shavei.org\/es\/bnei-menashe-emergency-relief\/","title":{"rendered":"Bnei Menashe Emergency Relief Fund"},"content":{"rendered":"<div class=\"wpb-content-wrapper\"><p>[vc_row css_animation=\u00bb\u00bb row_type=\u00bbrow\u00bb use_row_as_full_screen_section=\u00bbno\u00bb type=\u00bbfull_width\u00bb angled_section=\u00bbno\u00bb text_align=\u00bbleft\u00bb background_image_as_pattern=\u00bbwithout_pattern\u00bb][vc_column][vc_column_text]<\/p>\n<h3 style=\"text-align: center;\">Fondo de ayuda de emergencia para Bnei Menashe<\/h3>\n<p>[\/vc_column_text][\/vc_column][\/vc_row][vc_row css_animation=\u00bb\u00bb row_type=\u00bbrow\u00bb use_row_as_full_screen_section=\u00bbno\u00bb type=\u00bbfull_width\u00bb angled_section=\u00bbno\u00bb text_align=\u00bbleft\u00bb background_image_as_pattern=\u00bbwithout_pattern\u00bb css=\u00bb.vc_custom_1683298552513{margin-top: 30px !important;}\u00bb z_index=\u00bb\u00bb][vc_column][vc_column_text]Estamos profundamente preocupados por la violencia \u00e9tnica en Manipur, en la India. Varios jud\u00edos Bnei Menashe fueron asesinados y heridos, y fueron quemadas al menos 2 sinagogas Bnei Menashe, una mikve y un rollo de Tor\u00e1. Adem\u00e1s, m\u00e1s de 150 familias Bnei Menashe est\u00e1n ahora sin hogar, ya que sus casas fueron incendiadas, lo que oblig\u00f3 a las familias, incluyendo mujeres embarazadas y beb\u00e9s, a huir para salvarse la vida.<\/p>\n<p>Los hemos ayudado con los gastos de transporte de Kangpokpi a Dimapur-Shillong-Aizawl, de Churachandpur a Aizawl, y algunos a Guwahati y a otras ciudades de la India.<\/p>\n<p>Tenemos nuestro centro Beit Shalom donde alojamos a varias familias, mientras que la mayor\u00eda de las personas se est\u00e1n quedando temporalmente con familiares y amigos. Por el momento, planeamos construir alojamiento para todas las familias y estamos distribuyendo alimentos, ropa y medicinas.<\/p>\n<p>Hasta el momento se han repartido 4000 kg de arroz, 300 kg de lentejas, 300 litros de aceite de cocina, 800 kg de az\u00facar; 50 kg de sal; 350 kg de leche en polvo; 100 paquetes de leche en polvo para beb\u00e9s; 300 kg de verduras y medicamentos para primeros auxilios: 50 000 rupias indias. Tambi\u00e9n ropa y pa\u00f1ales.<\/p>\n<p>Seguiremos enviando ayuda a las familias afectadas. \u00danase a nosotros para ayudar a estos jud\u00edos Bnei Menashe en este momento tan dif\u00edcil, que siguen corriendo un gran riesgo. \u00a1Nuestros hermanos y hermanas en la India necesitan nuestra ayuda![\/vc_column_text][\/vc_column][\/vc_row][vc_row css_animation=\u00bb\u00bb row_type=\u00bbrow\u00bb use_row_as_full_screen_section=\u00bbno\u00bb type=\u00bbfull_width\u00bb angled_section=\u00bbno\u00bb text_align=\u00bbleft\u00bb background_image_as_pattern=\u00bbwithout_pattern\u00bb css=\u00bb.vc_custom_1678629796042{margin-top: 25px !important;margin-bottom: 25px !important;}\u00bb z_index=\u00bb\u00bb][vc_column][vc_column_text]<\/p>\n<h2 style=\"text-align: center;\">\u00a1HAGA LA DIFERENCIA!<\/h2>\n<p>[\/vc_column_text][vc_column_text]\t<div id=\"give-form-170718-wrap\" class=\"give-form-wrap give-display-reveal\">\n\t\t\t\t\t<form id=\"give-form-170718-1\" class=\"give-form give-form-170718 give-form-type-multi\" action=\"https:\/\/www.shavei.org\/es\/wp-json\/wp\/v2\/pages\/170713\/?payment-mode=paypal&form-id=170718\" data-id=\"170718-1\" data-currency_symbol=\"&#36;\" data-currency_code=\"USD\" data-currency_position=\"before\" data-thousands_separator=\",\" data-decimal_separator=\".\" data-number_decimals=\"2\" data-publishable-key=\"pk_live_SMtnnvlq4TpJelMdklNha8iD\" data-account=\"acct_1GT1XSIgvr1FvsuR\" method=\"post\">\n\t\t\t\t<!-- The following field is for robots only, invisible to humans: -->\n\t\t\t\t<span class=\"give-hidden\" style=\"display: none !important;\">\n\t\t\t\t\t<label for=\"give-form-honeypot-170718\"><\/label>\n\t\t\t\t\t<input id=\"give-form-honeypot-170718\" type=\"text\" name=\"give-honeypot\"\n\t\t\t\t\t\t   class=\"give-honeypot give-hidden\"\/>\n\t\t\t\t<\/span>\n\n\t\t\t\t\t<input type=\"hidden\" name=\"give-form-id-prefix\" value=\"170718-1\"\/>\n\t<input type=\"hidden\" name=\"give-form-id\" value=\"170718\"\/>\n\t<input type=\"hidden\" name=\"give-form-title\" value=\"Bnei Menashe Emergency Relief Fund- Spanish\"\/>\n\t<input type=\"hidden\" name=\"give-current-url\" value=\"https:\/\/www.shavei.org\/es\/wp-json\/wp\/v2\/pages\/170713\/\"\/>\n\t<input type=\"hidden\" name=\"give-form-url\" value=\"https:\/\/www.shavei.org\/es\/wp-json\/wp\/v2\/pages\/170713\/\"\/>\n\t\t\t<input type=\"hidden\" name=\"give-form-minimum\"\n\t\t\t   value=\"5.00\"\/>\n\t\t<input type=\"hidden\" name=\"give-form-maximum\"\n\t\t\t   value=\"999999.99\"\/>\n\t\t<input type=\"hidden\"  name=\"give-form-hash\" value=\"aa7288d45c\" data-time=\"1775926227\" data-nonce-life=\"86400\" data-donor-session=\"0\"\/><input type=\"hidden\" name=\"give-price-id\" value=\"3\"\/>\t<input type=\"hidden\" name=\"give-recurring-logged-in-only\"\n\t\t   class=\"give-recurring-logged-in-only\"\n\t\t   value=\"\"\/>\n\n\t<input type=\"hidden\" name=\"give-logged-in-only\"\n\t\t   class=\"give-logged-in-only\"\n\t\t   value=\"1\"\/>\n<input\n\t\t\t\t\ttype=\"hidden\"\n\t\t\t\t\tname=\"give_recurring_donation_details\"\n\t\t\t\t\tclass=\"give_recurring_donation_details\"\n\t\t\t\t\tid=\"give_recurring_donation_details\"\n\t\t\t\t\tvalue=\"{&quot;is_recurring&quot;:false}\"\n                \/>\t\t<div class=\"give-total-wrap\">\n\t\t\t<div class=\"give-donation-amount form-row-wide\">\n\t\t\t\t<span class=\"give-currency-symbol give-currency-position-before\">&#036;<\/span>\t\t\t\t<label class=\"give-hidden\" for=\"give-amount\">Cantidad a donar:<\/label>\n\t\t\t\t<input class=\"give-text-input give-amount-top\" id=\"give-amount\" name=\"give-amount\" type=\"text\" inputmode=\"decimal\"\n\t\t\t\t\t   placeholder=\"\" value=\"100.00\" autocomplete=\"off\">\n\t\t\t\t\t\t\t<\/div>\n\t\t<\/div>\n\t\t<ul id=\"give-donation-level-button-wrap\" class=\"give-donation-levels-wrap give-list-inline\"><li><button type=\"button\" data-price-id=\"0\" class=\"give-donation-level-btn give-btn give-btn-level-0 \" value=\"18.00\" data-default=\"0\">&#036;18.00<\/button><\/li><li><button type=\"button\" data-price-id=\"1\" class=\"give-donation-level-btn give-btn give-btn-level-1  give-recurring-level\" value=\"36.00\" data-default=\"0\">&#036;36.00<\/button><\/li><li><button type=\"button\" data-price-id=\"2\" class=\"give-donation-level-btn give-btn give-btn-level-2  give-recurring-level\" value=\"54.00\" data-default=\"0\">&#036;54.00<\/button><\/li><li><button type=\"button\" data-price-id=\"3\" class=\"give-donation-level-btn give-btn give-btn-level-3 give-default-level give-recurring-level\" value=\"100.00\" data-default=\"1\">&#036;100.00<\/button><\/li><li><button type=\"button\" data-price-id=\"5\" class=\"give-donation-level-btn give-btn give-btn-level-5  give-recurring-level\" value=\"360.00\" data-default=\"0\">&#036;360.00<\/button><\/li><li><button type=\"button\" data-price-id=\"6\" class=\"give-donation-level-btn give-btn give-btn-level-6  give-recurring-level\" value=\"1,000.00\" data-default=\"0\">&#036;1,000.00<\/button><\/li><li><button type=\"button\" data-price-id=\"custom\" class=\"give-donation-level-btn give-btn give-btn-level-custom\" value=\"custom\">Otra cantidad<\/button><\/li><\/ul><button type=\"button\" class=\"give-btn give-btn-reveal\">DONE AHORA<\/button><input id=\"give-stripe-payment-method-170718-1\" type=\"hidden\" name=\"give_stripe_payment_method\" value=\"\">\n\t<fieldset id=\"give-payment-mode-select\">\n\t\t\t\t<legend\n\t\t\tclass=\"give-payment-mode-label\">Seleccionar el m\u00e9todo de pago\t\t\t<span class=\"give-loading-text\"><span\n\t\t\t\t\tclass=\"give-loading-animation\"><\/span>\n\t\t\t<\/span>\n\t\t<\/legend>\n\n\t\t<div id=\"give-payment-mode-wrap\">\n\t\t\t\t\t\t<ul id=\"give-gateway-radio-list\">\n\t\t\t\t\t\t\t\t\t\t<li class=\"give-gateway-option-selected\">\n\t\t\t\t\t\t\t<input type=\"radio\" name=\"payment-mode\" class=\"give-gateway\"\n\t\t\t\t\t\t\t\t   id=\"give-gateway-paypal-170718-1\"\n\t\t\t\t\t\t\t\t   value=\"paypal\" checked='checked'>\n\t\t\t\t\t\t\t<label for=\"give-gateway-paypal-170718-1\"\n\t\t\t\t\t\t\t\t   class=\"give-gateway-option\"\n\t\t\t\t\t\t\t\t   id=\"give-gateway-option-paypal\"> PayPal<\/label>\n\t\t\t\t\t\t<\/li>\n\t\t\t\t\t\t\t\t\t\t\t\t<li>\n\t\t\t\t\t\t\t<input type=\"radio\" name=\"payment-mode\" class=\"give-gateway\"\n\t\t\t\t\t\t\t\t   id=\"give-gateway-stripe-170718-1\"\n\t\t\t\t\t\t\t\t   value=\"stripe\">\n\t\t\t\t\t\t\t<label for=\"give-gateway-stripe-170718-1\"\n\t\t\t\t\t\t\t\t   class=\"give-gateway-option\"\n\t\t\t\t\t\t\t\t   id=\"give-gateway-option-stripe\"> Stripe: tarjeta de cr\u00e9dito<\/label>\n\t\t\t\t\t\t<\/li>\n\t\t\t\t\t\t\t\t\t<\/ul>\n\t\t\t\t\t<\/div>\n\t\t\t<\/fieldset>\n\n\t\n\t<div id=\"give_purchase_form_wrap\">\n\n\t\t\t<fieldset id=\"give_checkout_user_info\" class=\"\">\n\t\t<legend>\n\t\t\tInformaci\u00f3n personal\t\t<\/legend>\n\n\t\t\n        <p id=\"give-first-name-wrap\" class=\"form-row form-row-first form-row-responsive\">\n            <label class=\"give-label\" for=\"give-first\">\n                Nombre                                    <span class=\"give-required-indicator\">*<\/span>\n                                <span class=\"give-tooltip hint--top hint--medium hint--bounce\" aria-label=\"El nombre se usa para personalizar tu registro de donaci\u00f3n.\" rel=\"tooltip\"><i class=\"give-icon give-icon-question\"><\/i><\/span>            <\/label>\n            <input\n                class=\"give-input required\"\n                type=\"text\"\n                name=\"give_first\"\n                autocomplete=\"given-name\"\n                placeholder=\"Nombre\"\n                id=\"give-first\"\n                value=\"\"\n                 required aria-required=\"true\"             \/>\n        <\/p>\n\n        <p id=\"give-last-name-wrap\" class=\"form-row form-row-last form-row-responsive\">\n            <label class=\"give-label\" for=\"give-last\">\n                Apellidos                                <span class=\"give-tooltip hint--top hint--medium hint--bounce\" aria-label=\"Los apellidos se usan para personalizar tu registro de donaci\u00f3n.\" rel=\"tooltip\"><i class=\"give-icon give-icon-question\"><\/i><\/span>            <\/label>\n\n            <input\n                class=\"give-input\"\n                type=\"text\"\n                name=\"give_last\"\n                autocomplete=\"family-name\"\n                id=\"give-last\"\n                placeholder=\"Apellidos\"\n                value=\"\"\n                            \/>\n        <\/p>\n\n        \n                <p id=\"give-email-wrap\" class=\"form-row form-row-wide\">\n            <label class=\"give-label\" for=\"give-email\">\n                Direcci\u00f3n de correo electr\u00f3nico                                    <span class=\"give-required-indicator\">*<\/span>\n                                    <span class=\"give-tooltip hint--top hint--medium hint--bounce\" aria-label=\"Enviaremos el recibo de la donaci\u00f3n a esta direcci\u00f3n.\" rel=\"tooltip\"><i class=\"give-icon give-icon-question\"><\/i><\/span>            <\/label>\n            <input\n                class=\"give-input required\"\n                type=\"email\"\n                name=\"give_email\"\n                autocomplete=\"email\"\n                placeholder=\"Direcci\u00f3n de correo electr\u00f3nico\"\n                id=\"give-email\"\n                value=\"\"\n                 required aria-required=\"true\"             \/>\n\n        <\/p>\n\n        \n\t\t\t\t\t<\/fieldset>\n\t<div id=\"give-stripe-payment-errors-170718-1\"><\/div><div id=\"give-square-payment-errors-170718-1\"><\/div>\t<fieldset id=\"give_purchase_submit\" class=\"give-donation-submit\">\n\t\t\t\t<div style=\"margin-top: 1rem;\" id=\"give-recaptcha-element\" class=\"g-recaptcha\" data-sitekey=\"6LfUAQkjAAAAAOPyAlH5_wTKzTgFC5EfFa9PFndI\"><\/div>\n\t\t\t<p id=\"give-final-total-wrap\" class=\"form-wrap \">\n\t\t\t\t<span class=\"give-donation-total-label\">\n\t\t\tTotal de la donaci\u00f3n:\t\t<\/span>\n\t\t<span class=\"give-final-total-amount\"\n\t\t\t  data-total=\"100.00\">\n\t\t\t&#36;100.00\t\t<\/span>\n\t\t\t<\/p>\n\t\t<input type=\"hidden\" name=\"give_action\" value=\"purchase\"\/>\n\t<input type=\"hidden\" name=\"give-gateway\" value=\"paypal\"\/>\n\t\t<div class=\"give-submit-button-wrap give-clearfix\">\n\t\t<input type=\"submit\" class=\"give-submit give-btn\" id=\"give-purchase-button\" name=\"give-purchase\"\n\t\t\t   value=\"DONE AHORA\" data-before-validation-label=\"DONE AHORA\"\/>\n\t\t<span class=\"give-loading-animation\"><\/span>\n\t<\/div>\n\t\t<\/fieldset>\n\t\n\t<\/div>\n\n\t<input type=\"text\" name=\"fSpL8\" value=\"\" style=\"display: none !important;\" \/>\t\t\t<\/form>\n\n\t\t\t\n\t<\/div><!--end #give-form-170718-->\n\t[\/vc_column_text][vc_column_text]<\/p>\n<h4>Donaciones por correo<\/h4>\n<p><em>En EE UU, se pueden enviar donaciones deducibles de impuestos a:<\/em><\/p>\n<p>PEF Israel Endowment Funds<br \/>\n630 Third Avenue, 15th Floor<br \/>\nNew York, NY 10017<br \/>\nUSA<\/p>\n<p>* Por favor incluya en la nota Shavei Israel <strong>ID 58-0433399<\/strong><\/p>\n<div class=\"separator transparent center \">&nbsp;<\/div>\n<p><strong>PEF is an IRS 501(c)(3) tax-exempt organization.<\/strong><br \/>\n<strong>EIN# 13-6104086<\/strong><\/p>\n<div class=\"separator transparent center \">&nbsp;<\/div>\n<div class=\"separator transparent center \">&nbsp;<\/div>\n<p><em>En israel, se puden enviar donaciones a:<\/em><\/p>\n<p>Shavei Israel<br \/>\nAm Veolamo 3<br \/>\nJerusalem 9546303<\/p>\n<p>&nbsp;<\/p>\n<p>Para donar por transferencia bancaria o preguntas por favor ;<a href=\"https:\/\/www.shavei.org\/about-us\/contact\/\">cont\u00e1ctenos<\/a>.[\/vc_column_text][\/vc_column][\/vc_row]<\/p>\n<\/div>","protected":false},"excerpt":{"rendered":"<p>[vc_row css_animation=\u00bb\u00bb row_type=\u00bbrow\u00bb use_row_as_full_screen_section=\u00bbno\u00bb type=\u00bbfull_width\u00bb angled_section=\u00bbno\u00bb text_align=\u00bbleft\u00bb background_image_as_pattern=\u00bbwithout_pattern\u00bb][vc_column][vc_column_text] Fondo de ayuda de emergencia para Bnei Menashe [\/vc_column_text][\/vc_column][\/vc_row][vc_row css_animation=\u00bb\u00bb row_type=\u00bbrow\u00bb use_row_as_full_screen_section=\u00bbno\u00bb type=\u00bbfull_width\u00bb angled_section=\u00bbno\u00bb text_align=\u00bbleft\u00bb background_image_as_pattern=\u00bbwithout_pattern\u00bb css=\u00bb.vc_custom_1683298552513{margin-top: 30px !important;}\u00bb z_index=\u00bb\u00bb][vc_column][vc_column_text]Estamos profundamente preocupados por la violencia \u00e9tnica en Manipur, en la India. Varios jud\u00edos Bnei Menashe fueron asesinados&#8230;<\/p>\n","protected":false},"author":31,"featured_media":171201,"parent":0,"menu_order":0,"comment_status":"open","ping_status":"open","template":"","meta":{"give_campaign_id":0,"_exactmetrics_skip_tracking":false,"_exactmetrics_sitenote_active":false,"_exactmetrics_sitenote_note":"","_exactmetrics_sitenote_category":0,"ngg_post_thumbnail":0,"footnotes":""},"class_list":["post-170713","page","type-page","status-publish","has-post-thumbnail","hentry"],"yoast_head":"<!-- This site is optimized with the Yoast SEO plugin v27.1.1 - https:\/\/yoast.com\/product\/yoast-seo-wordpress\/ -->\n<title>Bnei Menashe Emergency Relief Fund - Shavei Israel<\/title>\n<meta name=\"robots\" content=\"index, follow, max-snippet:-1, max-image-preview:large, max-video-preview:-1\" \/>\n<link rel=\"canonical\" href=\"https:\/\/www.shavei.org\/es\/bnei-menashe-emergency-relief\/\" \/>\n<meta property=\"og:locale\" content=\"es_ES\" \/>\n<meta property=\"og:type\" content=\"article\" \/>\n<meta property=\"og:title\" content=\"Bnei Menashe Emergency Relief Fund - Shavei Israel\" \/>\n<meta property=\"og:description\" content=\"[vc_row css_animation=\u00bb\u00bb row_type=\u00bbrow\u00bb use_row_as_full_screen_section=\u00bbno\u00bb type=\u00bbfull_width\u00bb angled_section=\u00bbno\u00bb text_align=\u00bbleft\u00bb background_image_as_pattern=\u00bbwithout_pattern\u00bb][vc_column][vc_column_text] Fondo de ayuda de emergencia para Bnei Menashe [\/vc_column_text][\/vc_column][\/vc_row][vc_row css_animation=\u00bb\u00bb row_type=\u00bbrow\u00bb use_row_as_full_screen_section=\u00bbno\u00bb type=\u00bbfull_width\u00bb angled_section=\u00bbno\u00bb text_align=\u00bbleft\u00bb background_image_as_pattern=\u00bbwithout_pattern\u00bb css=\u00bb.vc_custom_1683298552513{margin-top: 30px !important;}\u00bb z_index=\u00bb\u00bb][vc_column][vc_column_text]Estamos profundamente preocupados por la violencia \u00e9tnica en Manipur, en la India. Varios jud\u00edos Bnei Menashe fueron asesinados...\" \/>\n<meta property=\"og:url\" content=\"https:\/\/www.shavei.org\/es\/bnei-menashe-emergency-relief\/\" \/>\n<meta property=\"og:site_name\" content=\"Shavei Israel\" \/>\n<meta property=\"article:modified_time\" content=\"2024-02-13T20:52:44+00:00\" \/>\n<meta property=\"og:image\" content=\"https:\/\/www.shavei.org\/wp-content\/uploads\/2023\/05\/relief-center.jpg\" \/>\n\t<meta property=\"og:image:width\" content=\"1600\" \/>\n\t<meta property=\"og:image:height\" content=\"900\" \/>\n\t<meta property=\"og:image:type\" content=\"image\/jpeg\" \/>\n<meta name=\"twitter:card\" content=\"summary_large_image\" \/>\n<meta name=\"twitter:label1\" content=\"Tiempo de lectura\" \/>\n\t<meta name=\"twitter:data1\" content=\"2 minutos\" \/>\n<script type=\"application\/ld+json\" class=\"yoast-schema-graph\">{\"@context\":\"https:\/\/schema.org\",\"@graph\":[{\"@type\":\"WebPage\",\"@id\":\"https:\/\/www.shavei.org\/es\/bnei-menashe-emergency-relief\/\",\"url\":\"https:\/\/www.shavei.org\/es\/bnei-menashe-emergency-relief\/\",\"name\":\"Bnei Menashe Emergency Relief Fund - Shavei Israel\",\"isPartOf\":{\"@id\":\"https:\/\/www.shavei.org\/#website\"},\"primaryImageOfPage\":{\"@id\":\"https:\/\/www.shavei.org\/es\/bnei-menashe-emergency-relief\/#primaryimage\"},\"image\":{\"@id\":\"https:\/\/www.shavei.org\/es\/bnei-menashe-emergency-relief\/#primaryimage\"},\"thumbnailUrl\":\"https:\/\/www.shavei.org\/wp-content\/uploads\/2023\/05\/relief-center.jpg\",\"datePublished\":\"2023-05-09T21:02:54+00:00\",\"dateModified\":\"2024-02-13T20:52:44+00:00\",\"breadcrumb\":{\"@id\":\"https:\/\/www.shavei.org\/es\/bnei-menashe-emergency-relief\/#breadcrumb\"},\"inLanguage\":\"es\",\"potentialAction\":[{\"@type\":\"ReadAction\",\"target\":[\"https:\/\/www.shavei.org\/es\/bnei-menashe-emergency-relief\/\"]}]},{\"@type\":\"ImageObject\",\"inLanguage\":\"es\",\"@id\":\"https:\/\/www.shavei.org\/es\/bnei-menashe-emergency-relief\/#primaryimage\",\"url\":\"https:\/\/www.shavei.org\/wp-content\/uploads\/2023\/05\/relief-center.jpg\",\"contentUrl\":\"https:\/\/www.shavei.org\/wp-content\/uploads\/2023\/05\/relief-center.jpg\",\"width\":1600,\"height\":900},{\"@type\":\"BreadcrumbList\",\"@id\":\"https:\/\/www.shavei.org\/es\/bnei-menashe-emergency-relief\/#breadcrumb\",\"itemListElement\":[{\"@type\":\"ListItem\",\"position\":1,\"name\":\"Home\",\"item\":\"https:\/\/www.shavei.org\/es\/\"},{\"@type\":\"ListItem\",\"position\":2,\"name\":\"Bnei Menashe Emergency Relief Fund\"}]},{\"@type\":\"WebSite\",\"@id\":\"https:\/\/www.shavei.org\/#website\",\"url\":\"https:\/\/www.shavei.org\/\",\"name\":\"Shavei Israel\",\"description\":\"One nation, many faces. We help them all return.\",\"publisher\":{\"@id\":\"https:\/\/www.shavei.org\/#organization\"},\"potentialAction\":[{\"@type\":\"SearchAction\",\"target\":{\"@type\":\"EntryPoint\",\"urlTemplate\":\"https:\/\/www.shavei.org\/?s={search_term_string}\"},\"query-input\":{\"@type\":\"PropertyValueSpecification\",\"valueRequired\":true,\"valueName\":\"search_term_string\"}}],\"inLanguage\":\"es\"},{\"@type\":\"Organization\",\"@id\":\"https:\/\/www.shavei.org\/#organization\",\"name\":\"Shavei Israel\",\"url\":\"https:\/\/www.shavei.org\/\",\"logo\":{\"@type\":\"ImageObject\",\"inLanguage\":\"es\",\"@id\":\"https:\/\/www.shavei.org\/#\/schema\/logo\/image\/\",\"url\":\"https:\/\/www.shavei.org\/wp-content\/uploads\/2017\/10\/shavei-logo.jpg\",\"contentUrl\":\"https:\/\/www.shavei.org\/wp-content\/uploads\/2017\/10\/shavei-logo.jpg\",\"width\":300,\"height\":285,\"caption\":\"Shavei Israel\"},\"image\":{\"@id\":\"https:\/\/www.shavei.org\/#\/schema\/logo\/image\/\"}}]}<\/script>\n<!-- \/ Yoast SEO plugin. -->","yoast_head_json":{"title":"Bnei Menashe Emergency Relief Fund - Shavei Israel","robots":{"index":"index","follow":"follow","max-snippet":"max-snippet:-1","max-image-preview":"max-image-preview:large","max-video-preview":"max-video-preview:-1"},"canonical":"https:\/\/www.shavei.org\/es\/bnei-menashe-emergency-relief\/","og_locale":"es_ES","og_type":"article","og_title":"Bnei Menashe Emergency Relief Fund - Shavei Israel","og_description":"[vc_row css_animation=\u00bb\u00bb row_type=\u00bbrow\u00bb use_row_as_full_screen_section=\u00bbno\u00bb type=\u00bbfull_width\u00bb angled_section=\u00bbno\u00bb text_align=\u00bbleft\u00bb background_image_as_pattern=\u00bbwithout_pattern\u00bb][vc_column][vc_column_text] Fondo de ayuda de emergencia para Bnei Menashe [\/vc_column_text][\/vc_column][\/vc_row][vc_row css_animation=\u00bb\u00bb row_type=\u00bbrow\u00bb use_row_as_full_screen_section=\u00bbno\u00bb type=\u00bbfull_width\u00bb angled_section=\u00bbno\u00bb text_align=\u00bbleft\u00bb background_image_as_pattern=\u00bbwithout_pattern\u00bb css=\u00bb.vc_custom_1683298552513{margin-top: 30px !important;}\u00bb z_index=\u00bb\u00bb][vc_column][vc_column_text]Estamos profundamente preocupados por la violencia \u00e9tnica en Manipur, en la India. Varios jud\u00edos Bnei Menashe fueron asesinados...","og_url":"https:\/\/www.shavei.org\/es\/bnei-menashe-emergency-relief\/","og_site_name":"Shavei Israel","article_modified_time":"2024-02-13T20:52:44+00:00","og_image":[{"width":1600,"height":900,"url":"https:\/\/www.shavei.org\/wp-content\/uploads\/2023\/05\/relief-center.jpg","type":"image\/jpeg"}],"twitter_card":"summary_large_image","twitter_misc":{"Tiempo de lectura":"2 minutos"},"schema":{"@context":"https:\/\/schema.org","@graph":[{"@type":"WebPage","@id":"https:\/\/www.shavei.org\/es\/bnei-menashe-emergency-relief\/","url":"https:\/\/www.shavei.org\/es\/bnei-menashe-emergency-relief\/","name":"Bnei Menashe Emergency Relief Fund - Shavei Israel","isPartOf":{"@id":"https:\/\/www.shavei.org\/#website"},"primaryImageOfPage":{"@id":"https:\/\/www.shavei.org\/es\/bnei-menashe-emergency-relief\/#primaryimage"},"image":{"@id":"https:\/\/www.shavei.org\/es\/bnei-menashe-emergency-relief\/#primaryimage"},"thumbnailUrl":"https:\/\/www.shavei.org\/wp-content\/uploads\/2023\/05\/relief-center.jpg","datePublished":"2023-05-09T21:02:54+00:00","dateModified":"2024-02-13T20:52:44+00:00","breadcrumb":{"@id":"https:\/\/www.shavei.org\/es\/bnei-menashe-emergency-relief\/#breadcrumb"},"inLanguage":"es","potentialAction":[{"@type":"ReadAction","target":["https:\/\/www.shavei.org\/es\/bnei-menashe-emergency-relief\/"]}]},{"@type":"ImageObject","inLanguage":"es","@id":"https:\/\/www.shavei.org\/es\/bnei-menashe-emergency-relief\/#primaryimage","url":"https:\/\/www.shavei.org\/wp-content\/uploads\/2023\/05\/relief-center.jpg","contentUrl":"https:\/\/www.shavei.org\/wp-content\/uploads\/2023\/05\/relief-center.jpg","width":1600,"height":900},{"@type":"BreadcrumbList","@id":"https:\/\/www.shavei.org\/es\/bnei-menashe-emergency-relief\/#breadcrumb","itemListElement":[{"@type":"ListItem","position":1,"name":"Home","item":"https:\/\/www.shavei.org\/es\/"},{"@type":"ListItem","position":2,"name":"Bnei Menashe Emergency Relief Fund"}]},{"@type":"WebSite","@id":"https:\/\/www.shavei.org\/#website","url":"https:\/\/www.shavei.org\/","name":"Shavei Israel","description":"One nation, many faces. We help them all return.","publisher":{"@id":"https:\/\/www.shavei.org\/#organization"},"potentialAction":[{"@type":"SearchAction","target":{"@type":"EntryPoint","urlTemplate":"https:\/\/www.shavei.org\/?s={search_term_string}"},"query-input":{"@type":"PropertyValueSpecification","valueRequired":true,"valueName":"search_term_string"}}],"inLanguage":"es"},{"@type":"Organization","@id":"https:\/\/www.shavei.org\/#organization","name":"Shavei Israel","url":"https:\/\/www.shavei.org\/","logo":{"@type":"ImageObject","inLanguage":"es","@id":"https:\/\/www.shavei.org\/#\/schema\/logo\/image\/","url":"https:\/\/www.shavei.org\/wp-content\/uploads\/2017\/10\/shavei-logo.jpg","contentUrl":"https:\/\/www.shavei.org\/wp-content\/uploads\/2017\/10\/shavei-logo.jpg","width":300,"height":285,"caption":"Shavei Israel"},"image":{"@id":"https:\/\/www.shavei.org\/#\/schema\/logo\/image\/"}}]}},"campaignId":"","_links":{"self":[{"href":"https:\/\/www.shavei.org\/es\/wp-json\/wp\/v2\/pages\/170713","targetHints":{"allow":["GET"]}}],"collection":[{"href":"https:\/\/www.shavei.org\/es\/wp-json\/wp\/v2\/pages"}],"about":[{"href":"https:\/\/www.shavei.org\/es\/wp-json\/wp\/v2\/types\/page"}],"author":[{"embeddable":true,"href":"https:\/\/www.shavei.org\/es\/wp-json\/wp\/v2\/users\/31"}],"replies":[{"embeddable":true,"href":"https:\/\/www.shavei.org\/es\/wp-json\/wp\/v2\/comments?post=170713"}],"version-history":[{"count":10,"href":"https:\/\/www.shavei.org\/es\/wp-json\/wp\/v2\/pages\/170713\/revisions"}],"predecessor-version":[{"id":180555,"href":"https:\/\/www.shavei.org\/es\/wp-json\/wp\/v2\/pages\/170713\/revisions\/180555"}],"wp:featuredmedia":[{"embeddable":true,"href":"https:\/\/www.shavei.org\/es\/wp-json\/wp\/v2\/media\/171201"}],"wp:attachment":[{"href":"https:\/\/www.shavei.org\/es\/wp-json\/wp\/v2\/media?parent=170713"}],"curies":[{"name":"wp","href":"https:\/\/api.w.org\/{rel}","templated":true}]}}