{"id":15925,"date":"2016-01-04T20:19:11","date_gmt":"2016-01-04T20:19:11","guid":{"rendered":"https:\/\/www.shavei.org\/es\/?page_id=15925"},"modified":"2016-08-04T12:59:02","modified_gmt":"2016-08-04T10:59:02","slug":"our-goals","status":"publish","type":"page","link":"https:\/\/www.shavei.org\/es\/about-us\/our-goals\/","title":{"rendered":"Nuestros Objetivos"},"content":{"rendered":"<div class=\"wpb-content-wrapper\"><p>[vc_row row_type=\u00bbrow\u00bb type=\u00bbgrid\u00bb text_align=\u00bbleft\u00bb padding_top=\u00bb34&#8243; padding_bottom=\u00bb14&#8243; background_color=\u00bb#ffffff\u00bb][vc_column width=\u00bb1\/1&#8243;][vc_column_text]<\/p>\n<h2 style=\"text-align: center;\">Shavei Israel tiene por objetivo<\/h2>\n<h2><\/h2>\n<p>[\/vc_column_text][vc_column_text]<\/p>\n<p style=\"text-align: center;\">brindar ayuda a todos los miembros de nuestra extensa familia jud\u00eda los cuales se encuentran interesados en redescubrir o renovar sus lazos con el pueblo jud\u00edo; nuestro deseo es fortalecer los lazos donde se hayan debilitado por la historia, la distancia o por par\u00e1metros sociales.<\/p>\n<p>[\/vc_column_text]<\/p>\n<p>[vc_row row_type=\u00bbrow\u00bb type=\u00bbgrid\u00bb text_align=\u00bbleft\u00bb padding_top=\u00bb0&#8243; padding_bottom=\u00bb87&#8243;][vc_column width=\u00bb1\/1&#8243;][vc_column_text]<\/p>\n<h2 style=\"text-align: center;\"><strong>La necesidad<\/strong><\/h2>\n<p>[\/vc_column_text][vc_separator type=\u00bbsmall\u00bb position=\u00bbcenter\u00bb down=\u00bb37&#8243; up=\u00bb7&#8243;][vc_column_text]<\/p>\n<p style=\"text-align: center;\">El pueblo jud\u00edo afronta una crisis espiritual de proporciones sin precedentes. La cantidad de jud\u00edos en el mundo es cada vez menor producto de la asimilaci\u00f3n, el compromiso jud\u00edo disminuye, y m\u00e1s y m\u00e1s j\u00f3venes se alejan del redil. Al mismo tiempo se produce un extraordinario despertar: desde el nordeste de la India al sur de Espa\u00f1a, de la costa de Portugal a las playas de Brasil, innumerables personas tratan de encontrar sus ancestros jud\u00edos y se debaten ante los profundos interrogantes de la historia y la identidad. Muchos golpean literalmente nuestras puertas colectivas, en busca de una v\u00eda de acceso. Todo esto ofrece al pueblo jud\u00edo una ins\u00f3lita oportunidad de reforzar sus filas y revigorizar su esp\u00edritu, tendiendo una mano cordial a quienes desean retornar. Hoy en d\u00eda, Shavei Israel es la \u00fanica organizaci\u00f3n jud\u00eda que se acerca activamente a los \u00abjud\u00edos perdidos\u00bb para facilitarles el retorno. No somos meramente un equipo de investigadores: abordamos cada caso a nivel humano, ofrecemos gu\u00eda y comprensi\u00f3n en el rastreo de las ra\u00edces jud\u00edas, la exploraci\u00f3n de la historia jud\u00eda y la evaluaci\u00f3n de las opciones de retorno al pueblo jud\u00edo.<\/p>\n<p>[\/vc_column_text][\/vc_column][\/vc_row]<\/p>\n<p>[vc_row row_type=\u00bbrow\u00bb use_row_as_full_screen_section=\u00bbno\u00bb type=\u00bbgrid\u00bb angled_section=\u00bbno\u00bb text_align=\u00bbleft\u00bb background_image_as_pattern=\u00bbwithout_pattern\u00bb padding_top=\u00bb0&#8243; padding_bottom=\u00bb60&#8243; css_animation=\u00bb\u00bb][vc_column][vc_separator type=\u00bbsmall\u00bb position=\u00bbcenter\u00bb up=\u00bb7&#8243; down=\u00bb45&#8243;][vc_column_text]<\/p>\n<h6 style=\"text-align: center;\">[button target=\u00bb_self\u00bb text=\u00bbNUESTRAS ACTIVIDADES\u00bb link=\u00bbhttps:\/\/www.shavei.org\/es\/our-activities\/\u00bb text_align=\u00bbcenter\u00bb size=\u00bblarge\u00bb][vc_separator type=\u00bbtransparent\u00bb position=\u00bbcenter\u00bb down=\u00bb20&#8243; up=\u00bb5&#8243;]<\/h6>\n<p>[\/vc_column_text][\/vc_column][\/vc_row]<\/p>\n<p>[vc_row row_type=\u00bbrow\u00bb type=\u00bbgrid\u00bb text_align=\u00bbleft\u00bb padding_top=\u00bb10&#8243; padding_bottom=\u00bb87&#8243;][vc_column width=\u00bb1\/1&#8243;][vc_column_text]<\/p>\n<h2 style=\"text-align: center;\">C\u00f3mo retornar<\/h2>\n<p>[\/vc_column_text][vc_separator type=\u00bbsmall\u00bb position=\u00bbcenter\u00bb down=\u00bb37&#8243; up=\u00bb7&#8243;][vc_column_text]<\/p>\n<p style=\"text-align: center;\">El retorno al pueblo jud\u00edo no implica coerci\u00f3n ni compulsi\u00f3n; es una decisi\u00f3n seria y personal que no puede ser impuesta desde afuera. Puede provenir del deseo de recuperar un legado perdido, o de una profunda necesidad de comprender diversas costumbres y tradiciones familiares heredadas. Pero sea cual fuere la fuente, Shavei Israel ayuda, gu\u00eda y ofrece asistencia en ese trayecto personal, por m\u00e1s diverso que resulte. Shavei Israel abre las puertas a quienes han decidido que el juda\u00edsmo y el retorno al pueblo jud\u00edo son aspectos centrales de su fe e identidad. Shavei Israel no busca pros\u00e9litos ni promueve actividades misioneras; Shavei Israel responde a las expresiones personales del deseo de retornar al juda\u00edsmo.<\/p>\n<p>[\/vc_column_text][\/vc_column][\/vc_row]<\/p>\n<p>[vc_row row_type=\u00bbparallax\u00bb type=\u00bbfull_width\u00bb text_align=\u00bbleft\u00bb background_image=\u00bb15791&#8243; section_height=\u00bb490&#8243;][vc_column width=\u00bb1\/1&#8243;][vc_separator type=\u00bbtransparent\u00bb position=\u00bbcenter\u00bb up=\u00bb162&#8243; down=\u00bb0&#8243;][custom_font font_family=\u00bbRaleway\u00bb font_size=\u00bb35&#8243; line_height=\u00bb40&#8243; font_style=\u00bbnormal\u00bb text_align=\u00bbleft\u00bb font_weight=\u00bb600&#8243; text_decoration=\u00bbnone\u00bb text_shadow=\u00bbno\u00bb padding=\u00bb17px\u00bb margin=\u00bb0&#8243; border_color=\u00bb#ffffff\u00bb border_width=\u00bb1&#8243; color=\u00bb#ffffff\u00bb letter_spacing=\u00bb1&#8243;]<\/p>\n<h2 style=\"text-align: center;\"><span style=\"color: #ffffff;\">Suscr\u00edbase a nuestro bolet\u00edn informativo<\/span><\/h2>\n<p>[\/custom_font][vc_separator type=\u00bbtransparent\u00bb position=\u00bbcenter\u00bb down=\u00bb10&#8243; up=\u00bb20&#8243;][vc_column_text]<\/p>\n<h6 style=\"text-align: center;\"><span style=\"color: #ffffff;\">Y reciba informaci\u00f3n sobre juda\u00edsmo y las actividades de <strong><span style=\"color: #f53644;\">Shavei Israel<\/span><\/strong> en el mundo.<\/span><\/h6>\n<h6 style=\"text-align: center;\"><span style=\"color: #ffffff;\">Respetamos su privacidad y no toleramos el spam. <!-- View our archives here.--><\/span>[vc_separator type=\u00bbtransparent\u00bb position=\u00bbcenter\u00bb down=\u00bb29&#8243; up=\u00bb5&#8243;][button target=\u00bb_blank\u00bb text=\u00bbSUSCR\u00cdBAME\u00bb link=\u00bbhttps:\/\/eepurl.com\/cadWfr\u00bb text_align=\u00bbcenter\u00bb size=\u00bblarge\u00bb]<\/h6>\n<p>[\/vc_column_text][vc_separator type=\u00bbtransparent\u00bb position=\u00bbcenter\u00bb up=\u00bb151&#8243; down=\u00bb0&#8243;][\/vc_column][\/vc_row]<\/p>\n<p>[vc_row row_type=\u00bbrow\u00bb type=\u00bbgrid\u00bb text_align=\u00bbleft\u00bb padding_top=\u00bb86&#8243; padding_bottom=\u00bb86&#8243;][vc_column width=\u00bb1\/1&#8243;][vc_column_text]<\/p>\n<h2 style=\"text-align: center;\">CON\u00c9CTESE CON NOSOTROS<\/h2>\n<p>[\/vc_column_text][vc_separator type=\u00bbsmall\u00bb position=\u00bbcenter\u00bb down=\u00bb37&#8243; up=\u00bb7&#8243;][vc_column_text]<\/p>\n<h4 style=\"text-align: center;\">Conozca m\u00e1s acerca de Shavei Israel y participe en nuestras redes sociales<\/h4>\n<p>[\/vc_column_text][vc_separator type=\u00bbtransparent\u00bb position=\u00bbcenter\u00bb up=\u00bb55&#8243; down=\u00bb0&#8243;][qode_circles columns=\u00bbfour_columns\u00bb circle_line=\u00bbwith_line\u00bb line_color=\u00bb#f1f1f1&#8243;]<a href=\"https:\/\/www.facebook.com\/shaveiisraelespanol\/\" target=\"_blank\">[qode_circle type=\u00bbicon_type\u00bb icon=\u00bbfa-facebook\u00bb size=\u00bbfa-4x\u00bb border_width=\u00bb8&#8243; icon_color=\u00bb#ffffff\u00bb background_color=\u00bb#cfcfcf\u00bb border_color=\u00bb#f1f1f1&#8243;]<\/a><a href=\"https:\/\/twitter.com\/beithaanusim\" target=\"_blank\">[qode_circle type=\u00bbicon_type\u00bb icon=\u00bbfa-twitter\u00bb size=\u00bbfa-4x\u00bb border_width=\u00bb8&#8243; icon_color=\u00bb#ffffff\u00bb background_color=\u00bb#cfcfcf\u00bb border_color=\u00bb#f1f1f1&#8243;]<\/a><a href=\"https:\/\/www.youtube.com\/user\/shaveishiurim\" target=\"_blank\">[qode_circle type=\u00bbicon_type\u00bb icon=\u00bbfa-youtube\u00bb size=\u00bbfa-4x\u00bb border_width=\u00bb8&#8243; icon_color=\u00bb#ffffff\u00bb background_color=\u00bb#cfcfcf\u00bb border_color=\u00bb#f1f1f1&#8243;]<\/a><a href=\"https:\/\/www.flickr.com\/photos\/shaveiisrael\/\" target=\"_blank\">[qode_circle type=\u00bbicon_type\u00bb icon=\u00bbfa-flickr\u00bb size=\u00bbfa-4x\u00bb border_width=\u00bb8&#8243; icon_color=\u00bb#ffffff\u00bb background_color=\u00bb#cfcfcf\u00bb border_color=\u00bb#f1f1f1&#8243;]<\/a>[\/qode_circles][\/vc_column][\/vc_row]<\/p>\n<\/div>","protected":false},"excerpt":{"rendered":"<p>[vc_row row_type=\u00bbrow\u00bb type=\u00bbgrid\u00bb text_align=\u00bbleft\u00bb padding_top=\u00bb34&#8243; padding_bottom=\u00bb14&#8243; background_color=\u00bb#ffffff\u00bb][vc_column width=\u00bb1\/1&#8243;][vc_column_text] Shavei Israel tiene por objetivo [\/vc_column_text][vc_column_text] brindar ayuda a todos los miembros de nuestra extensa familia jud\u00eda los cuales se encuentran interesados en redescubrir o renovar sus lazos con el pueblo jud\u00edo; nuestro deseo es fortalecer los&#8230;<\/p>\n","protected":false},"author":8,"featured_media":0,"parent":15694,"menu_order":0,"comment_status":"closed","ping_status":"closed","template":"full_width.php","meta":{"give_campaign_id":0,"_exactmetrics_skip_tracking":false,"_exactmetrics_sitenote_active":false,"_exactmetrics_sitenote_note":"","_exactmetrics_sitenote_category":0,"ngg_post_thumbnail":0,"footnotes":""},"class_list":["post-15925","page","type-page","status-publish","hentry"],"yoast_head":"<!-- This site is optimized with the Yoast SEO plugin v27.4 - https:\/\/yoast.com\/product\/yoast-seo-wordpress\/ -->\n<title>Nuestros Objetivos - Shavei Israel<\/title>\n<meta name=\"robots\" content=\"index, follow, max-snippet:-1, max-image-preview:large, max-video-preview:-1\" \/>\n<link rel=\"canonical\" href=\"https:\/\/www.shavei.org\/es\/about-us\/our-goals\/\" \/>\n<meta property=\"og:locale\" content=\"es_ES\" \/>\n<meta property=\"og:type\" content=\"article\" \/>\n<meta property=\"og:title\" content=\"Nuestros Objetivos - Shavei Israel\" \/>\n<meta property=\"og:description\" content=\"[vc_row row_type=\u00bbrow\u00bb type=\u00bbgrid\u00bb text_align=\u00bbleft\u00bb padding_top=\u00bb34&#8243; padding_bottom=\u00bb14&#8243; background_color=\u00bb#ffffff\u00bb][vc_column width=\u00bb1\/1&#8243;][vc_column_text] Shavei Israel tiene por objetivo [\/vc_column_text][vc_column_text] brindar ayuda a todos los miembros de nuestra extensa familia jud\u00eda los cuales se encuentran interesados en redescubrir o renovar sus lazos con el pueblo jud\u00edo; nuestro deseo es fortalecer los...\" \/>\n<meta property=\"og:url\" content=\"https:\/\/www.shavei.org\/es\/about-us\/our-goals\/\" \/>\n<meta property=\"og:site_name\" content=\"Shavei Israel\" \/>\n<meta property=\"article:modified_time\" content=\"2016-08-04T10:59:02+00:00\" \/>\n<meta name=\"twitter:card\" content=\"summary_large_image\" \/>\n<meta name=\"twitter:label1\" content=\"Tiempo de lectura\" \/>\n\t<meta name=\"twitter:data1\" content=\"5 minutos\" \/>\n<script type=\"application\/ld+json\" class=\"yoast-schema-graph\">{\"@context\":\"https:\\\/\\\/schema.org\",\"@graph\":[{\"@type\":\"WebPage\",\"@id\":\"https:\\\/\\\/www.shavei.org\\\/es\\\/about-us\\\/our-goals\\\/\",\"url\":\"https:\\\/\\\/www.shavei.org\\\/es\\\/about-us\\\/our-goals\\\/\",\"name\":\"Nuestros Objetivos - Shavei Israel\",\"isPartOf\":{\"@id\":\"https:\\\/\\\/www.shavei.org\\\/#website\"},\"datePublished\":\"2016-01-04T20:19:11+00:00\",\"dateModified\":\"2016-08-04T10:59:02+00:00\",\"breadcrumb\":{\"@id\":\"https:\\\/\\\/www.shavei.org\\\/es\\\/about-us\\\/our-goals\\\/#breadcrumb\"},\"inLanguage\":\"es\",\"potentialAction\":[{\"@type\":\"ReadAction\",\"target\":[\"https:\\\/\\\/www.shavei.org\\\/es\\\/about-us\\\/our-goals\\\/\"]}]},{\"@type\":\"BreadcrumbList\",\"@id\":\"https:\\\/\\\/www.shavei.org\\\/es\\\/about-us\\\/our-goals\\\/#breadcrumb\",\"itemListElement\":[{\"@type\":\"ListItem\",\"position\":1,\"name\":\"Home\",\"item\":\"https:\\\/\\\/www.shavei.org\\\/es\\\/\"},{\"@type\":\"ListItem\",\"position\":2,\"name\":\"Qui\u00e9nes Somos\",\"item\":\"https:\\\/\\\/www.shavei.org\\\/es\\\/about-us\\\/\"},{\"@type\":\"ListItem\",\"position\":3,\"name\":\"Nuestros Objetivos\"}]},{\"@type\":\"WebSite\",\"@id\":\"https:\\\/\\\/www.shavei.org\\\/#website\",\"url\":\"https:\\\/\\\/www.shavei.org\\\/\",\"name\":\"Shavei Israel\",\"description\":\"One nation, many faces. We help them all return.\",\"publisher\":{\"@id\":\"https:\\\/\\\/www.shavei.org\\\/#organization\"},\"potentialAction\":[{\"@type\":\"SearchAction\",\"target\":{\"@type\":\"EntryPoint\",\"urlTemplate\":\"https:\\\/\\\/www.shavei.org\\\/?s={search_term_string}\"},\"query-input\":{\"@type\":\"PropertyValueSpecification\",\"valueRequired\":true,\"valueName\":\"search_term_string\"}}],\"inLanguage\":\"es\"},{\"@type\":\"Organization\",\"@id\":\"https:\\\/\\\/www.shavei.org\\\/#organization\",\"name\":\"Shavei Israel\",\"url\":\"https:\\\/\\\/www.shavei.org\\\/\",\"logo\":{\"@type\":\"ImageObject\",\"inLanguage\":\"es\",\"@id\":\"https:\\\/\\\/www.shavei.org\\\/#\\\/schema\\\/logo\\\/image\\\/\",\"url\":\"https:\\\/\\\/www.shavei.org\\\/wp-content\\\/uploads\\\/2017\\\/10\\\/shavei-logo.jpg\",\"contentUrl\":\"https:\\\/\\\/www.shavei.org\\\/wp-content\\\/uploads\\\/2017\\\/10\\\/shavei-logo.jpg\",\"width\":300,\"height\":285,\"caption\":\"Shavei Israel\"},\"image\":{\"@id\":\"https:\\\/\\\/www.shavei.org\\\/#\\\/schema\\\/logo\\\/image\\\/\"}}]}<\/script>\n<!-- \/ Yoast SEO plugin. -->","yoast_head_json":{"title":"Nuestros Objetivos - Shavei Israel","robots":{"index":"index","follow":"follow","max-snippet":"max-snippet:-1","max-image-preview":"max-image-preview:large","max-video-preview":"max-video-preview:-1"},"canonical":"https:\/\/www.shavei.org\/es\/about-us\/our-goals\/","og_locale":"es_ES","og_type":"article","og_title":"Nuestros Objetivos - Shavei Israel","og_description":"[vc_row row_type=\u00bbrow\u00bb type=\u00bbgrid\u00bb text_align=\u00bbleft\u00bb padding_top=\u00bb34&#8243; padding_bottom=\u00bb14&#8243; background_color=\u00bb#ffffff\u00bb][vc_column width=\u00bb1\/1&#8243;][vc_column_text] Shavei Israel tiene por objetivo [\/vc_column_text][vc_column_text] brindar ayuda a todos los miembros de nuestra extensa familia jud\u00eda los cuales se encuentran interesados en redescubrir o renovar sus lazos con el pueblo jud\u00edo; nuestro deseo es fortalecer los...","og_url":"https:\/\/www.shavei.org\/es\/about-us\/our-goals\/","og_site_name":"Shavei Israel","article_modified_time":"2016-08-04T10:59:02+00:00","twitter_card":"summary_large_image","twitter_misc":{"Tiempo de lectura":"5 minutos"},"schema":{"@context":"https:\/\/schema.org","@graph":[{"@type":"WebPage","@id":"https:\/\/www.shavei.org\/es\/about-us\/our-goals\/","url":"https:\/\/www.shavei.org\/es\/about-us\/our-goals\/","name":"Nuestros Objetivos - Shavei Israel","isPartOf":{"@id":"https:\/\/www.shavei.org\/#website"},"datePublished":"2016-01-04T20:19:11+00:00","dateModified":"2016-08-04T10:59:02+00:00","breadcrumb":{"@id":"https:\/\/www.shavei.org\/es\/about-us\/our-goals\/#breadcrumb"},"inLanguage":"es","potentialAction":[{"@type":"ReadAction","target":["https:\/\/www.shavei.org\/es\/about-us\/our-goals\/"]}]},{"@type":"BreadcrumbList","@id":"https:\/\/www.shavei.org\/es\/about-us\/our-goals\/#breadcrumb","itemListElement":[{"@type":"ListItem","position":1,"name":"Home","item":"https:\/\/www.shavei.org\/es\/"},{"@type":"ListItem","position":2,"name":"Qui\u00e9nes Somos","item":"https:\/\/www.shavei.org\/es\/about-us\/"},{"@type":"ListItem","position":3,"name":"Nuestros Objetivos"}]},{"@type":"WebSite","@id":"https:\/\/www.shavei.org\/#website","url":"https:\/\/www.shavei.org\/","name":"Shavei Israel","description":"One nation, many faces. We help them all return.","publisher":{"@id":"https:\/\/www.shavei.org\/#organization"},"potentialAction":[{"@type":"SearchAction","target":{"@type":"EntryPoint","urlTemplate":"https:\/\/www.shavei.org\/?s={search_term_string}"},"query-input":{"@type":"PropertyValueSpecification","valueRequired":true,"valueName":"search_term_string"}}],"inLanguage":"es"},{"@type":"Organization","@id":"https:\/\/www.shavei.org\/#organization","name":"Shavei Israel","url":"https:\/\/www.shavei.org\/","logo":{"@type":"ImageObject","inLanguage":"es","@id":"https:\/\/www.shavei.org\/#\/schema\/logo\/image\/","url":"https:\/\/www.shavei.org\/wp-content\/uploads\/2017\/10\/shavei-logo.jpg","contentUrl":"https:\/\/www.shavei.org\/wp-content\/uploads\/2017\/10\/shavei-logo.jpg","width":300,"height":285,"caption":"Shavei Israel"},"image":{"@id":"https:\/\/www.shavei.org\/#\/schema\/logo\/image\/"}}]}},"campaignId":"","_links":{"self":[{"href":"https:\/\/www.shavei.org\/es\/wp-json\/wp\/v2\/pages\/15925","targetHints":{"allow":["GET"]}}],"collection":[{"href":"https:\/\/www.shavei.org\/es\/wp-json\/wp\/v2\/pages"}],"about":[{"href":"https:\/\/www.shavei.org\/es\/wp-json\/wp\/v2\/types\/page"}],"author":[{"embeddable":true,"href":"https:\/\/www.shavei.org\/es\/wp-json\/wp\/v2\/users\/8"}],"replies":[{"embeddable":true,"href":"https:\/\/www.shavei.org\/es\/wp-json\/wp\/v2\/comments?post=15925"}],"version-history":[{"count":11,"href":"https:\/\/www.shavei.org\/es\/wp-json\/wp\/v2\/pages\/15925\/revisions"}],"predecessor-version":[{"id":32976,"href":"https:\/\/www.shavei.org\/es\/wp-json\/wp\/v2\/pages\/15925\/revisions\/32976"}],"up":[{"embeddable":true,"href":"https:\/\/www.shavei.org\/es\/wp-json\/wp\/v2\/pages\/15694"}],"wp:attachment":[{"href":"https:\/\/www.shavei.org\/es\/wp-json\/wp\/v2\/media?parent=15925"}],"curies":[{"name":"wp","href":"https:\/\/api.w.org\/{rel}","templated":true}]}}