{"id":153134,"date":"2022-05-02T16:41:22","date_gmt":"2022-05-02T14:41:22","guid":{"rendered":"https:\/\/www.shavei.org\/?page_id=153134"},"modified":"2023-06-25T14:05:50","modified_gmt":"2023-06-25T12:05:50","slug":"majon-milton-sp","status":"publish","type":"page","link":"https:\/\/www.shavei.org\/es\/conversion\/majon-milton-sp\/","title":{"rendered":"Maj\u00f3n Milton"},"content":{"rendered":"<div class=\"wpb-content-wrapper\">[vc_row css_animation=\u00bb\u00bb row_type=\u00bbrow\u00bb use_row_as_full_screen_section=\u00bbno\u00bb type=\u00bbfull_width\u00bb angled_section=\u00bbno\u00bb text_align=\u00bbleft\u00bb background_image_as_pattern=\u00bbwithout_pattern\u00bb][vc_column][vc_single_image image=\u00bb165658&#8243; img_size=\u00bblarge\u00bb alignment=\u00bbcenter\u00bb qode_css_animation=\u00bb\u00bb][\/vc_column][\/vc_row][vc_row css_animation=\u00bb\u00bb row_type=\u00bbrow\u00bb use_row_as_full_screen_section=\u00bbno\u00bb type=\u00bbfull_width\u00bb angled_section=\u00bbno\u00bb text_align=\u00bbleft\u00bb background_image_as_pattern=\u00bbwithout_pattern\u00bb css=\u00bb.vc_custom_1662454977856{margin-top: 25px !important;margin-bottom: 25px !important;}\u00bb z_index=\u00bb\u00bb][vc_column width=\u00bb1\/6&#8243;][\/vc_column][vc_column width=\u00bb2\/3&#8243;][vc_video link=\u00bbhttps:\/\/youtu.be\/uED7dhDUybY\u00bb align=\u00bbcenter\u00bb][\/vc_column][vc_column width=\u00bb1\/6&#8243;][\/vc_column][\/vc_row][vc_row css_animation=\u00bb\u00bb row_type=\u00bbrow\u00bb use_row_as_full_screen_section=\u00bbno\u00bb type=\u00bbgrid\u00bb angled_section=\u00bbno\u00bb text_align=\u00bbleft\u00bb background_image_as_pattern=\u00bbwithout_pattern\u00bb css=\u00bb.vc_custom_1641310021219{margin-top: 20px !important;margin-bottom: 20px !important;padding-top: 20px !important;padding-bottom: 20px !important;background-color: #eaeaea !important;}\u00bb z_index=\u00bb\u00bb][vc_column][vc_column_text]RCA Maj\u00f3n Milton es un curso de preparaci\u00f3n para la conversi\u00f3n al idioma ingl\u00e9s en Jerusal\u00e9n, Israel. Est\u00e1 bajo los auspicios del Consejo Rab\u00ednico de Am\u00e9rica en asociaci\u00f3n con Shavei Israel. Los estudiantes del curso pasan un a\u00f1o estudiando juda\u00edsmo, aprendiendo sobre las pr\u00e1cticas jud\u00edas y experimentando el ciclo completo del calendario jud\u00edo. Se ayuda a cada estudiante a encontrar una familia mentora que los ayude a experimentar el Shabat y las festividades jud\u00edas. El curso est\u00e1 aprobado por la Autoridad Nacional de Conversi\u00f3n. Al finalizar el curso, el graduado habr\u00e1 cumplido con los requisitos educativos para la conversi\u00f3n.\r\n\r\n&nbsp;\r\n\r\nEl Director acompa\u00f1ar\u00e1 al graduado al Beit Din de Jerusal\u00e9n (tribunal rab\u00ednico) bajo los auspicios del Gran Rabinato para evaluar su preparaci\u00f3n para someterse a una conversi\u00f3n oficial. La aceptaci\u00f3n para la conversi\u00f3n en esa reuni\u00f3n depender\u00e1 del compromiso del graduado de vivir una vida jud\u00eda plena de acuerdo con lo que ha aprendido en el curso. Si bien la finalizaci\u00f3n del curso es un requisito para la conversi\u00f3n, debe ir acompa\u00f1ada de una observancia personal por parte del graduado. El Director del Curso acompa\u00f1ar\u00e1 a cada candidato a su encuentro con el Beit Din y asistir\u00e1 en todos los aspectos de la preparaci\u00f3n para la conversi\u00f3n.[\/vc_column_text][vc_empty_space][\/vc_column][\/vc_row][vc_row css_animation=\u00bb\u00bb row_type=\u00bbrow\u00bb use_row_as_full_screen_section=\u00bbno\u00bb type=\u00bbfull_width\u00bb angled_section=\u00bbno\u00bb text_align=\u00bbleft\u00bb background_image_as_pattern=\u00bbwithout_pattern\u00bb z_index=\u00bb\u00bb side_padding=\u00bb30%\u00bb css=\u00bb.vc_custom_1641309465372{margin-top: 50px !important;}\u00bb][vc_column width=\u00bb1\/3&#8243; css=\u00bb.vc_custom_1641309514142{margin-right: 10px !important;margin-left: 10px !important;}\u00bb][vc_single_image image=\u00bb146313&#8243; img_size=\u00bbfull\u00bb alignment=\u00bbcenter\u00bb qode_css_animation=\u00bb\u00bb][vc_column_text]\r\n<h3 style=\"text-align: center;\"><strong>DETALLES DEL CURSO<\/strong><\/h3>\r\nEl curso est\u00e1 abierto tanto para hombres como para mujeres. Si la persona que busca la conversi\u00f3n est\u00e1 casada, su esposo o esposa deben asistir al curso con ellos. O si la persona que busca la conversi\u00f3n est\u00e1 comprometida en una relaci\u00f3n, su pareja tambi\u00e9n debe asistir al curso con ellos.\r\n\r\n[\/vc_column_text][\/vc_column][vc_column width=\u00bb1\/3&#8243; css=\u00bb.vc_custom_1641309530385{margin-right: 10px !important;margin-left: 10px !important;}\u00bb][vc_single_image image=\u00bb146331&#8243; img_size=\u00bbfull\u00bb alignment=\u00bbcenter\u00bb qode_css_animation=\u00bb\u00bb][vc_column_text]\r\n<h3 style=\"text-align: center;\"><strong>LOS ESTUDIOS<\/strong><\/h3>\r\nLas clases se llevar\u00e1n a cabo en Jerusal\u00e9n dos veces por semana durante 4 horas cada noche. El curso es de 400 horas y tiene una duraci\u00f3n aproximada de un a\u00f1o.\r\n\r\nLos temas que se cubrir\u00e1n incluyen Halaj\u00e1 (ley jud\u00eda) y tradici\u00f3n, historia jud\u00eda, \u00e9tica, creencias jud\u00edas y pensamiento jud\u00edo.\r\n\r\n[\/vc_column_text][\/vc_column][vc_column width=\u00bb1\/3&#8243; css=\u00bb.vc_custom_1641309542139{margin-right: 10px !important;margin-left: 10px !important;}\u00bb][vc_single_image image=\u00bb146339&#8243; img_size=\u00bbfull\u00bb alignment=\u00bbcenter\u00bb qode_css_animation=\u00bb\u00bb][vc_column_text]\r\n<h3 style=\"text-align: center;\"><strong>REQUISITOS<\/strong><\/h3>\r\n<ul>\r\n \t<li>Ser ciudadano israel\u00ed o<\/li>\r\n \t<li>Haber sido aceptado por la comisi\u00f3n especial del Ministerio del Interior. Ayudaremos en ese proceso. Las siguientes personas pueden esperar ser aceptadas, aunque la decisi\u00f3n no es nuestra:<\/li>\r\n \t<li>Ser elegible para ser ciudadano israel\u00ed con conexi\u00f3n previa a comunidades jud\u00edas<\/li>\r\n \t<li>Estudio previo con un programa de conversi\u00f3n fuera de Israel.<\/li>\r\n<\/ul>\r\n[\/vc_column_text][\/vc_column][\/vc_row][vc_row css_animation=\u00bb\u00bb row_type=\u00bbrow\u00bb use_row_as_full_screen_section=\u00bbno\u00bb type=\u00bbfull_width\u00bb angled_section=\u00bbno\u00bb text_align=\u00bbleft\u00bb background_image_as_pattern=\u00bbwithout_pattern\u00bb][vc_column][vc_empty_space][\/vc_column][\/vc_row][vc_row css_animation=\u00bb\u00bb row_type=\u00bbrow\u00bb use_row_as_full_screen_section=\u00bbno\u00bb type=\u00bbfull_width\u00bb angled_section=\u00bbno\u00bb text_align=\u00bbleft\u00bb background_image_as_pattern=\u00bbwithout_pattern\u00bb][vc_column][vc_separator type=\u00bbnormal\u00bb color=\u00bbrgba(0,0,0,0.29)\u00bb thickness=\u00bb1px\u00bb up=\u00bb10&#8243; down=\u00bb10&#8243;][vc_column_text]\r\n<h2 style=\"text-align: center;\"><span style=\"font-size: 20pt; color: #000000;\"><strong>Staff<\/strong><\/span><\/h2>\r\n[\/vc_column_text][\/vc_column][\/vc_row][vc_row css_animation=\u00bb\u00bb row_type=\u00bbrow\u00bb use_row_as_full_screen_section=\u00bbno\u00bb type=\u00bbfull_width\u00bb angled_section=\u00bbno\u00bb text_align=\u00bbleft\u00bb background_image_as_pattern=\u00bbwithout_pattern\u00bb][vc_column][vc_empty_space][\/vc_column][\/vc_row][vc_row css_animation=\u00bb\u00bb row_type=\u00bbrow\u00bb use_row_as_full_screen_section=\u00bbno\u00bb type=\u00bbfull_width\u00bb angled_section=\u00bbno\u00bb text_align=\u00bbleft\u00bb background_image_as_pattern=\u00bbwithout_pattern\u00bb][vc_column width=\u00bb1\/3&#8243; el_class=\u00bbcolumns\u00bb][vc_single_image image=\u00bb148689&#8243; img_size=\u00bbfull\u00bb alignment=\u00bbcenter\u00bb qode_css_animation=\u00bb\u00bb][vc_column_text]\r\n<h3 style=\"text-align: center;\">Dafna Siegman&nbsp;<\/h3>\r\n[\/vc_column_text][vc_column_text]<strong>Dafna Siegman<\/strong>: es educadora de adultos independiente y especialista en judaica en la Biblioteca Nacional de Israel&#8230;[\/vc_column_text]<div class=\"qode-accordion-holder clearfix qode-toggle qode-initial \">\n\t<h4 class=\"clearfix qode-title-holder\">\n<span class=\"qode-tab-title\">\n\t    <span class=\"qode-tab-title-inner\">\n        See More    <\/span>\n<\/span>\n<span class=\"qode-accordion-mark\">\n    <span class=\"qode-accordion-mark-icon\">\n        <span class=\"icon_plus\"><\/span>\n        <span class=\"icon_minus-06\"><\/span>\n    <\/span>\n<\/span>\n<\/h4>\n<div  class=\"qode-accordion-content \" >\n    <div class=\"qode-accordion-content-inner\">\n        [vc_column_text]\r\n\r\n&#8230;Dafna disfruta ense\u00f1ando a adultos por m\u00e1s de 25 a\u00f1os en diversas instituciones y entornos comunales. Adem\u00e1s, Dafna ha editado curr\u00edculos y proyectos educativos. Dafna realiz\u00f3 un trabajo de doctorado en Historia Jud\u00eda en la Universidad de Columbia.\r\n\r\n[\/vc_column_text]    <\/div>\n<\/div><\/div>[vc_empty_space][\/vc_column][vc_column width=\u00bb1\/3&#8243;][vc_single_image image=\u00bb161070&#8243; img_size=\u00bb150&#215;226&#8243; alignment=\u00bbcenter\u00bb qode_css_animation=\u00bb\u00bb][vc_column_text]\r\n<h3 style=\"text-align: center;\"><strong>Rabbi Reuven Tradburks<\/strong><\/h3>\r\n[\/vc_column_text][vc_column_text]El rabino Reuven Tradburks es el director de Machon Milton, as\u00ed como el director del Consejo Rab\u00ednico de Am\u00e9rica&#8230;[\/vc_column_text]<div class=\"qode-accordion-holder clearfix qode-toggle qode-initial \">\n\t<h4 class=\"clearfix qode-title-holder\">\n<span class=\"qode-tab-title\">\n\t    <span class=\"qode-tab-title-inner\">\n        See More    <\/span>\n<\/span>\n<span class=\"qode-accordion-mark\">\n    <span class=\"qode-accordion-mark-icon\">\n        <span class=\"icon_plus\"><\/span>\n        <span class=\"icon_minus-06\"><\/span>\n    <\/span>\n<\/span>\n<\/h4>\n<div  class=\"qode-accordion-content \" >\n    <div class=\"qode-accordion-content-inner\">\n        [vc_column_text]\r\n\r\n&#8230;en la Regi\u00f3n de Israel. \u00c9l sirvi\u00f3 como rabino congregacional durante 23 a\u00f1os, m\u00e1s recientemente en Toronto, donde tambi\u00e9n fue director del Beit Din de Vaad Harabonim durante 10 a\u00f1os. \u00c9l y su esposa Joyce hicieron ali\u00e1 en 2009 y residen en Jerusal\u00e9n.\r\n\r\n[\/vc_column_text]    <\/div>\n<\/div><\/div>[vc_empty_space][\/vc_column][vc_column width=\u00bb1\/3&#8243;][vc_single_image image=\u00bb167805&#8243; img_size=\u00bb150&#215;226&#8243; alignment=\u00bbcenter\u00bb qode_css_animation=\u00bb\u00bb][vc_column_text]\r\n<h3 style=\"text-align: center;\"><strong>Chaya Castillo<\/strong><\/h3>\r\n[\/vc_column_text][vc_column_text]\r\n\r\nChaya Castillo supervisa y dirige el trabajo de extensi\u00f3n de Shavei Israel a los Bnei Anusim (\u00abMarranos\u00bb) y los jud\u00edos ocultos&#8230;\r\n\r\n[\/vc_column_text]<div class=\"qode-accordion-holder clearfix qode-toggle qode-initial \">\n\t<h4 class=\"clearfix qode-title-holder\">\n<span class=\"qode-tab-title\">\n\t    <span class=\"qode-tab-title-inner\">\n        See More    <\/span>\n<\/span>\n<span class=\"qode-accordion-mark\">\n    <span class=\"qode-accordion-mark-icon\">\n        <span class=\"icon_plus\"><\/span>\n        <span class=\"icon_minus-06\"><\/span>\n    <\/span>\n<\/span>\n<\/h4>\n<div  class=\"qode-accordion-content \" >\n    <div class=\"qode-accordion-content-inner\">\n        [vc_column_text]\r\n\r\n&#8230; de Polonia. Naci\u00f3 y se cri\u00f3 en M\u00e9xico, e hizo Aliy\u00e1 a Israel en 2009. Graduada de Hadassah Academic College Jerusalem, complet\u00f3 una licenciatura en Administraci\u00f3n de Empresas con especialidad en Gesti\u00f3n de Organizaciones de Servicios (Turismo). Tambi\u00e9n particip\u00f3 en varios cursos de estudios jud\u00edos, tradici\u00f3n y coaching de vida.\r\n\r\n[\/vc_column_text]    <\/div>\n<\/div><\/div>[vc_empty_space][\/vc_column][\/vc_row][vc_row css_animation=\u00bb\u00bb row_type=\u00bbrow\u00bb use_row_as_full_screen_section=\u00bbno\u00bb type=\u00bbfull_width\u00bb angled_section=\u00bbno\u00bb text_align=\u00bbleft\u00bb background_image_as_pattern=\u00bbwithout_pattern\u00bb][vc_column][vc_empty_space][\/vc_column][\/vc_row][vc_row css_animation=\u00bb\u00bb row_type=\u00bbrow\u00bb use_row_as_full_screen_section=\u00bbno\u00bb type=\u00bbfull_width\u00bb angled_section=\u00bbno\u00bb text_align=\u00bbleft\u00bb background_image_as_pattern=\u00bbwithout_pattern\u00bb][vc_column width=\u00bb1\/6&#8243;][\/vc_column][vc_column width=\u00bb2\/3&#8243; css=\u00bb.vc_custom_1641309320402{border-top-width: 1px !important;border-right-width: 1px !important;border-bottom-width: 1px !important;border-left-width: 1px !important;padding-top: 20px !important;padding-right: 20px !important;padding-bottom: 20px !important;padding-left: 20px !important;background-color: #fcfcfc !important;border-left-color: #1e73be !important;border-left-style: solid !important;border-right-color: #1e73be !important;border-right-style: solid !important;border-top-color: #1e73be !important;border-top-style: solid !important;border-bottom-color: #1e73be !important;border-bottom-style: solid !important;border-radius: 10px !important;}\u00bb][vc_column_text]\r\n<h3><strong>CONT\u00c1CTENOS<\/strong><\/h3>\r\n&nbsp;\r\n\r\nEstamos aqu\u00ed para ayudar. Para obtener m\u00e1s informaci\u00f3n, comun\u00edquese con el director, el rabino Reuven Tradburks en rtradburks@gmail.com o la oficina de Shavei Israel, <a href=\"mailto:office@shavei.org\">office@shavei.org<\/a> o 02-625-6230\r\n\r\n[\/vc_column_text][\/vc_column][vc_column width=\u00bb1\/6&#8243;][\/vc_column][\/vc_row][vc_row css_animation=\u00bb\u00bb row_type=\u00bbrow\u00bb use_row_as_full_screen_section=\u00bbno\u00bb type=\u00bbfull_width\u00bb angled_section=\u00bbno\u00bb text_align=\u00bbleft\u00bb background_image_as_pattern=\u00bbwithout_pattern\u00bb][vc_column][vc_empty_space height=\u00bb75px\u00bb][\/vc_column][\/vc_row]<!-- \/wp:post-content --><\/div>","protected":false},"excerpt":{"rendered":"<p>[vc_row css_animation=\u00bb\u00bb row_type=\u00bbrow\u00bb use_row_as_full_screen_section=\u00bbno\u00bb type=\u00bbfull_width\u00bb angled_section=\u00bbno\u00bb text_align=\u00bbleft\u00bb background_image_as_pattern=\u00bbwithout_pattern\u00bb][vc_column][vc_single_image image=\u00bb165658&#8243; img_size=\u00bblarge\u00bb alignment=\u00bbcenter\u00bb qode_css_animation=\u00bb\u00bb][\/vc_column][\/vc_row][vc_row css_animation=\u00bb\u00bb row_type=\u00bbrow\u00bb use_row_as_full_screen_section=\u00bbno\u00bb type=\u00bbfull_width\u00bb angled_section=\u00bbno\u00bb text_align=\u00bbleft\u00bb background_image_as_pattern=\u00bbwithout_pattern\u00bb css=\u00bb.vc_custom_1662454977856{margin-top: 25px !important;margin-bottom: 25px !important;}\u00bb z_index=\u00bb\u00bb][vc_column width=\u00bb1\/6&#8243;][\/vc_column][vc_column width=\u00bb2\/3&#8243;][vc_video link=\u00bbhttps:\/\/youtu.be\/uED7dhDUybY\u00bb align=\u00bbcenter\u00bb][\/vc_column][vc_column width=\u00bb1\/6&#8243;][\/vc_column][\/vc_row][vc_row css_animation=\u00bb\u00bb row_type=\u00bbrow\u00bb use_row_as_full_screen_section=\u00bbno\u00bb type=\u00bbgrid\u00bb angled_section=\u00bbno\u00bb text_align=\u00bbleft\u00bb background_image_as_pattern=\u00bbwithout_pattern\u00bb css=\u00bb.vc_custom_1641310021219{margin-top: 20px !important;margin-bottom: 20px !important;padding-top: 20px !important;padding-bottom: 20px&#8230;<\/p>\n","protected":false},"author":31,"featured_media":150883,"parent":154069,"menu_order":0,"comment_status":"open","ping_status":"open","template":"","meta":{"give_campaign_id":0,"_exactmetrics_skip_tracking":false,"_exactmetrics_sitenote_active":false,"_exactmetrics_sitenote_note":"","_exactmetrics_sitenote_category":0,"ngg_post_thumbnail":0,"footnotes":""},"class_list":["post-153134","page","type-page","status-publish","has-post-thumbnail","hentry"],"yoast_head":"<!-- This site is optimized with the Yoast SEO plugin v27.1.1 - https:\/\/yoast.com\/product\/yoast-seo-wordpress\/ -->\n<title>Maj\u00f3n Milton - Shavei Israel<\/title>\n<meta name=\"robots\" content=\"index, follow, max-snippet:-1, max-image-preview:large, max-video-preview:-1\" \/>\n<link rel=\"canonical\" href=\"https:\/\/www.shavei.org\/es\/conversion\/majon-milton-sp\/\" \/>\n<meta property=\"og:locale\" content=\"es_ES\" \/>\n<meta property=\"og:type\" content=\"article\" \/>\n<meta property=\"og:title\" content=\"Maj\u00f3n Milton - Shavei Israel\" \/>\n<meta property=\"og:description\" content=\"[vc_row css_animation=\u00bb\u00bb row_type=\u00bbrow\u00bb use_row_as_full_screen_section=\u00bbno\u00bb type=\u00bbfull_width\u00bb angled_section=\u00bbno\u00bb text_align=\u00bbleft\u00bb background_image_as_pattern=\u00bbwithout_pattern\u00bb][vc_column][vc_single_image image=\u00bb165658&#8243; img_size=\u00bblarge\u00bb alignment=\u00bbcenter\u00bb qode_css_animation=\u00bb\u00bb][\/vc_column][\/vc_row][vc_row css_animation=\u00bb\u00bb row_type=\u00bbrow\u00bb use_row_as_full_screen_section=\u00bbno\u00bb type=\u00bbfull_width\u00bb angled_section=\u00bbno\u00bb text_align=\u00bbleft\u00bb background_image_as_pattern=\u00bbwithout_pattern\u00bb css=\u00bb.vc_custom_1662454977856{margin-top: 25px !important;margin-bottom: 25px !important;}\u00bb z_index=\u00bb\u00bb][vc_column width=\u00bb1\/6&#8243;][\/vc_column][vc_column width=\u00bb2\/3&#8243;][vc_video link=\u00bbhttps:\/\/youtu.be\/uED7dhDUybY\u00bb align=\u00bbcenter\u00bb][\/vc_column][vc_column width=\u00bb1\/6&#8243;][\/vc_column][\/vc_row][vc_row css_animation=\u00bb\u00bb row_type=\u00bbrow\u00bb use_row_as_full_screen_section=\u00bbno\u00bb type=\u00bbgrid\u00bb angled_section=\u00bbno\u00bb text_align=\u00bbleft\u00bb background_image_as_pattern=\u00bbwithout_pattern\u00bb css=\u00bb.vc_custom_1641310021219{margin-top: 20px !important;margin-bottom: 20px !important;padding-top: 20px !important;padding-bottom: 20px...\" \/>\n<meta property=\"og:url\" content=\"https:\/\/www.shavei.org\/es\/conversion\/majon-milton-sp\/\" \/>\n<meta property=\"og:site_name\" content=\"Shavei Israel\" \/>\n<meta property=\"article:modified_time\" content=\"2023-06-25T12:05:50+00:00\" \/>\n<meta property=\"og:image\" content=\"https:\/\/www.shavei.org\/wp-content\/uploads\/2022\/04\/milton_featuredimage.jpg\" \/>\n\t<meta property=\"og:image:width\" content=\"716\" \/>\n\t<meta property=\"og:image:height\" content=\"600\" \/>\n\t<meta property=\"og:image:type\" content=\"image\/jpeg\" \/>\n<meta name=\"twitter:card\" content=\"summary_large_image\" \/>\n<meta name=\"twitter:label1\" content=\"Tiempo de lectura\" \/>\n\t<meta name=\"twitter:data1\" content=\"4 minutos\" \/>\n<script type=\"application\/ld+json\" class=\"yoast-schema-graph\">{\"@context\":\"https:\/\/schema.org\",\"@graph\":[{\"@type\":\"WebPage\",\"@id\":\"https:\/\/www.shavei.org\/es\/conversion\/majon-milton-sp\/\",\"url\":\"https:\/\/www.shavei.org\/es\/conversion\/majon-milton-sp\/\",\"name\":\"Maj\u00f3n Milton - Shavei Israel\",\"isPartOf\":{\"@id\":\"https:\/\/www.shavei.org\/#website\"},\"primaryImageOfPage\":{\"@id\":\"https:\/\/www.shavei.org\/es\/conversion\/majon-milton-sp\/#primaryimage\"},\"image\":{\"@id\":\"https:\/\/www.shavei.org\/es\/conversion\/majon-milton-sp\/#primaryimage\"},\"thumbnailUrl\":\"https:\/\/www.shavei.org\/wp-content\/uploads\/2022\/04\/milton_featuredimage.jpg\",\"datePublished\":\"2022-05-02T14:41:22+00:00\",\"dateModified\":\"2023-06-25T12:05:50+00:00\",\"breadcrumb\":{\"@id\":\"https:\/\/www.shavei.org\/es\/conversion\/majon-milton-sp\/#breadcrumb\"},\"inLanguage\":\"es\",\"potentialAction\":[{\"@type\":\"ReadAction\",\"target\":[\"https:\/\/www.shavei.org\/es\/conversion\/majon-milton-sp\/\"]}]},{\"@type\":\"ImageObject\",\"inLanguage\":\"es\",\"@id\":\"https:\/\/www.shavei.org\/es\/conversion\/majon-milton-sp\/#primaryimage\",\"url\":\"https:\/\/www.shavei.org\/wp-content\/uploads\/2022\/04\/milton_featuredimage.jpg\",\"contentUrl\":\"https:\/\/www.shavei.org\/wp-content\/uploads\/2022\/04\/milton_featuredimage.jpg\",\"width\":716,\"height\":600},{\"@type\":\"BreadcrumbList\",\"@id\":\"https:\/\/www.shavei.org\/es\/conversion\/majon-milton-sp\/#breadcrumb\",\"itemListElement\":[{\"@type\":\"ListItem\",\"position\":1,\"name\":\"Home\",\"item\":\"https:\/\/www.shavei.org\/es\/\"},{\"@type\":\"ListItem\",\"position\":2,\"name\":\"Conversi\u00f3n\",\"item\":\"https:\/\/www.shavei.org\/es\/conversion\/\"},{\"@type\":\"ListItem\",\"position\":3,\"name\":\"Maj\u00f3n Milton\"}]},{\"@type\":\"WebSite\",\"@id\":\"https:\/\/www.shavei.org\/#website\",\"url\":\"https:\/\/www.shavei.org\/\",\"name\":\"Shavei Israel\",\"description\":\"One nation, many faces. We help them all return.\",\"publisher\":{\"@id\":\"https:\/\/www.shavei.org\/#organization\"},\"potentialAction\":[{\"@type\":\"SearchAction\",\"target\":{\"@type\":\"EntryPoint\",\"urlTemplate\":\"https:\/\/www.shavei.org\/?s={search_term_string}\"},\"query-input\":{\"@type\":\"PropertyValueSpecification\",\"valueRequired\":true,\"valueName\":\"search_term_string\"}}],\"inLanguage\":\"es\"},{\"@type\":\"Organization\",\"@id\":\"https:\/\/www.shavei.org\/#organization\",\"name\":\"Shavei Israel\",\"url\":\"https:\/\/www.shavei.org\/\",\"logo\":{\"@type\":\"ImageObject\",\"inLanguage\":\"es\",\"@id\":\"https:\/\/www.shavei.org\/#\/schema\/logo\/image\/\",\"url\":\"https:\/\/www.shavei.org\/wp-content\/uploads\/2017\/10\/shavei-logo.jpg\",\"contentUrl\":\"https:\/\/www.shavei.org\/wp-content\/uploads\/2017\/10\/shavei-logo.jpg\",\"width\":300,\"height\":285,\"caption\":\"Shavei Israel\"},\"image\":{\"@id\":\"https:\/\/www.shavei.org\/#\/schema\/logo\/image\/\"}}]}<\/script>\n<!-- \/ Yoast SEO plugin. -->","yoast_head_json":{"title":"Maj\u00f3n Milton - Shavei Israel","robots":{"index":"index","follow":"follow","max-snippet":"max-snippet:-1","max-image-preview":"max-image-preview:large","max-video-preview":"max-video-preview:-1"},"canonical":"https:\/\/www.shavei.org\/es\/conversion\/majon-milton-sp\/","og_locale":"es_ES","og_type":"article","og_title":"Maj\u00f3n Milton - Shavei Israel","og_description":"[vc_row css_animation=\u00bb\u00bb row_type=\u00bbrow\u00bb use_row_as_full_screen_section=\u00bbno\u00bb type=\u00bbfull_width\u00bb angled_section=\u00bbno\u00bb text_align=\u00bbleft\u00bb background_image_as_pattern=\u00bbwithout_pattern\u00bb][vc_column][vc_single_image image=\u00bb165658&#8243; img_size=\u00bblarge\u00bb alignment=\u00bbcenter\u00bb qode_css_animation=\u00bb\u00bb][\/vc_column][\/vc_row][vc_row css_animation=\u00bb\u00bb row_type=\u00bbrow\u00bb use_row_as_full_screen_section=\u00bbno\u00bb type=\u00bbfull_width\u00bb angled_section=\u00bbno\u00bb text_align=\u00bbleft\u00bb background_image_as_pattern=\u00bbwithout_pattern\u00bb css=\u00bb.vc_custom_1662454977856{margin-top: 25px !important;margin-bottom: 25px !important;}\u00bb z_index=\u00bb\u00bb][vc_column width=\u00bb1\/6&#8243;][\/vc_column][vc_column width=\u00bb2\/3&#8243;][vc_video link=\u00bbhttps:\/\/youtu.be\/uED7dhDUybY\u00bb align=\u00bbcenter\u00bb][\/vc_column][vc_column width=\u00bb1\/6&#8243;][\/vc_column][\/vc_row][vc_row css_animation=\u00bb\u00bb row_type=\u00bbrow\u00bb use_row_as_full_screen_section=\u00bbno\u00bb type=\u00bbgrid\u00bb angled_section=\u00bbno\u00bb text_align=\u00bbleft\u00bb background_image_as_pattern=\u00bbwithout_pattern\u00bb css=\u00bb.vc_custom_1641310021219{margin-top: 20px !important;margin-bottom: 20px !important;padding-top: 20px !important;padding-bottom: 20px...","og_url":"https:\/\/www.shavei.org\/es\/conversion\/majon-milton-sp\/","og_site_name":"Shavei Israel","article_modified_time":"2023-06-25T12:05:50+00:00","og_image":[{"width":716,"height":600,"url":"https:\/\/www.shavei.org\/wp-content\/uploads\/2022\/04\/milton_featuredimage.jpg","type":"image\/jpeg"}],"twitter_card":"summary_large_image","twitter_misc":{"Tiempo de lectura":"4 minutos"},"schema":{"@context":"https:\/\/schema.org","@graph":[{"@type":"WebPage","@id":"https:\/\/www.shavei.org\/es\/conversion\/majon-milton-sp\/","url":"https:\/\/www.shavei.org\/es\/conversion\/majon-milton-sp\/","name":"Maj\u00f3n Milton - Shavei Israel","isPartOf":{"@id":"https:\/\/www.shavei.org\/#website"},"primaryImageOfPage":{"@id":"https:\/\/www.shavei.org\/es\/conversion\/majon-milton-sp\/#primaryimage"},"image":{"@id":"https:\/\/www.shavei.org\/es\/conversion\/majon-milton-sp\/#primaryimage"},"thumbnailUrl":"https:\/\/www.shavei.org\/wp-content\/uploads\/2022\/04\/milton_featuredimage.jpg","datePublished":"2022-05-02T14:41:22+00:00","dateModified":"2023-06-25T12:05:50+00:00","breadcrumb":{"@id":"https:\/\/www.shavei.org\/es\/conversion\/majon-milton-sp\/#breadcrumb"},"inLanguage":"es","potentialAction":[{"@type":"ReadAction","target":["https:\/\/www.shavei.org\/es\/conversion\/majon-milton-sp\/"]}]},{"@type":"ImageObject","inLanguage":"es","@id":"https:\/\/www.shavei.org\/es\/conversion\/majon-milton-sp\/#primaryimage","url":"https:\/\/www.shavei.org\/wp-content\/uploads\/2022\/04\/milton_featuredimage.jpg","contentUrl":"https:\/\/www.shavei.org\/wp-content\/uploads\/2022\/04\/milton_featuredimage.jpg","width":716,"height":600},{"@type":"BreadcrumbList","@id":"https:\/\/www.shavei.org\/es\/conversion\/majon-milton-sp\/#breadcrumb","itemListElement":[{"@type":"ListItem","position":1,"name":"Home","item":"https:\/\/www.shavei.org\/es\/"},{"@type":"ListItem","position":2,"name":"Conversi\u00f3n","item":"https:\/\/www.shavei.org\/es\/conversion\/"},{"@type":"ListItem","position":3,"name":"Maj\u00f3n Milton"}]},{"@type":"WebSite","@id":"https:\/\/www.shavei.org\/#website","url":"https:\/\/www.shavei.org\/","name":"Shavei Israel","description":"One nation, many faces. We help them all return.","publisher":{"@id":"https:\/\/www.shavei.org\/#organization"},"potentialAction":[{"@type":"SearchAction","target":{"@type":"EntryPoint","urlTemplate":"https:\/\/www.shavei.org\/?s={search_term_string}"},"query-input":{"@type":"PropertyValueSpecification","valueRequired":true,"valueName":"search_term_string"}}],"inLanguage":"es"},{"@type":"Organization","@id":"https:\/\/www.shavei.org\/#organization","name":"Shavei Israel","url":"https:\/\/www.shavei.org\/","logo":{"@type":"ImageObject","inLanguage":"es","@id":"https:\/\/www.shavei.org\/#\/schema\/logo\/image\/","url":"https:\/\/www.shavei.org\/wp-content\/uploads\/2017\/10\/shavei-logo.jpg","contentUrl":"https:\/\/www.shavei.org\/wp-content\/uploads\/2017\/10\/shavei-logo.jpg","width":300,"height":285,"caption":"Shavei Israel"},"image":{"@id":"https:\/\/www.shavei.org\/#\/schema\/logo\/image\/"}}]}},"campaignId":"","_links":{"self":[{"href":"https:\/\/www.shavei.org\/es\/wp-json\/wp\/v2\/pages\/153134","targetHints":{"allow":["GET"]}}],"collection":[{"href":"https:\/\/www.shavei.org\/es\/wp-json\/wp\/v2\/pages"}],"about":[{"href":"https:\/\/www.shavei.org\/es\/wp-json\/wp\/v2\/types\/page"}],"author":[{"embeddable":true,"href":"https:\/\/www.shavei.org\/es\/wp-json\/wp\/v2\/users\/31"}],"replies":[{"embeddable":true,"href":"https:\/\/www.shavei.org\/es\/wp-json\/wp\/v2\/comments?post=153134"}],"version-history":[{"count":13,"href":"https:\/\/www.shavei.org\/es\/wp-json\/wp\/v2\/pages\/153134\/revisions"}],"predecessor-version":[{"id":172390,"href":"https:\/\/www.shavei.org\/es\/wp-json\/wp\/v2\/pages\/153134\/revisions\/172390"}],"up":[{"embeddable":true,"href":"https:\/\/www.shavei.org\/es\/wp-json\/wp\/v2\/pages\/154069"}],"wp:featuredmedia":[{"embeddable":true,"href":"https:\/\/www.shavei.org\/es\/wp-json\/wp\/v2\/media\/150883"}],"wp:attachment":[{"href":"https:\/\/www.shavei.org\/es\/wp-json\/wp\/v2\/media?parent=153134"}],"curies":[{"name":"wp","href":"https:\/\/api.w.org\/{rel}","templated":true}]}}